{"id":735349,"date":"2025-08-27T22:46:17","date_gmt":"2025-08-27T19:46:17","guid":{"rendered":"https:\/\/roveyayinevi.com.tr\/index.php\/urun\/50-filozofla-felsefenin-kisa-tarihi\/"},"modified":"2026-04-16T02:43:42","modified_gmt":"2026-04-15T23:43:42","slug":"50-filozofla-felsefenin-kisa-tarihi","status":"publish","type":"product","link":"https:\/\/roveyayinevi.com.tr\/index.php\/urun\/50-filozofla-felsefenin-kisa-tarihi\/","title":{"rendered":"50 Filozofla Felsefenin K\u0131sa Tarihi"},"content":{"rendered":"<p>Hesaba \u00e7ekilmemi\u015f bir hayat ya\u015famaya de\u011fmez. Sokrat   Etikten Metafizi\u011fe, G\u00f6recelikten Postmodernizme, binlerce y\u0131ll\u0131k felsefi d\u00fc\u015f\u00fcncenin elli kilit ak\u0131m\u0131 bu kitapla aya\u011f\u0131n\u0131za geliyor. Klasik d\u00fc\u015f\u00fcn\u00fcrler ve en \u00e7a\u011fda\u015f teorisyenleri tan\u0131yacak; Aristo, Nietzsche, Marx ve Marcuse gibi d\u00fcnyan\u0131n en b\u00fcy\u00fck dehalar\u0131n\u0131n ba\u015far\u0131lar\u0131n\u0131, sanki onlarla ayn\u0131 d\u00f6nemde ya\u015fam\u0131\u015f gibi deneyimleyeceksiniz. <\/p>\n","protected":false},"excerpt":{"rendered":"<p>Hesaba \u00e7ekilmemi\u015f bir hayat ya\u015famaya de\u011fmez. Sokrat Etikten Metafizi\u011fe, G\u00f6recelikten Postmodernizme, binlerce y\u0131ll\u0131k felsefi d\u00fc\u015f\u00fcncenin elli kilit ak\u0131m\u0131 bu kitapla aya\u011f\u0131n\u0131za geliyor. Klasik d\u00fc\u015f\u00fcn\u00fcrler ve en<span class=\"excerpt-hellip\"> [\u2026]<\/span><\/p>\n","protected":false},"featured_media":0,"template":"","meta":{"_monsterinsights_skip_tracking":false,"_monsterinsights_sitenote_active":false,"_monsterinsights_sitenote_note":"","_monsterinsights_sitenote_category":0},"product_brand":[],"product_cat":[12388,14717],"product_tag":[],"class_list":{"0":"post-735349","1":"product","2":"type-product","3":"status-publish","5":"product_cat-felsefe","6":"product_cat-felsefe-tarihi","7":"pa_cilt-ciltsiz","8":"pa_tur-kitap","9":"pa_yayinevi-orenda","10":"pa_yazar-jeremy-stangroom","12":"first","13":"instock","14":"sale","15":"shipping-taxable","16":"purchasable","17":"product-type-simple"},"_links":{"self":[{"href":"https:\/\/roveyayinevi.com.tr\/index.php\/wp-json\/wp\/v2\/product\/735349","targetHints":{"allow":["GET"]}}],"collection":[{"href":"https:\/\/roveyayinevi.com.tr\/index.php\/wp-json\/wp\/v2\/product"}],"about":[{"href":"https:\/\/roveyayinevi.com.tr\/index.php\/wp-json\/wp\/v2\/types\/product"}],"wp:attachment":[{"href":"https:\/\/roveyayinevi.com.tr\/index.php\/wp-json\/wp\/v2\/media?parent=735349"}],"wp:term":[{"taxonomy":"product_brand","embeddable":true,"href":"https:\/\/roveyayinevi.com.tr\/index.php\/wp-json\/wp\/v2\/product_brand?post=735349"},{"taxonomy":"product_cat","embeddable":true,"href":"https:\/\/roveyayinevi.com.tr\/index.php\/wp-json\/wp\/v2\/product_cat?post=735349"},{"taxonomy":"product_tag","embeddable":true,"href":"https:\/\/roveyayinevi.com.tr\/index.php\/wp-json\/wp\/v2\/product_tag?post=735349"}],"curies":[{"name":"wp","href":"https:\/\/api.w.org\/{rel}","templated":true}]}}