{"id":735344,"date":"2025-08-27T22:46:12","date_gmt":"2025-08-27T19:46:12","guid":{"rendered":"https:\/\/roveyayinevi.com.tr\/index.php\/urun\/arkadaslik-dedigin-nedir-charlie-brown\/"},"modified":"2026-04-16T02:43:42","modified_gmt":"2026-04-15T23:43:42","slug":"arkadaslik-dedigin-nedir-charlie-brown","status":"publish","type":"product","link":"https:\/\/roveyayinevi.com.tr\/index.php\/urun\/arkadaslik-dedigin-nedir-charlie-brown\/","title":{"rendered":"Arkada\u015fl\u0131k Dedi\u011fin Nedir, Charlie Brown?"},"content":{"rendered":"<p>A\u015fk ac\u0131s\u0131 nas\u0131l \u00e7ekilir, dost kaz\u0131\u011f\u0131 nedir, hayat\u0131n cilvesiyle kar\u015f\u0131la\u015f\u0131ld\u0131\u011f\u0131nda ne yap\u0131l\u0131r?   Charlie Brown ve arkada\u015flar\u0131 en dikenli konular\u0131 k\u00fc\u00e7\u00fck ve komik (ve bazen huysuz) birer bilge gibi ele al\u0131yor.  Alt\u0131 kitapl\u0131k dizi \u201cBa\u015far\u0131\u201d, \u201cOkul\u201d ve \u201cAile\u201d ba\u015fl\u0131klar\u0131yla s\u00fcrecek.<\/p>\n","protected":false},"excerpt":{"rendered":"<p>A\u015fk ac\u0131s\u0131 nas\u0131l \u00e7ekilir, dost kaz\u0131\u011f\u0131 nedir, hayat\u0131n cilvesiyle kar\u015f\u0131la\u015f\u0131ld\u0131\u011f\u0131nda ne yap\u0131l\u0131r? Charlie Brown ve arkada\u015flar\u0131 en dikenli konular\u0131 k\u00fc\u00e7\u00fck ve komik (ve bazen huysuz) birer<span class=\"excerpt-hellip\"> [\u2026]<\/span><\/p>\n","protected":false},"featured_media":0,"template":"","meta":{"_monsterinsights_skip_tracking":false,"_monsterinsights_sitenote_active":false,"_monsterinsights_sitenote_note":"","_monsterinsights_sitenote_category":0},"product_brand":[],"product_cat":[12416,12291],"product_tag":[],"class_list":{"0":"post-735344","1":"product","2":"type-product","3":"status-publish","5":"product_cat-cizgi-roman","6":"product_cat-edebiyat","7":"pa_cilt-ciltsiz","8":"pa_tur-kitap","9":"pa_yayinevi-mundi","10":"pa_yazar-charles-m-schulz","12":"first","13":"instock","14":"sale","15":"shipping-taxable","16":"purchasable","17":"product-type-simple"},"_links":{"self":[{"href":"https:\/\/roveyayinevi.com.tr\/index.php\/wp-json\/wp\/v2\/product\/735344","targetHints":{"allow":["GET"]}}],"collection":[{"href":"https:\/\/roveyayinevi.com.tr\/index.php\/wp-json\/wp\/v2\/product"}],"about":[{"href":"https:\/\/roveyayinevi.com.tr\/index.php\/wp-json\/wp\/v2\/types\/product"}],"wp:attachment":[{"href":"https:\/\/roveyayinevi.com.tr\/index.php\/wp-json\/wp\/v2\/media?parent=735344"}],"wp:term":[{"taxonomy":"product_brand","embeddable":true,"href":"https:\/\/roveyayinevi.com.tr\/index.php\/wp-json\/wp\/v2\/product_brand?post=735344"},{"taxonomy":"product_cat","embeddable":true,"href":"https:\/\/roveyayinevi.com.tr\/index.php\/wp-json\/wp\/v2\/product_cat?post=735344"},{"taxonomy":"product_tag","embeddable":true,"href":"https:\/\/roveyayinevi.com.tr\/index.php\/wp-json\/wp\/v2\/product_tag?post=735344"}],"curies":[{"name":"wp","href":"https:\/\/api.w.org\/{rel}","templated":true}]}}