{"id":735343,"date":"2025-08-27T22:46:11","date_gmt":"2025-08-27T19:46:11","guid":{"rendered":"https:\/\/roveyayinevi.com.tr\/index.php\/urun\/tehlikeli-tirmanis\/"},"modified":"2026-04-16T02:43:42","modified_gmt":"2026-04-15T23:43:42","slug":"tehlikeli-tirmanis","status":"publish","type":"product","link":"https:\/\/roveyayinevi.com.tr\/index.php\/urun\/tehlikeli-tirmanis\/","title":{"rendered":"Tehlikeli T\u0131rman\u0131\u015f"},"content":{"rendered":"<p>\u201c23 May\u0131s 2019 tarihinde, Everest\u2019in zirvesine ula\u015fabilen birka\u00e7 bin \u015fansl\u0131 insandan biri oldum. D\u00fcnyan\u0131n en y\u00fcksek da\u011f\u0131n\u0131n zirvesinde durmak, do\u011fan\u0131n hayranl\u0131k uyand\u0131ran kuvvetine \u015fahit olmak insana kibrini unutturan bir tecr\u00fcbe.   Everest\u2019e t\u0131rmanmak istememin birka\u00e7 sebebi vard\u0131: iklim de\u011fi\u015fikli\u011finin y\u0131k\u0131c\u0131 etkisini g\u00f6stermek i\u00e7in \u00e7evresel konulara odaklanmak, insanlara \u00f6rnek olmak ve kar\u015f\u0131la\u015ft\u0131\u011f\u0131m\u0131z problemlere pratik \u00e7\u00f6z\u00fcmler aramak.   Yapt\u0131\u011f\u0131m yolculukla, do\u011faya verdi\u011fimiz zarar\u0131 g\u00f6zler \u00f6n\u00fcne sermek, kaleme ald\u0131\u011f\u0131m bu kitapta ise hem zirveye \u00e7\u0131karken kar\u015f\u0131la\u015ft\u0131\u011f\u0131m zorluklar\u0131 hem de gezegenimizi ve insanl\u0131\u011f\u0131n gelece\u011fini koruma konusunda hepimizin kar\u015f\u0131la\u015ft\u0131\u011f\u0131 zorluklar\u0131 anlatmak istedim.\u201d Hakan Bulgurlu <\/p>\n","protected":false},"excerpt":{"rendered":"<p>\u201c23 May\u0131s 2019 tarihinde, Everest\u2019in zirvesine ula\u015fabilen birka\u00e7 bin \u015fansl\u0131 insandan biri oldum. D\u00fcnyan\u0131n en y\u00fcksek da\u011f\u0131n\u0131n zirvesinde durmak, do\u011fan\u0131n hayranl\u0131k uyand\u0131ran kuvvetine \u015fahit olmak insana<span class=\"excerpt-hellip\"> [\u2026]<\/span><\/p>\n","protected":false},"featured_media":0,"template":"","meta":{"_monsterinsights_skip_tracking":false,"_monsterinsights_sitenote_active":false,"_monsterinsights_sitenote_note":"","_monsterinsights_sitenote_category":0},"product_brand":[],"product_cat":[23323,12364],"product_tag":[],"class_list":{"0":"post-735343","1":"product","2":"type-product","3":"status-publish","5":"product_cat-ekoloji","6":"product_cat-genel-konular","7":"pa_cilt-ciltsiz","8":"pa_tur-kitap","9":"pa_yayinevi-mundi","10":"pa_yazar-hakan-bulgurlu","12":"first","13":"instock","14":"sale","15":"shipping-taxable","16":"purchasable","17":"product-type-simple"},"_links":{"self":[{"href":"https:\/\/roveyayinevi.com.tr\/index.php\/wp-json\/wp\/v2\/product\/735343","targetHints":{"allow":["GET"]}}],"collection":[{"href":"https:\/\/roveyayinevi.com.tr\/index.php\/wp-json\/wp\/v2\/product"}],"about":[{"href":"https:\/\/roveyayinevi.com.tr\/index.php\/wp-json\/wp\/v2\/types\/product"}],"wp:attachment":[{"href":"https:\/\/roveyayinevi.com.tr\/index.php\/wp-json\/wp\/v2\/media?parent=735343"}],"wp:term":[{"taxonomy":"product_brand","embeddable":true,"href":"https:\/\/roveyayinevi.com.tr\/index.php\/wp-json\/wp\/v2\/product_brand?post=735343"},{"taxonomy":"product_cat","embeddable":true,"href":"https:\/\/roveyayinevi.com.tr\/index.php\/wp-json\/wp\/v2\/product_cat?post=735343"},{"taxonomy":"product_tag","embeddable":true,"href":"https:\/\/roveyayinevi.com.tr\/index.php\/wp-json\/wp\/v2\/product_tag?post=735343"}],"curies":[{"name":"wp","href":"https:\/\/api.w.org\/{rel}","templated":true}]}}