{"id":735342,"date":"2025-08-27T22:46:11","date_gmt":"2025-08-27T19:46:11","guid":{"rendered":"https:\/\/roveyayinevi.com.tr\/index.php\/urun\/kira-sozlesmelerine-dayali-tarimsal-faaliyetlerin-muhasebelestirilmesi\/"},"modified":"2026-04-16T02:43:42","modified_gmt":"2026-04-15T23:43:42","slug":"kira-sozlesmelerine-dayali-tarimsal-faaliyetlerin-muhasebelestirilmesi","status":"publish","type":"product","link":"https:\/\/roveyayinevi.com.tr\/index.php\/urun\/kira-sozlesmelerine-dayali-tarimsal-faaliyetlerin-muhasebelestirilmesi\/","title":{"rendered":"Kira S\u00f6zle\u015fmelerine Dayal\u0131 Tar\u0131msal Faaliyetlerin Muhasebele\u015ftirilmesi"},"content":{"rendered":"<p>1.      TARIM, TARIM \u0130\u015eLETMELER\u0130 VE TARIMSAL FAAL\u0130YETLER 2.      TARIMSAL FAAL\u0130YET MUHASEBES\u0130NE GENEL B\u0130R BAKI\u015e 3.      VERG\u0130 USUL KANUNU\u2019NA G\u00d6RE TARIM \u00dcR\u00dcNLER\u0130N\u0130 VERG\u0130LEME VE MUHASEBELE\u015eT\u0130RME \u00d6ZELL\u0130KLER\u0130 4.      BOB\u0130 FRS\u2019YE G\u00d6RE TARIM \u00dcR\u00dcNLER\u0130N\u0130N MUHASEBELE\u015eT\u0130R\u0130LMES\u0130 \u00d6ZELL\u0130KLER\u0130 5.      K\u0130RA S\u00d6ZLE\u015eMELER\u0130NE DAYALI TARIMSAL FAAL\u0130YETLER\u0130N BOB\u0130 FRS VE VERG\u0130 MEVZUATINA G\u00d6RE MUHASEBE \u00d6ZELL\u0130KLER\u0130 VE MUHASEBE KAYITLARI 6.      K\u0130RA S\u00d6ZLE\u015eMES\u0130NE DAYALI MEYVEC\u0130L\u0130K SEKT\u00d6R\u00dcNE Y\u00d6NEL\u0130K B\u0130R \u00d6RNEK UYGULAMA: BOB\u0130 FRS VE VUK KAR\u015eILA\u015eTIRILMASI 7.      SONU\u00c7 <\/p>\n","protected":false},"excerpt":{"rendered":"<p>1. TARIM, TARIM \u0130\u015eLETMELER\u0130 VE TARIMSAL FAAL\u0130YETLER 2. TARIMSAL FAAL\u0130YET MUHASEBES\u0130NE GENEL B\u0130R BAKI\u015e 3. VERG\u0130 USUL KANUNU\u2019NA G\u00d6RE TARIM \u00dcR\u00dcNLER\u0130N\u0130 VERG\u0130LEME VE MUHASEBELE\u015eT\u0130RME \u00d6ZELL\u0130KLER\u0130 4.<span class=\"excerpt-hellip\"> [\u2026]<\/span><\/p>\n","protected":false},"featured_media":0,"template":"","meta":{"_monsterinsights_skip_tracking":false,"_monsterinsights_sitenote_active":false,"_monsterinsights_sitenote_note":"","_monsterinsights_sitenote_category":0},"product_brand":[],"product_cat":[13043,14381],"product_tag":[],"class_list":{"0":"post-735342","1":"product","2":"type-product","3":"status-publish","5":"product_cat-ekonomi","6":"product_cat-isletme-muhasebe-maliye","7":"pa_cilt-ciltsiz","8":"pa_tur-kitap","9":"pa_yayinevi-gazi-kitabevi","10":"pa_yazar-burak-eroglu","12":"first","13":"instock","14":"sale","15":"shipping-taxable","16":"purchasable","17":"product-type-simple"},"_links":{"self":[{"href":"https:\/\/roveyayinevi.com.tr\/index.php\/wp-json\/wp\/v2\/product\/735342","targetHints":{"allow":["GET"]}}],"collection":[{"href":"https:\/\/roveyayinevi.com.tr\/index.php\/wp-json\/wp\/v2\/product"}],"about":[{"href":"https:\/\/roveyayinevi.com.tr\/index.php\/wp-json\/wp\/v2\/types\/product"}],"wp:attachment":[{"href":"https:\/\/roveyayinevi.com.tr\/index.php\/wp-json\/wp\/v2\/media?parent=735342"}],"wp:term":[{"taxonomy":"product_brand","embeddable":true,"href":"https:\/\/roveyayinevi.com.tr\/index.php\/wp-json\/wp\/v2\/product_brand?post=735342"},{"taxonomy":"product_cat","embeddable":true,"href":"https:\/\/roveyayinevi.com.tr\/index.php\/wp-json\/wp\/v2\/product_cat?post=735342"},{"taxonomy":"product_tag","embeddable":true,"href":"https:\/\/roveyayinevi.com.tr\/index.php\/wp-json\/wp\/v2\/product_tag?post=735342"}],"curies":[{"name":"wp","href":"https:\/\/api.w.org\/{rel}","templated":true}]}}