{"id":735341,"date":"2025-08-27T22:46:09","date_gmt":"2025-08-27T19:46:09","guid":{"rendered":"https:\/\/roveyayinevi.com.tr\/index.php\/urun\/yuregimin-sesi-yeter-bana\/"},"modified":"2026-04-16T02:43:41","modified_gmt":"2026-04-15T23:43:41","slug":"yuregimin-sesi-yeter-bana","status":"publish","type":"product","link":"https:\/\/roveyayinevi.com.tr\/index.php\/urun\/yuregimin-sesi-yeter-bana\/","title":{"rendered":"Y\u00fcre\u011fimin Sesi Yeter Bana"},"content":{"rendered":"<p>Asl\u0131nda ; Hepimiz ayn\u0131 \u015feyi istiyoruz ve bekliyoruz. Ne mi? Bir yudum sevgiyi, sayg\u0131y\u0131 SEVG\u0130 s\u00f6zc\u00fc\u011f\u00fcn\u00fc, g\u00fczel s\u00f6zc\u00fckleri \u00e7ok g\u00f6r\u00fcyoruz, bazen okuyoruz. Ama ego mudur nedir, sevgi s\u00f6zc\u00fc\u011f\u00fcn\u00fc kullanm\u0131yoruz, sayg\u0131y\u0131 bilmiyoruz. PAYLA\u015eMAK zaten hak getire, onu da bilmiyoruz. Nedir \u00f6yleyse? Ne istiyoruz birbirimizden? Beklentimiz ne bu ya\u015famdan? Birbirimize can, yolda\u015f, arkada\u015f, karde\u015f olamad\u0131\u011f\u0131m\u0131z, birbirimize ihanet etti\u011fimiz s\u00fcrece neyi bekliyoruz? Neyin pe\u015findeyiz? Hepimiz ayn\u0131 \u015feyi diliyoruz. UMUTLA bekliyoruz. Ama hep kar\u015f\u0131dan&#8230; &#8230; <\/p>\n","protected":false},"excerpt":{"rendered":"<p>Asl\u0131nda ; Hepimiz ayn\u0131 \u015feyi istiyoruz ve bekliyoruz. Ne mi? Bir yudum sevgiyi, sayg\u0131y\u0131 SEVG\u0130 s\u00f6zc\u00fc\u011f\u00fcn\u00fc, g\u00fczel s\u00f6zc\u00fckleri \u00e7ok g\u00f6r\u00fcyoruz, bazen okuyoruz. Ama ego mudur nedir,<span class=\"excerpt-hellip\"> [\u2026]<\/span><\/p>\n","protected":false},"featured_media":0,"template":"","meta":{"_monsterinsights_skip_tracking":false,"_monsterinsights_sitenote_active":false,"_monsterinsights_sitenote_note":"","_monsterinsights_sitenote_category":0},"product_brand":[],"product_cat":[12291,12509],"product_tag":[],"class_list":{"0":"post-735341","1":"product","2":"type-product","3":"status-publish","5":"product_cat-edebiyat","6":"product_cat-siir","7":"pa_cilt-ciltsiz","8":"pa_tur-kitap","9":"pa_yayinevi-gulnar-yayinlari","10":"pa_yazar-ferhan-yesil","12":"first","13":"instock","14":"sale","15":"shipping-taxable","16":"purchasable","17":"product-type-simple"},"_links":{"self":[{"href":"https:\/\/roveyayinevi.com.tr\/index.php\/wp-json\/wp\/v2\/product\/735341","targetHints":{"allow":["GET"]}}],"collection":[{"href":"https:\/\/roveyayinevi.com.tr\/index.php\/wp-json\/wp\/v2\/product"}],"about":[{"href":"https:\/\/roveyayinevi.com.tr\/index.php\/wp-json\/wp\/v2\/types\/product"}],"wp:attachment":[{"href":"https:\/\/roveyayinevi.com.tr\/index.php\/wp-json\/wp\/v2\/media?parent=735341"}],"wp:term":[{"taxonomy":"product_brand","embeddable":true,"href":"https:\/\/roveyayinevi.com.tr\/index.php\/wp-json\/wp\/v2\/product_brand?post=735341"},{"taxonomy":"product_cat","embeddable":true,"href":"https:\/\/roveyayinevi.com.tr\/index.php\/wp-json\/wp\/v2\/product_cat?post=735341"},{"taxonomy":"product_tag","embeddable":true,"href":"https:\/\/roveyayinevi.com.tr\/index.php\/wp-json\/wp\/v2\/product_tag?post=735341"}],"curies":[{"name":"wp","href":"https:\/\/api.w.org\/{rel}","templated":true}]}}