{"id":735338,"date":"2025-08-27T22:46:06","date_gmt":"2025-08-27T19:46:06","guid":{"rendered":"https:\/\/roveyayinevi.com.tr\/index.php\/urun\/cimri-7\/"},"modified":"2026-04-03T02:50:20","modified_gmt":"2026-04-02T23:50:20","slug":"cimri-7","status":"publish","type":"product","link":"https:\/\/roveyayinevi.com.tr\/index.php\/urun\/cimri-7\/","title":{"rendered":"Cimri"},"content":{"rendered":"<p>Cimri (L\u2019Avare); Frans\u0131z komedi yazar\u0131 Moli\u00e8re taraf\u0131ndan 1668 y\u0131l\u0131nda yaz\u0131lm\u0131\u015f 5 perdelik bir oyundur. Moli\u00e8re, Cimri adl\u0131 eserinde, Paris burjuvas\u0131n\u0131n para tutkusunu \u00f6ne \u00e7\u0131karmaya \u00e7al\u0131\u015fmak istemi\u015ftir. Parisli zenginlerin, para h\u0131rslar\u0131 \u00fczerine yaz\u0131lm\u0131\u015f olan oyun, kara mizah \u015feklindeki a\u011f\u0131r bir hicivdir.  Para kar\u015f\u0131s\u0131nda \u00f6zg\u00fcrl\u00fc\u011f\u00fcn\u00fc yitirip kendisine bile yabanc\u0131la\u015fan insanlar konu edinir.  Harpagon karakteri de; cimri bir adam\u0131n para h\u0131rs\u0131 y\u00fcz\u00fcnden d\u00fc\u015ft\u00fc\u011f\u00fc g\u00fcl\u00fcn\u00e7 durumlar\u0131 biraz da ders \u00e7\u0131kar\u0131lacak \u015fekilde anlatmaktad\u0131r. 1668 y\u0131l\u0131nda PalaisRoyal\u2019de oynanan ilk oyundur ve Moli\u00e8re bu ilk sahnede HArpagon rol\u00fcn\u00fc oynam\u0131\u015ft\u0131r. Cimri; T\u00fcrk Edebiyat\u0131\u2019na \u00e7evrilen ve adaptesi yap\u0131lan ilk bat\u0131l\u0131 eserlerden biridi. <\/p>\n","protected":false},"excerpt":{"rendered":"<p>Cimri (L\u2019Avare); Frans\u0131z komedi yazar\u0131 Moli\u00e8re taraf\u0131ndan 1668 y\u0131l\u0131nda yaz\u0131lm\u0131\u015f 5 perdelik bir oyundur. Moli\u00e8re, Cimri adl\u0131 eserinde, Paris burjuvas\u0131n\u0131n para tutkusunu \u00f6ne \u00e7\u0131karmaya \u00e7al\u0131\u015fmak istemi\u015ftir.<span class=\"excerpt-hellip\"> [\u2026]<\/span><\/p>\n","protected":false},"featured_media":0,"template":"","meta":{"_monsterinsights_skip_tracking":false,"_monsterinsights_sitenote_active":false,"_monsterinsights_sitenote_note":"","_monsterinsights_sitenote_category":0},"product_brand":[],"product_cat":[12291,12711],"product_tag":[],"class_list":{"0":"post-735338","1":"product","2":"type-product","3":"status-publish","5":"product_cat-edebiyat","6":"product_cat-roman-oyku","7":"pa_cilt-ciltsiz","8":"pa_tur-kitap","9":"pa_yayinevi-fark-yayinlari","10":"pa_yazar-moliere","12":"first","13":"instock","14":"sale","15":"shipping-taxable","16":"purchasable","17":"product-type-simple"},"_links":{"self":[{"href":"https:\/\/roveyayinevi.com.tr\/index.php\/wp-json\/wp\/v2\/product\/735338","targetHints":{"allow":["GET"]}}],"collection":[{"href":"https:\/\/roveyayinevi.com.tr\/index.php\/wp-json\/wp\/v2\/product"}],"about":[{"href":"https:\/\/roveyayinevi.com.tr\/index.php\/wp-json\/wp\/v2\/types\/product"}],"wp:attachment":[{"href":"https:\/\/roveyayinevi.com.tr\/index.php\/wp-json\/wp\/v2\/media?parent=735338"}],"wp:term":[{"taxonomy":"product_brand","embeddable":true,"href":"https:\/\/roveyayinevi.com.tr\/index.php\/wp-json\/wp\/v2\/product_brand?post=735338"},{"taxonomy":"product_cat","embeddable":true,"href":"https:\/\/roveyayinevi.com.tr\/index.php\/wp-json\/wp\/v2\/product_cat?post=735338"},{"taxonomy":"product_tag","embeddable":true,"href":"https:\/\/roveyayinevi.com.tr\/index.php\/wp-json\/wp\/v2\/product_tag?post=735338"}],"curies":[{"name":"wp","href":"https:\/\/api.w.org\/{rel}","templated":true}]}}