{"id":735335,"date":"2025-08-27T22:46:02","date_gmt":"2025-08-27T19:46:02","guid":{"rendered":"https:\/\/roveyayinevi.com.tr\/index.php\/urun\/kibarlik-budalasi-4\/"},"modified":"2026-04-16T02:43:41","modified_gmt":"2026-04-15T23:43:41","slug":"kibarlik-budalasi-4","status":"publish","type":"product","link":"https:\/\/roveyayinevi.com.tr\/index.php\/urun\/kibarlik-budalasi-4\/","title":{"rendered":"Kibarl\u0131k Budalas\u0131"},"content":{"rendered":"<p>Kibarl\u0131k Budalas\u0131, ( Le BourgeoisGentilhomme) Moli\u00e8re\u2019inoyun ile baleyi kar\u0131\u015ft\u0131rarak yazd\u0131\u011f\u0131, be\u015f perdelik, seyirlik bir tiyatro oyunudur. Bu oyunun yaz\u0131lmas\u0131n\u0131, XIV. Louis istemi\u015ftir. Moli\u00e8re bu oyununun ilk temsilini 14 Ekim 1670 y\u0131l\u0131nda, Fransa Kral\u0131 XIV. Louis\u2019in \u00f6n\u00fcnde yapm\u0131\u015ft\u0131r.  Moli\u00e8re; oyunun ba\u015f karakteri olan \u201cM\u00f6sy\u00f6 Jourdain\u201d rol\u00fcn\u00fc canland\u0131rm\u0131\u015ft\u0131r. 1670 y\u0131l\u0131nda kaleme al\u0131nan bu oyun; g\u00fclmece t\u00fcr\u00fcnde olup, ba\u015fta Paris olmak \u00fczere,  Fransa\u2019n\u0131n bir \u00e7ok b\u00f6lgesinde ya\u015fanan; hem sosyal alanda asilzadeli\u011fe y\u00fckselmeye \u00e7al\u0131\u015fan burjuva s\u0131n\u0131f\u0131n\u0131, hem de \u00e7evrelerinde kendileri gibi olmayan insanlar\u0131 hor g\u00f6ren asilzade s\u0131n\u0131f\u0131n\u0131 hiciv etmektedir. Her ne kadar oyun nesir olarak yaz\u0131lsa da bale k\u0131s\u0131mlar\u0131n\u0131n ba\u015flar\u0131nda \u015fiir t\u00fcr\u00fcne de ge\u00e7i\u015fler yap\u0131lm\u0131\u015ft\u0131r. Varl\u0131kl\u0131 bir orta s\u0131n\u0131f adam\u0131 olan M\u00f6sy\u00f6 Jourdain\u2019in tek hedefi bir asilzade olmakt\u0131r. Soylular\u0131n bulundu\u011fu stat\u00fcye ge\u00e7mek i\u00e7in elinden geleni yapar. Ayr\u0131ca, hedeflerinin aras\u0131nda; soylu ve dul bir kad\u0131n olan Markiz\u2019i ba\u015ftan \u00e7\u0131kar\u0131rken, ayn\u0131 zamanda k\u0131z\u0131n\u0131 da bir asilzade ile evlendirmektir. Olaylar Jourdain, dostu Kont, kar\u0131s\u0131, k\u0131z\u0131 ve hizmet\u00e7isi aras\u0131nda, g\u00fcl\u00fcn\u00e7 bir \u015fekilde meydana gelmektedir. <\/p>\n","protected":false},"excerpt":{"rendered":"<p>Kibarl\u0131k Budalas\u0131, ( Le BourgeoisGentilhomme) Moli\u00e8re\u2019inoyun ile baleyi kar\u0131\u015ft\u0131rarak yazd\u0131\u011f\u0131, be\u015f perdelik, seyirlik bir tiyatro oyunudur. Bu oyunun yaz\u0131lmas\u0131n\u0131, XIV. Louis istemi\u015ftir. Moli\u00e8re bu oyununun ilk<span class=\"excerpt-hellip\"> [\u2026]<\/span><\/p>\n","protected":false},"featured_media":0,"template":"","meta":{"_monsterinsights_skip_tracking":false,"_monsterinsights_sitenote_active":false,"_monsterinsights_sitenote_note":"","_monsterinsights_sitenote_category":0},"product_brand":[],"product_cat":[12291,12711],"product_tag":[],"class_list":{"0":"post-735335","1":"product","2":"type-product","3":"status-publish","5":"product_cat-edebiyat","6":"product_cat-roman-oyku","7":"pa_cilt-ciltsiz","8":"pa_tur-kitap","9":"pa_yayinevi-fark-yayinlari","10":"pa_yazar-moliere","12":"first","13":"instock","14":"sale","15":"shipping-taxable","16":"purchasable","17":"product-type-simple"},"_links":{"self":[{"href":"https:\/\/roveyayinevi.com.tr\/index.php\/wp-json\/wp\/v2\/product\/735335","targetHints":{"allow":["GET"]}}],"collection":[{"href":"https:\/\/roveyayinevi.com.tr\/index.php\/wp-json\/wp\/v2\/product"}],"about":[{"href":"https:\/\/roveyayinevi.com.tr\/index.php\/wp-json\/wp\/v2\/types\/product"}],"wp:attachment":[{"href":"https:\/\/roveyayinevi.com.tr\/index.php\/wp-json\/wp\/v2\/media?parent=735335"}],"wp:term":[{"taxonomy":"product_brand","embeddable":true,"href":"https:\/\/roveyayinevi.com.tr\/index.php\/wp-json\/wp\/v2\/product_brand?post=735335"},{"taxonomy":"product_cat","embeddable":true,"href":"https:\/\/roveyayinevi.com.tr\/index.php\/wp-json\/wp\/v2\/product_cat?post=735335"},{"taxonomy":"product_tag","embeddable":true,"href":"https:\/\/roveyayinevi.com.tr\/index.php\/wp-json\/wp\/v2\/product_tag?post=735335"}],"curies":[{"name":"wp","href":"https:\/\/api.w.org\/{rel}","templated":true}]}}