{"id":735333,"date":"2025-08-27T22:46:00","date_gmt":"2025-08-27T19:46:00","guid":{"rendered":"https:\/\/roveyayinevi.com.tr\/index.php\/urun\/acayip-bir-mert\/"},"modified":"2026-04-16T02:43:41","modified_gmt":"2026-04-15T23:43:41","slug":"acayip-bir-mert","status":"publish","type":"product","link":"https:\/\/roveyayinevi.com.tr\/index.php\/urun\/acayip-bir-mert\/","title":{"rendered":"Acayip Bir Mert"},"content":{"rendered":"<p>Okyanusun ortas\u0131nda; uzayan harflerle, kocaman hecelerle bo\u011fu\u015fan bir \u00e7ocuk kaptan\u0131n hik\u00e2yesi\u2026 Okyanusun ortas\u0131nda; uzayan harflerle, kocaman hecelerle bo\u011fu\u015fan bir \u00e7ocuk kaptan\u0131n hik\u00e2yesi\u2026     \u201cBen acayip bir \u00e7ocug\u0306um. \u00d6yle deg\u0306il mi?\u201d Birden oluverdi. Birden s\u00f6yleyiverdi. Bu ger\u00e7ekten olmus\u0327 muydu? \u00c7ok utan\u0131yordu. G\u00f6zlerini l\u00fclelerinin arkas\u0131na saklad\u0131. \u201cEvet, sen \u00e7ok acayipsin.\u201d dedi babas\u0131. \u201cSen acayip g\u00fczel resim \u00e7iziyorsun!\u201d \u201cAcayip iyi bisiklet biniyorsun!\u201d \u201cAcayip sevgi dolu bir \u00e7ocuksun!\u201d \u201cHatta acayip komiksin, beni \u00e7ok g\u00fcld\u00fcr\u00fcyorsun!\u201d \u201cAcayip g\u00fc\u00e7l\u00fcs\u00fcn, sar\u0131l\u0131nca beni d\u00fcs\u0327\u00fcr\u00fcyorsun.\u201d diye ekledi annesi \u201cPekiii,\u201d dedi Mert, \u201cAcayip de tembel miyim?\u201d<\/p>\n","protected":false},"excerpt":{"rendered":"<p>Okyanusun ortas\u0131nda; uzayan harflerle, kocaman hecelerle bo\u011fu\u015fan bir \u00e7ocuk kaptan\u0131n hik\u00e2yesi\u2026 Okyanusun ortas\u0131nda; uzayan harflerle, kocaman hecelerle bo\u011fu\u015fan bir \u00e7ocuk kaptan\u0131n hik\u00e2yesi\u2026 \u201cBen acayip bir \u00e7ocug\u0306um.<span class=\"excerpt-hellip\"> [\u2026]<\/span><\/p>\n","protected":false},"featured_media":0,"template":"","meta":{"_monsterinsights_skip_tracking":false,"_monsterinsights_sitenote_active":false,"_monsterinsights_sitenote_note":"","_monsterinsights_sitenote_category":0},"product_brand":[],"product_cat":[12275,12274],"product_tag":[],"class_list":{"0":"post-735333","1":"product","2":"type-product","3":"status-publish","5":"product_cat-6-12-yas-kitaplari","6":"product_cat-cocuk-ve-genclik-kitaplari","7":"pa_cilt-ciltsiz","8":"pa_tur-kitap","9":"pa_yayinevi-hayykitap","10":"pa_yazar-necmiye-tortop","12":"first","13":"instock","14":"sale","15":"shipping-taxable","16":"purchasable","17":"product-type-simple"},"_links":{"self":[{"href":"https:\/\/roveyayinevi.com.tr\/index.php\/wp-json\/wp\/v2\/product\/735333","targetHints":{"allow":["GET"]}}],"collection":[{"href":"https:\/\/roveyayinevi.com.tr\/index.php\/wp-json\/wp\/v2\/product"}],"about":[{"href":"https:\/\/roveyayinevi.com.tr\/index.php\/wp-json\/wp\/v2\/types\/product"}],"wp:attachment":[{"href":"https:\/\/roveyayinevi.com.tr\/index.php\/wp-json\/wp\/v2\/media?parent=735333"}],"wp:term":[{"taxonomy":"product_brand","embeddable":true,"href":"https:\/\/roveyayinevi.com.tr\/index.php\/wp-json\/wp\/v2\/product_brand?post=735333"},{"taxonomy":"product_cat","embeddable":true,"href":"https:\/\/roveyayinevi.com.tr\/index.php\/wp-json\/wp\/v2\/product_cat?post=735333"},{"taxonomy":"product_tag","embeddable":true,"href":"https:\/\/roveyayinevi.com.tr\/index.php\/wp-json\/wp\/v2\/product_tag?post=735333"}],"curies":[{"name":"wp","href":"https:\/\/api.w.org\/{rel}","templated":true}]}}