{"id":735332,"date":"2025-08-27T22:45:59","date_gmt":"2025-08-27T19:45:59","guid":{"rendered":"https:\/\/roveyayinevi.com.tr\/index.php\/urun\/kurtulus-3\/"},"modified":"2026-04-16T02:43:41","modified_gmt":"2026-04-15T23:43:41","slug":"kurtulus-3","status":"publish","type":"product","link":"https:\/\/roveyayinevi.com.tr\/index.php\/urun\/kurtulus-3\/","title":{"rendered":"Kurtulu\u015f"},"content":{"rendered":"<p>Hepsi hayatta kalmak i\u00e7indi\u2026   Be\u015f ya\u015f\u0131nda k\u00fc\u00e7\u00fcc\u00fck bir beden kanserin pen\u00e7esine yakalanm\u0131\u015f, yava\u015f yava\u015f ona teslim olmaktad\u0131r. 1980\u2019li y\u0131llar\u0131n ikinci yar\u0131s\u0131&#8230; T\u0131p, teknoloji bug\u00fcnk\u00fc kadar geli\u015fmi\u015f de\u011fil. \u00dcstelik G\u00fcneydo\u011fu Anadolu B\u00f6lgesi\u2019ndeyseniz, \u00fcstelik bir kasabada \u00e7ok s\u0131n\u0131rl\u0131 imk\u00e2nlarla ya\u015fayan bir anne babaysan\u0131z, evlad\u0131n\u0131z\u0131 bu amans\u0131z pen\u00e7eden nas\u0131l kurtaracaks\u0131n\u0131z?   Mehmet Gani Bey ve Miyase Han\u0131m, yaralar kalbine ve diline dahi ula\u015fmas\u0131na ra\u011fmen asla Allah\u2019a isyanda bulunmayan, sadece, \u201cSeni anamam\u201d kayg\u0131s\u0131yla hastal\u0131ktan kurtulmak i\u00e7in dua eden Ey\u00fcp Peygamber\u2019i ve onun sabr\u0131n\u0131 \u00f6nlerine koydular. Bu a\u011f\u0131r s\u0131nav\u0131 canla ba\u015fla kabul ettiler, \u201cEmanet Allah\u2019\u0131n\u201d diyerek evlatlar\u0131n\u0131 ba\u015flar\u0131n\u0131n \u00fczerinde ta\u015f\u0131d\u0131lar.   On d\u00f6rt y\u0131l s\u00fcren bu uzun yolda dostlar\u0131, akrabalar\u0131, i\u015f arkada\u015flar\u0131, mahallenin esnaf\u0131, hem\u015ferileri, tan\u0131d\u0131k tan\u0131mad\u0131k herkes var g\u00fc\u00e7leriyle onlar\u0131n yan\u0131nda olacak, bu k\u00fc\u00e7\u00fcc\u00fck bedene ellerinde avu\u00e7lar\u0131nda olan her \u015feyle, dostluklar\u0131yla sahip \u00e7\u0131kacaklard\u0131.   Dostlu\u011fu, dayan\u0131\u015fmay\u0131, zor zamanda birbirinin yan\u0131nda olmay\u0131, samimiyeti, kendinden ba\u015fkalar\u0131na da de\u011fer verebilmeyi, inanc\u0131 \u00f6zellikle g\u00fcn\u00fcm\u00fczde, i\u00e7inde bulundu\u011fumuz ko\u015fullarda yeniden hat\u0131rlayaca\u011f\u0131n\u0131z bir hik\u00e2ye. <\/p>\n","protected":false},"excerpt":{"rendered":"<p>Hepsi hayatta kalmak i\u00e7indi\u2026 Be\u015f ya\u015f\u0131nda k\u00fc\u00e7\u00fcc\u00fck bir beden kanserin pen\u00e7esine yakalanm\u0131\u015f, yava\u015f yava\u015f ona teslim olmaktad\u0131r. 1980\u2019li y\u0131llar\u0131n ikinci yar\u0131s\u0131&#8230; T\u0131p, teknoloji bug\u00fcnk\u00fc kadar geli\u015fmi\u015f<span class=\"excerpt-hellip\"> [\u2026]<\/span><\/p>\n","protected":false},"featured_media":0,"template":"","meta":{"_monsterinsights_skip_tracking":false,"_monsterinsights_sitenote_active":false,"_monsterinsights_sitenote_note":"","_monsterinsights_sitenote_category":0},"product_brand":[],"product_cat":[12777,12291],"product_tag":[],"class_list":{"0":"post-735332","1":"product","2":"type-product","3":"status-publish","5":"product_cat-deneme","6":"product_cat-edebiyat","7":"pa_cilt-ciltsiz","8":"pa_tur-kitap","9":"pa_yayinevi-hayykitap","10":"pa_yazar-omer-celebi","12":"first","13":"instock","14":"sale","15":"shipping-taxable","16":"purchasable","17":"product-type-simple"},"_links":{"self":[{"href":"https:\/\/roveyayinevi.com.tr\/index.php\/wp-json\/wp\/v2\/product\/735332","targetHints":{"allow":["GET"]}}],"collection":[{"href":"https:\/\/roveyayinevi.com.tr\/index.php\/wp-json\/wp\/v2\/product"}],"about":[{"href":"https:\/\/roveyayinevi.com.tr\/index.php\/wp-json\/wp\/v2\/types\/product"}],"wp:attachment":[{"href":"https:\/\/roveyayinevi.com.tr\/index.php\/wp-json\/wp\/v2\/media?parent=735332"}],"wp:term":[{"taxonomy":"product_brand","embeddable":true,"href":"https:\/\/roveyayinevi.com.tr\/index.php\/wp-json\/wp\/v2\/product_brand?post=735332"},{"taxonomy":"product_cat","embeddable":true,"href":"https:\/\/roveyayinevi.com.tr\/index.php\/wp-json\/wp\/v2\/product_cat?post=735332"},{"taxonomy":"product_tag","embeddable":true,"href":"https:\/\/roveyayinevi.com.tr\/index.php\/wp-json\/wp\/v2\/product_tag?post=735332"}],"curies":[{"name":"wp","href":"https:\/\/api.w.org\/{rel}","templated":true}]}}