{"id":735331,"date":"2025-08-27T22:45:58","date_gmt":"2025-08-27T19:45:58","guid":{"rendered":"https:\/\/roveyayinevi.com.tr\/index.php\/urun\/kirpicik-ve-farecik-oyku-cemberi-3\/"},"modified":"2026-04-16T02:43:41","modified_gmt":"2026-04-15T23:43:41","slug":"kirpicik-ve-farecik-oyku-cemberi-3","status":"publish","type":"product","link":"https:\/\/roveyayinevi.com.tr\/index.php\/urun\/kirpicik-ve-farecik-oyku-cemberi-3\/","title":{"rendered":"Kirpicik ve Farecik &#8211; \u00d6yk\u00fc \u00c7emberi 3"},"content":{"rendered":"<p>Kirpicik, bah\u00e7eye \u00e7\u0131kmak i\u00e7in can at\u0131yor ve kediden hi\u00e7 korkmuyordu. Farecik ise kediden \u00e7ok korkuyor ve yuvas\u0131ndaki emanetleri d\u00fc\u015f\u00fcn\u00fcyordu.&#8221;Aa! Farecik! Neden b\u00f6yle titriyorsun?&#8221;&#8221;Su i\u00e7meye gidecektim ama&#8230; \u015eu kediye baksana!&#8221;Bah\u00e7e g\u00fcnlerce sulanmad\u0131, Farecik&#8217;i bir d\u00fc\u015f\u00fcncedir ald\u0131. Peki ama sorun kedi de\u011filse neydi?<\/p>\n","protected":false},"excerpt":{"rendered":"<p>Kirpicik, bah\u00e7eye \u00e7\u0131kmak i\u00e7in can at\u0131yor ve kediden hi\u00e7 korkmuyordu. Farecik ise kediden \u00e7ok korkuyor ve yuvas\u0131ndaki emanetleri d\u00fc\u015f\u00fcn\u00fcyordu.&#8221;Aa! Farecik! Neden b\u00f6yle titriyorsun?&#8221;&#8221;Su i\u00e7meye gidecektim ama&#8230;<span class=\"excerpt-hellip\"> [\u2026]<\/span><\/p>\n","protected":false},"featured_media":0,"template":"","meta":{"_monsterinsights_skip_tracking":false,"_monsterinsights_sitenote_active":false,"_monsterinsights_sitenote_note":"","_monsterinsights_sitenote_category":0},"product_brand":[],"product_cat":[12274,12518],"product_tag":[],"class_list":{"0":"post-735331","1":"product","2":"type-product","3":"status-publish","5":"product_cat-cocuk-ve-genclik-kitaplari","6":"product_cat-okul-oncesi-kitaplar","7":"pa_cilt-ciltsiz","8":"pa_tur-kitap","9":"pa_yayinevi-timas-cocuk","10":"pa_yazar-aysel-gurmen","12":"first","13":"instock","14":"sale","15":"shipping-taxable","16":"purchasable","17":"product-type-simple"},"_links":{"self":[{"href":"https:\/\/roveyayinevi.com.tr\/index.php\/wp-json\/wp\/v2\/product\/735331","targetHints":{"allow":["GET"]}}],"collection":[{"href":"https:\/\/roveyayinevi.com.tr\/index.php\/wp-json\/wp\/v2\/product"}],"about":[{"href":"https:\/\/roveyayinevi.com.tr\/index.php\/wp-json\/wp\/v2\/types\/product"}],"wp:attachment":[{"href":"https:\/\/roveyayinevi.com.tr\/index.php\/wp-json\/wp\/v2\/media?parent=735331"}],"wp:term":[{"taxonomy":"product_brand","embeddable":true,"href":"https:\/\/roveyayinevi.com.tr\/index.php\/wp-json\/wp\/v2\/product_brand?post=735331"},{"taxonomy":"product_cat","embeddable":true,"href":"https:\/\/roveyayinevi.com.tr\/index.php\/wp-json\/wp\/v2\/product_cat?post=735331"},{"taxonomy":"product_tag","embeddable":true,"href":"https:\/\/roveyayinevi.com.tr\/index.php\/wp-json\/wp\/v2\/product_tag?post=735331"}],"curies":[{"name":"wp","href":"https:\/\/api.w.org\/{rel}","templated":true}]}}