{"id":735330,"date":"2025-08-27T22:45:57","date_gmt":"2025-08-27T19:45:57","guid":{"rendered":"https:\/\/roveyayinevi.com.tr\/index.php\/urun\/evim-evim-guzel-evim-oyku-cemberi-1\/"},"modified":"2026-04-16T02:43:41","modified_gmt":"2026-04-15T23:43:41","slug":"evim-evim-guzel-evim-oyku-cemberi-1","status":"publish","type":"product","link":"https:\/\/roveyayinevi.com.tr\/index.php\/urun\/evim-evim-guzel-evim-oyku-cemberi-1\/","title":{"rendered":"Evim Evim G\u00fczel Evim &#8211; \u00d6yk\u00fc \u00c7emberi 1"},"content":{"rendered":"<p>Kaplumba\u011fa, bir sabah uyand\u0131\u011f\u0131nda \u00e7evresinde bir tuhafl\u0131k oldu\u011funu fark etti. Kunduz ailesinin yan\u0131na gidince anlad\u0131 ki d\u00fcn gece bir deprem olmu\u015ftu. &#8220;Vah, vah, vah! Kunduzlar yaz boyunca nas\u0131l da canla ba\u015fla \u00e7al\u0131\u015fm\u0131\u015ft\u0131\u2026 \u015eu hale bak\u0131n, bir anda nas\u0131l da her \u015fey de\u011fi\u015fti.&#8221; Ne yapmalar\u0131 gerekti\u011fini bilmiyorlard\u0131 ve umutlar\u0131n\u0131 yitirmek \u00fczereydiler ki&#8230; Kahramanlar\u0131m\u0131z\u0131n bu sorunu nas\u0131l \u00e7\u00f6z\u00fcmlediklerini ke\u015ffedin!<\/p>\n","protected":false},"excerpt":{"rendered":"<p>Kaplumba\u011fa, bir sabah uyand\u0131\u011f\u0131nda \u00e7evresinde bir tuhafl\u0131k oldu\u011funu fark etti. Kunduz ailesinin yan\u0131na gidince anlad\u0131 ki d\u00fcn gece bir deprem olmu\u015ftu. &#8220;Vah, vah, vah! Kunduzlar yaz<span class=\"excerpt-hellip\"> [\u2026]<\/span><\/p>\n","protected":false},"featured_media":0,"template":"","meta":{"_monsterinsights_skip_tracking":false,"_monsterinsights_sitenote_active":false,"_monsterinsights_sitenote_note":"","_monsterinsights_sitenote_category":0},"product_brand":[],"product_cat":[12274,12518],"product_tag":[],"class_list":{"0":"post-735330","1":"product","2":"type-product","3":"status-publish","5":"product_cat-cocuk-ve-genclik-kitaplari","6":"product_cat-okul-oncesi-kitaplar","7":"pa_cilt-ciltsiz","8":"pa_tur-kitap","9":"pa_yayinevi-timas-cocuk","10":"pa_yazar-aysel-gurmen","12":"first","13":"instock","14":"sale","15":"shipping-taxable","16":"purchasable","17":"product-type-simple"},"_links":{"self":[{"href":"https:\/\/roveyayinevi.com.tr\/index.php\/wp-json\/wp\/v2\/product\/735330","targetHints":{"allow":["GET"]}}],"collection":[{"href":"https:\/\/roveyayinevi.com.tr\/index.php\/wp-json\/wp\/v2\/product"}],"about":[{"href":"https:\/\/roveyayinevi.com.tr\/index.php\/wp-json\/wp\/v2\/types\/product"}],"wp:attachment":[{"href":"https:\/\/roveyayinevi.com.tr\/index.php\/wp-json\/wp\/v2\/media?parent=735330"}],"wp:term":[{"taxonomy":"product_brand","embeddable":true,"href":"https:\/\/roveyayinevi.com.tr\/index.php\/wp-json\/wp\/v2\/product_brand?post=735330"},{"taxonomy":"product_cat","embeddable":true,"href":"https:\/\/roveyayinevi.com.tr\/index.php\/wp-json\/wp\/v2\/product_cat?post=735330"},{"taxonomy":"product_tag","embeddable":true,"href":"https:\/\/roveyayinevi.com.tr\/index.php\/wp-json\/wp\/v2\/product_tag?post=735330"}],"curies":[{"name":"wp","href":"https:\/\/api.w.org\/{rel}","templated":true}]}}