{"id":735329,"date":"2025-08-27T22:45:56","date_gmt":"2025-08-27T19:45:56","guid":{"rendered":"https:\/\/roveyayinevi.com.tr\/index.php\/urun\/canavar-otu-oyku-cemberi-2\/"},"modified":"2026-04-16T02:43:41","modified_gmt":"2026-04-15T23:43:41","slug":"canavar-otu-oyku-cemberi-2","status":"publish","type":"product","link":"https:\/\/roveyayinevi.com.tr\/index.php\/urun\/canavar-otu-oyku-cemberi-2\/","title":{"rendered":"Canavar Otu &#8211; \u00d6yk\u00fc \u00c7emberi 2"},"content":{"rendered":"<p>\u0130ki k\u00f6y\u00fcn halk\u0131 \u00f6nce kavga etmi\u015f, sonra da birbirlerine k\u00fcsm\u00fc\u015f. Hem k\u00fcsm\u00fc\u015f hem de aralar\u0131na duvarlar \u00f6rm\u00fc\u015f. O duvarlar\u0131n aras\u0131nda bir Canavar Otu b\u00fcy\u00fcm\u00fc\u015f.Defne, b\u00fcy\u00fck bir dikkatle Tepek\u00f6yl\u00fcleri izliyordu. Ovak\u00f6yl\u00fclerle aralar\u0131nda pek bir fark yoktu. Naziktiler&#8230; \u00c7al\u0131\u015fkand\u0131lar&#8230; Onlar\u0131 sevmi\u015fti.Ovak\u00f6yl\u00fcler ve Tepek\u00f6yl\u00fcler, ayr\u0131l\u0131\u011f\u0131n de\u011fil birli\u011fin, kavgan\u0131n de\u011fil sevginin hakim oldu\u011fu bir d\u00fcnya kurabilecekler mi?<\/p>\n","protected":false},"excerpt":{"rendered":"<p>\u0130ki k\u00f6y\u00fcn halk\u0131 \u00f6nce kavga etmi\u015f, sonra da birbirlerine k\u00fcsm\u00fc\u015f. Hem k\u00fcsm\u00fc\u015f hem de aralar\u0131na duvarlar \u00f6rm\u00fc\u015f. O duvarlar\u0131n aras\u0131nda bir Canavar Otu b\u00fcy\u00fcm\u00fc\u015f.Defne, b\u00fcy\u00fck bir<span class=\"excerpt-hellip\"> [\u2026]<\/span><\/p>\n","protected":false},"featured_media":0,"template":"","meta":{"_monsterinsights_skip_tracking":false,"_monsterinsights_sitenote_active":false,"_monsterinsights_sitenote_note":"","_monsterinsights_sitenote_category":0},"product_brand":[],"product_cat":[12274,12518],"product_tag":[],"class_list":{"0":"post-735329","1":"product","2":"type-product","3":"status-publish","5":"product_cat-cocuk-ve-genclik-kitaplari","6":"product_cat-okul-oncesi-kitaplar","7":"pa_cilt-ciltsiz","8":"pa_tur-kitap","9":"pa_yayinevi-timas-cocuk","10":"pa_yazar-aysel-gurmen","12":"first","13":"instock","14":"sale","15":"shipping-taxable","16":"purchasable","17":"product-type-simple"},"_links":{"self":[{"href":"https:\/\/roveyayinevi.com.tr\/index.php\/wp-json\/wp\/v2\/product\/735329","targetHints":{"allow":["GET"]}}],"collection":[{"href":"https:\/\/roveyayinevi.com.tr\/index.php\/wp-json\/wp\/v2\/product"}],"about":[{"href":"https:\/\/roveyayinevi.com.tr\/index.php\/wp-json\/wp\/v2\/types\/product"}],"wp:attachment":[{"href":"https:\/\/roveyayinevi.com.tr\/index.php\/wp-json\/wp\/v2\/media?parent=735329"}],"wp:term":[{"taxonomy":"product_brand","embeddable":true,"href":"https:\/\/roveyayinevi.com.tr\/index.php\/wp-json\/wp\/v2\/product_brand?post=735329"},{"taxonomy":"product_cat","embeddable":true,"href":"https:\/\/roveyayinevi.com.tr\/index.php\/wp-json\/wp\/v2\/product_cat?post=735329"},{"taxonomy":"product_tag","embeddable":true,"href":"https:\/\/roveyayinevi.com.tr\/index.php\/wp-json\/wp\/v2\/product_tag?post=735329"}],"curies":[{"name":"wp","href":"https:\/\/api.w.org\/{rel}","templated":true}]}}