{"id":735321,"date":"2025-08-27T22:45:47","date_gmt":"2025-08-27T19:45:47","guid":{"rendered":"https:\/\/roveyayinevi.com.tr\/index.php\/urun\/aceleci-sincabin-en-guzel-gunu-oyku-cemberi-9\/"},"modified":"2026-04-16T02:43:40","modified_gmt":"2026-04-15T23:43:40","slug":"aceleci-sincabin-en-guzel-gunu-oyku-cemberi-9","status":"publish","type":"product","link":"https:\/\/roveyayinevi.com.tr\/index.php\/urun\/aceleci-sincabin-en-guzel-gunu-oyku-cemberi-9\/","title":{"rendered":"Aceleci Sincab\u0131n En G\u00fczel G\u00fcn\u00fc &#8211; \u00d6yk\u00fc \u00c7emberi 9"},"content":{"rendered":"<p>\u00d6yk\u00fc \u00c7emberi setinde yer alan kitaplar, okul \u00f6ncesi \u00e7a\u011f\u0131ndaki \u00e7ocuklar\u0131n de\u011ferler e\u011fitimine katk\u0131da bulunuyor. Farkl\u0131 kavramlar\u0131 yal\u0131n bir dille ele alan bu \u00f6yk\u00fcler, e\u011fitimcilerin ve ebeveynlerin \u00e7ocuklar\u0131yla diyalojik okuma yapmas\u0131 i\u00e7in 200\u2019\u00fc a\u015fk\u0131n etkinlik \u00f6nerisi i\u00e7eriyor. \u00d6yk\u00fc \u00c7emberi\u2019nin her bir kitab\u0131nda okuru, \u00e7ocuklar\u0131n karakter geli\u015fimini do\u011frudan etkileyen bir de\u011ferin ak\u0131lda kal\u0131c\u0131 bir hik\u00e2ye ve ola\u011fan\u00fcst\u00fc ahenkli resimlerle sunuldu\u011fu e\u011flenceli dakikalar bekliyor. \u00d6yk\u00fc \u00c7emberi \u2013 Etkinlikli Okul \u00d6ncesi \u00d6yk\u00fc Seti, edebi ve g\u00f6rsel niteli\u011fi y\u00fcksek toplam on \u00f6yk\u00fc kitab\u0131ndan olu\u015fuyor. <\/p>\n","protected":false},"excerpt":{"rendered":"<p>\u00d6yk\u00fc \u00c7emberi setinde yer alan kitaplar, okul \u00f6ncesi \u00e7a\u011f\u0131ndaki \u00e7ocuklar\u0131n de\u011ferler e\u011fitimine katk\u0131da bulunuyor. Farkl\u0131 kavramlar\u0131 yal\u0131n bir dille ele alan bu \u00f6yk\u00fcler, e\u011fitimcilerin ve ebeveynlerin<span class=\"excerpt-hellip\"> [\u2026]<\/span><\/p>\n","protected":false},"featured_media":0,"template":"","meta":{"_monsterinsights_skip_tracking":false,"_monsterinsights_sitenote_active":false,"_monsterinsights_sitenote_note":"","_monsterinsights_sitenote_category":0},"product_brand":[],"product_cat":[12274,12518],"product_tag":[],"class_list":{"0":"post-735321","1":"product","2":"type-product","3":"status-publish","5":"product_cat-cocuk-ve-genclik-kitaplari","6":"product_cat-okul-oncesi-kitaplar","7":"pa_cilt-ciltsiz","8":"pa_tur-kitap","9":"pa_yayinevi-timas-cocuk","10":"pa_yazar-aysel-gurmen","12":"first","13":"instock","14":"sale","15":"shipping-taxable","16":"purchasable","17":"product-type-simple"},"_links":{"self":[{"href":"https:\/\/roveyayinevi.com.tr\/index.php\/wp-json\/wp\/v2\/product\/735321","targetHints":{"allow":["GET"]}}],"collection":[{"href":"https:\/\/roveyayinevi.com.tr\/index.php\/wp-json\/wp\/v2\/product"}],"about":[{"href":"https:\/\/roveyayinevi.com.tr\/index.php\/wp-json\/wp\/v2\/types\/product"}],"wp:attachment":[{"href":"https:\/\/roveyayinevi.com.tr\/index.php\/wp-json\/wp\/v2\/media?parent=735321"}],"wp:term":[{"taxonomy":"product_brand","embeddable":true,"href":"https:\/\/roveyayinevi.com.tr\/index.php\/wp-json\/wp\/v2\/product_brand?post=735321"},{"taxonomy":"product_cat","embeddable":true,"href":"https:\/\/roveyayinevi.com.tr\/index.php\/wp-json\/wp\/v2\/product_cat?post=735321"},{"taxonomy":"product_tag","embeddable":true,"href":"https:\/\/roveyayinevi.com.tr\/index.php\/wp-json\/wp\/v2\/product_tag?post=735321"}],"curies":[{"name":"wp","href":"https:\/\/api.w.org\/{rel}","templated":true}]}}