{"id":735318,"date":"2025-08-27T22:45:44","date_gmt":"2025-08-27T19:45:44","guid":{"rendered":"https:\/\/roveyayinevi.com.tr\/index.php\/urun\/kanit\/"},"modified":"2026-04-16T02:43:40","modified_gmt":"2026-04-15T23:43:40","slug":"kanit","status":"publish","type":"product","link":"https:\/\/roveyayinevi.com.tr\/index.php\/urun\/kanit\/","title":{"rendered":"Kan\u0131t"},"content":{"rendered":"<p>Becker&#8217;in uzun y\u0131llar\u0131n\u0131 alan bir eme\u011fin \u00fcr\u00fcn\u00fc olan bu kitab\u0131, bir ara\u015ft\u0131rma yapma ve anlama k\u0131lavuzu olman\u0131n \u00f6tesinde g\u00fcndelik hayat\u0131m\u0131z\u0131n hakikatini aramada bize rehberlik eden bir eserdir. \u2018Hakikat sonras\u0131\u2019 bir \u00e7a\u011fda ya\u015fad\u0131\u011f\u0131m\u0131za dair pervas\u0131z iddialar\u0131n y\u00fckseli\u015fi ve bunlar\u0131n yaln\u0131zca bilimi de\u011fil ayn\u0131 zamanda demokrasiyi ve ortak insanl\u0131\u011f\u0131m\u0131z\u0131 itibardan d\u00fc\u015f\u00fcrmesi kar\u015f\u0131s\u0131nda hi\u00e7bir sosyal bilimci, be\u015feri bilimci ya da felsefeci bu kitab\u0131n zamanlamas\u0131 i\u00e7in daha iyi bir an tahayy\u00fcl edemezdi.   Michael Joyce, Foucault in Winter, in the Linnaeus Garden kitab\u0131n\u0131n yazar\u0131   Kan\u0131t, sosyal bilim ara\u015ft\u0131rmas\u0131n\u0131n nas\u0131l yap\u0131lmas\u0131 gerekti\u011fine dair incelikli bir de\u011ferlendirmedir. Becker, veri toplarken ve bu veriyi kan\u0131ta d\u00f6n\u00fc\u015ft\u00fcr\u00fcrken y\u00f6ntemin pratik y\u00f6nlerine dair d\u00fc\u015f\u00fcnmenin \u00f6nemini g\u00f6steriyor. Sahte haberlerin ve a\u015f\u0131 kar\u015f\u0131t\u0131 retori\u011fin hakim oldu\u011fu g\u00fcn\u00fcm\u00fcz d\u00fcnyas\u0131nda bu ve benzeri konular hakk\u0131nda nas\u0131l d\u00fc\u015f\u00fcnmemiz gerekti\u011fini g\u00f6steren, tam da bu d\u00f6nemde \u00e7\u0131km\u0131\u015f daha iyi bir kitap yok.  VoegelinView (Voegelin Derne\u011fi Yay\u0131n\u0131)   Becker yakla\u015f\u0131k yetmi\u015f senedir kan\u0131t meselesi \u00fczerine d\u00fc\u015f\u00fcnmektedir. Becker\u2019e g\u00f6re, sosyal bilimciler, verilerinin, \u00f6ne s\u00fcrd\u00fckleri fikirleri i\u00e7in kan\u0131t olarak ne kadar kullan\u0131\u015fl\u0131 olduklar\u0131 konusundaki sorular\u0131 yeterince ciddiye almamaktad\u0131rlar. Kan\u0131t, pek \u00e7ok \u00f6rnekten yola \u00e7\u0131karak, hi\u00e7bir veri toplama y\u00f6nteminin t\u00fcm\u00fcyle g\u00fcvenilir bir bilgi \u00fcretmeyece\u011fini, bu nedenle ara\u015ft\u0131rma i\u015finin b\u00fcy\u00fck bir k\u0131sm\u0131n\u0131n hatalardan kurtulmak oldu\u011funu g\u00fc\u00e7l\u00fc bir \u015fekilde vurguluyor. Okurlar Becker\u2019in bu son k\u0131lavuz kitab\u0131n\u0131n her t\u00fcrden sosyal bilimci i\u00e7in kullan\u0131\u015fl\u0131 bir ara\u00e7 sundu\u011funu g\u00f6recekler. <\/p>\n","protected":false},"excerpt":{"rendered":"<p>Becker&#8217;in uzun y\u0131llar\u0131n\u0131 alan bir eme\u011fin \u00fcr\u00fcn\u00fc olan bu kitab\u0131, bir ara\u015ft\u0131rma yapma ve anlama k\u0131lavuzu olman\u0131n \u00f6tesinde g\u00fcndelik hayat\u0131m\u0131z\u0131n hakikatini aramada bize rehberlik eden bir<span class=\"excerpt-hellip\"> [\u2026]<\/span><\/p>\n","protected":false},"featured_media":0,"template":"","meta":{"_monsterinsights_skip_tracking":false,"_monsterinsights_sitenote_active":false,"_monsterinsights_sitenote_note":"","_monsterinsights_sitenote_category":0},"product_brand":[],"product_cat":[12835,12324],"product_tag":[],"class_list":{"0":"post-735318","1":"product","2":"type-product","3":"status-publish","5":"product_cat-genel-sosyoloji","6":"product_cat-sosyoloji","7":"pa_cilt-ciltsiz","8":"pa_tur-kitap","9":"pa_yayinevi-nika-yayinevi","10":"pa_yazar-howard-s-becker","12":"first","13":"instock","14":"sale","15":"shipping-taxable","16":"purchasable","17":"product-type-simple"},"_links":{"self":[{"href":"https:\/\/roveyayinevi.com.tr\/index.php\/wp-json\/wp\/v2\/product\/735318","targetHints":{"allow":["GET"]}}],"collection":[{"href":"https:\/\/roveyayinevi.com.tr\/index.php\/wp-json\/wp\/v2\/product"}],"about":[{"href":"https:\/\/roveyayinevi.com.tr\/index.php\/wp-json\/wp\/v2\/types\/product"}],"wp:attachment":[{"href":"https:\/\/roveyayinevi.com.tr\/index.php\/wp-json\/wp\/v2\/media?parent=735318"}],"wp:term":[{"taxonomy":"product_brand","embeddable":true,"href":"https:\/\/roveyayinevi.com.tr\/index.php\/wp-json\/wp\/v2\/product_brand?post=735318"},{"taxonomy":"product_cat","embeddable":true,"href":"https:\/\/roveyayinevi.com.tr\/index.php\/wp-json\/wp\/v2\/product_cat?post=735318"},{"taxonomy":"product_tag","embeddable":true,"href":"https:\/\/roveyayinevi.com.tr\/index.php\/wp-json\/wp\/v2\/product_tag?post=735318"}],"curies":[{"name":"wp","href":"https:\/\/api.w.org\/{rel}","templated":true}]}}