{"id":735317,"date":"2025-08-27T22:45:43","date_gmt":"2025-08-27T19:45:43","guid":{"rendered":"https:\/\/roveyayinevi.com.tr\/index.php\/urun\/hititler-3\/"},"modified":"2026-04-16T02:43:40","modified_gmt":"2026-04-15T23:43:40","slug":"hititler-3","status":"publish","type":"product","link":"https:\/\/roveyayinevi.com.tr\/index.php\/urun\/hititler-3\/","title":{"rendered":"Hititler"},"content":{"rendered":"<p>M\u00d6 14. y\u00fczy\u0131lda Hititler Yak\u0131n Do\u011fu\u2019da b\u00fcy\u00fck bir siyasi ve askeri g\u00fc\u00e7 haline gelmi\u015flerdi. \u00dcst\u00fcnl\u00fcklerini nas\u0131l elde ettiler? S\u00fcrd\u00fcrmekte ne kadar ba\u015far\u0131l\u0131 oldular? \u00c7\u00f6k\u00fc\u015flerinin ve ortadan kaybolmalar\u0131n\u0131n nedeni neydi? 19. y\u00fczy\u0131l\u0131n \u00f6nemli Asurologlar\u0131ndan Archibald H. Sayce ya\u015fad\u0131\u011f\u0131 d\u00f6nemde Hitit yaz\u0131s\u0131 ve hiyeroglifleri \u00e7\u00f6z\u00fclememi\u015f olsa da bu \u00f6nemli sorulara yan\u0131t bulmaya \u00e7al\u0131\u015f\u0131yor. Hititlerin ya\u015fad\u0131\u011f\u0131 \u00f6nemli b\u00f6lgenin ke\u015ffi, \u201ckadim tarihin \u00f6yk\u00fcs\u00fc\u201d olarak tan\u0131mlan\u0131r. Hi\u00e7bir \u015fey Eski Ahit\u2019le yak\u0131n ili\u015fkisi bulunan, se\u00e7kin bir \u0131rktan gelen bu unutulmu\u015f halk\u0131n yeniden canland\u0131r\u0131lmas\u0131 kadar ilgin\u00e7 olamaz. Bu kitab\u0131n sayfalar\u0131nda bu canland\u0131rman\u0131n M\u0131s\u0131r ve Asur yaz\u0131tlar\u0131n\u0131n, K\u00fc\u00e7\u00fck Asya\u2019daki garip g\u00f6r\u00fcn\u00fcml\u00fc an\u0131tlar\u0131n ve h\u00e2l\u00e2 tam \u00e7\u00f6z\u00fcmlenememi\u015f hiyerogliflerin de\u011ferlendirilmesiyle nas\u0131l ba\u015far\u0131ld\u0131\u011f\u0131 sergilenecek. On y\u0131l \u00f6ncesine kadar bu \u201c\u00f6yk\u00fc\u201d dile getirilemiyor ve Hititlerin d\u00fcnya tarihinde oynad\u0131\u011f\u0131 rol bilinmiyordu. Ama art\u0131k bizler \u0130brahim\u2019in dostlar\u0131 ve Uriya\u2019n\u0131n mensup oldu\u011fu \u0131rk konusunda daha fazla bilgi sahibiyiz. <\/p>\n","protected":false},"excerpt":{"rendered":"<p>M\u00d6 14. y\u00fczy\u0131lda Hititler Yak\u0131n Do\u011fu\u2019da b\u00fcy\u00fck bir siyasi ve askeri g\u00fc\u00e7 haline gelmi\u015flerdi. \u00dcst\u00fcnl\u00fcklerini nas\u0131l elde ettiler? S\u00fcrd\u00fcrmekte ne kadar ba\u015far\u0131l\u0131 oldular? \u00c7\u00f6k\u00fc\u015flerinin ve ortadan<span class=\"excerpt-hellip\"> [\u2026]<\/span><\/p>\n","protected":false},"featured_media":0,"template":"","meta":{"_monsterinsights_skip_tracking":false,"_monsterinsights_sitenote_active":false,"_monsterinsights_sitenote_note":"","_monsterinsights_sitenote_category":0},"product_brand":[],"product_cat":[12370,12304],"product_tag":[],"class_list":{"0":"post-735317","1":"product","2":"type-product","3":"status-publish","5":"product_cat-arastirma-inceleme","6":"product_cat-tarih","7":"pa_cilt-ciltsiz","8":"pa_tur-kitap","9":"pa_yayinevi-say-yayinlari","10":"pa_yazar-arthur-gilman","12":"first","13":"instock","14":"sale","15":"shipping-taxable","16":"purchasable","17":"product-type-simple"},"_links":{"self":[{"href":"https:\/\/roveyayinevi.com.tr\/index.php\/wp-json\/wp\/v2\/product\/735317","targetHints":{"allow":["GET"]}}],"collection":[{"href":"https:\/\/roveyayinevi.com.tr\/index.php\/wp-json\/wp\/v2\/product"}],"about":[{"href":"https:\/\/roveyayinevi.com.tr\/index.php\/wp-json\/wp\/v2\/types\/product"}],"wp:attachment":[{"href":"https:\/\/roveyayinevi.com.tr\/index.php\/wp-json\/wp\/v2\/media?parent=735317"}],"wp:term":[{"taxonomy":"product_brand","embeddable":true,"href":"https:\/\/roveyayinevi.com.tr\/index.php\/wp-json\/wp\/v2\/product_brand?post=735317"},{"taxonomy":"product_cat","embeddable":true,"href":"https:\/\/roveyayinevi.com.tr\/index.php\/wp-json\/wp\/v2\/product_cat?post=735317"},{"taxonomy":"product_tag","embeddable":true,"href":"https:\/\/roveyayinevi.com.tr\/index.php\/wp-json\/wp\/v2\/product_tag?post=735317"}],"curies":[{"name":"wp","href":"https:\/\/api.w.org\/{rel}","templated":true}]}}