{"id":735316,"date":"2025-08-27T22:45:42","date_gmt":"2025-08-27T19:45:42","guid":{"rendered":"https:\/\/roveyayinevi.com.tr\/index.php\/urun\/dostoyevski-politikasinin-sorunlari\/"},"modified":"2026-04-12T02:50:18","modified_gmt":"2026-04-11T23:50:18","slug":"dostoyevski-politikasinin-sorunlari","status":"publish","type":"product","link":"https:\/\/roveyayinevi.com.tr\/index.php\/urun\/dostoyevski-politikasinin-sorunlari\/","title":{"rendered":"Dostoyevski Politikas\u0131n\u0131n Sorunlar\u0131"},"content":{"rendered":"<p>&#8220;Frans\u0131zlar\u0131n dedi\u011fi gibi her \u015fey mistik olarak ba\u015flar, politik olarak sona erer. Bunu do\u011frularcas\u0131na gizemli bir tutkuyla ba\u011fl\u0131 oldu\u011fum sanat\u00e7\u0131 dostu Dostoyevski&#8217;den yola \u00e7\u0131k\u0131p felsefeye, siyaset bilimine, edebiyat ele\u015ftirisine ve sosyolojiye g\u00f6n\u00fcl vermi\u015f olanlara sesleniyorum. \u0130ncelemeyi bitirdikten sonra elinize (yeniden) bir Dostoyevski eseri almaya heves duyman\u0131zsa en b\u00fcy\u00fck temennim. \u00c7\u00fcnk\u00fc Dostoyevski t\u00fcm karanl\u0131\u011f\u0131 ve \u0131\u015f\u0131lt\u0131s\u0131 ile kald\u0131r\u0131ld\u0131\u011f\u0131 kitap raf\u0131ndan bize bakmaya devam ediyor.&#8221;Elinizdeki kitap, Platon&#8217;un sempozyumundan Aristoteles\u00e7i politika ve Bahtinyen karnavaleske; kapitalizm, modernite, ilerleme sarmal\u0131ndan isyan ve \u00fctopyaya; cinsellik s\u00f6yleminden ke\u015fi\u015fler, soytar\u0131lar ve budalalara Dostoyevskiyan bir yolculu\u011fa davet. Raskolnikov, Nastasya Filippovna, Ivan Karamazov, Yeralt\u0131 Adam\u0131, Gru\u015fenka, Prens Mi\u015fkin, Stavrogin ve daha nice karakterin olu\u015fturdu\u011fu d\u00fcnyalar i\u00e7inden modern sorunlar\u0131 okumaya bir \u00e7a\u011fr\u0131.&#8221;\u0130lle de dekadans&#8221; diyordu Yeralt\u0131 Adam\u0131. Dekadans \u00e7a\u011f\u0131nda edebiyat ve siyasetin yarat\u0131c\u0131 y\u0131k\u0131m\u0131na atfen, eserin hem Dostoyevski severleri hem de siyaset sosyolojisi ve tarihle ilgilenen okurlar\u0131 bulu\u015fturaca\u011f\u0131n\u0131 d\u00fc\u015f\u00fcn\u00fcyoruz.  <\/p>\n","protected":false},"excerpt":{"rendered":"<p>&#8220;Frans\u0131zlar\u0131n dedi\u011fi gibi her \u015fey mistik olarak ba\u015flar, politik olarak sona erer. Bunu do\u011frularcas\u0131na gizemli bir tutkuyla ba\u011fl\u0131 oldu\u011fum sanat\u00e7\u0131 dostu Dostoyevski&#8217;den yola \u00e7\u0131k\u0131p felsefeye, siyaset<span class=\"excerpt-hellip\"> [\u2026]<\/span><\/p>\n","protected":false},"featured_media":0,"template":"","meta":{"_monsterinsights_skip_tracking":false,"_monsterinsights_sitenote_active":false,"_monsterinsights_sitenote_note":"","_monsterinsights_sitenote_category":0},"product_brand":[],"product_cat":[12291,12711],"product_tag":[],"class_list":{"0":"post-735316","1":"product","2":"type-product","3":"status-publish","5":"product_cat-edebiyat","6":"product_cat-roman-oyku","7":"pa_cilt-ciltsiz","8":"pa_tur-kitap","9":"pa_yayinevi-nika-yayinevi","10":"pa_yazar-funda-coban","12":"first","13":"instock","14":"sale","15":"shipping-taxable","16":"purchasable","17":"product-type-simple"},"_links":{"self":[{"href":"https:\/\/roveyayinevi.com.tr\/index.php\/wp-json\/wp\/v2\/product\/735316","targetHints":{"allow":["GET"]}}],"collection":[{"href":"https:\/\/roveyayinevi.com.tr\/index.php\/wp-json\/wp\/v2\/product"}],"about":[{"href":"https:\/\/roveyayinevi.com.tr\/index.php\/wp-json\/wp\/v2\/types\/product"}],"wp:attachment":[{"href":"https:\/\/roveyayinevi.com.tr\/index.php\/wp-json\/wp\/v2\/media?parent=735316"}],"wp:term":[{"taxonomy":"product_brand","embeddable":true,"href":"https:\/\/roveyayinevi.com.tr\/index.php\/wp-json\/wp\/v2\/product_brand?post=735316"},{"taxonomy":"product_cat","embeddable":true,"href":"https:\/\/roveyayinevi.com.tr\/index.php\/wp-json\/wp\/v2\/product_cat?post=735316"},{"taxonomy":"product_tag","embeddable":true,"href":"https:\/\/roveyayinevi.com.tr\/index.php\/wp-json\/wp\/v2\/product_tag?post=735316"}],"curies":[{"name":"wp","href":"https:\/\/api.w.org\/{rel}","templated":true}]}}