{"id":735313,"date":"2025-08-27T22:45:38","date_gmt":"2025-08-27T19:45:38","guid":{"rendered":"https:\/\/roveyayinevi.com.tr\/index.php\/urun\/tartismalar\/"},"modified":"2026-04-16T02:43:40","modified_gmt":"2026-04-15T23:43:40","slug":"tartismalar","status":"publish","type":"product","link":"https:\/\/roveyayinevi.com.tr\/index.php\/urun\/tartismalar\/","title":{"rendered":"Tart\u0131\u015fmalar"},"content":{"rendered":"<p>Bu k\u00fc\u00e7\u00fck derlemenin sonuna dek gelebilmi\u015f olanlar, \u201cBu adam da amma kavgac\u0131ym\u0131\u015f!\u201d diyerek par\u00e7al\u0131 ki\u015fili\u011fime yeni bir par\u00e7a daha ekleyebilirler. Vard\u0131klar\u0131 sonu\u00e7 buysa, ne s\u00f6yleyebilirim? Olsa olsa \u015funu: \u201cKim de\u011fil ki?\u201d On iki y\u0131ldan fazla bir s\u00fcrede on iki kavga yaz\u0131s\u0131. \u00c7o\u011fu da savunma. \u00c7ok mu gene de? \u00c7ok diyorsan\u0131z \u00e7ok olsun.   Bir kavga daha \u00e7\u0131karmayal\u0131m.   Anlat\u0131n\u0131n hi\u00e7bir zaman tek \u00f6zneli bir edim olmad\u0131\u011f\u0131 fikrini savunan Tahsin Y\u00fccel Tart\u0131\u015fmalar\u2019da her biri kar\u015f\u0131-\u00f6zneye yaz\u0131lm\u0131\u015f on iki tart\u0131\u015fma yaz\u0131s\u0131n\u0131 topluyor. Tahsin Y\u00fccel, \u201c\u00e7ift y\u00f6nl\u00fc anlat\u0131 izlencesi\u201d olarak tan\u0131mlad\u0131\u011f\u0131 ve yer yer a\u011f\u0131z kavgas\u0131yla benzer \u00f6zellikler g\u00f6sterebildi\u011fini kabul etti\u011fi bu yaz\u0131lar\u0131nda edebiyat d\u00fcnyas\u0131ndan tan\u0131d\u0131\u011f\u0131m\u0131z pek \u00e7ok farkl\u0131 isimle yaz\u0131nsal bir tart\u0131\u015fmaya giriyor. Farkl\u0131 edeb\u00ee fig\u00fcrlerin yap\u0131salc\u0131l\u0131k ak\u0131m\u0131na getirdi\u011fi ele\u015ftirilere, yaz\u0131n \u00f6d\u00fcllerinin se\u00e7ici kurullar\u0131nda g\u00f6rev alan ki\u015fileri ele\u015ftiren Aziz Nesin\u2019e ve Fethi Naci\u2019nin Peygamberin Son Be\u015f G\u00fcn\u00fc incelemesine cevap veriyor, T\u00fcrk Dil Kurumu&#8217;nu savunuyor ve Kara Kitap\u2019\u0131 ele\u015ftiriyor. Bu yaz\u0131larda Tahsin Y\u00fccel d\u00f6nemin yaz\u0131nsal d\u00fcnyas\u0131na bir bak\u0131\u015f sunmakla kalm\u0131yor, ayn\u0131 zamanda her \u015feyin ele\u015ftirilebilir ve herkesin ele\u015ftirmen oldu\u011fu bir d\u00f6nemde nas\u0131l d\u00fcr\u00fcst bir ele\u015ftirmen olunabilece\u011fini hat\u0131rlat\u0131yor okurlar\u0131na. <\/p>\n","protected":false},"excerpt":{"rendered":"<p>Bu k\u00fc\u00e7\u00fck derlemenin sonuna dek gelebilmi\u015f olanlar, \u201cBu adam da amma kavgac\u0131ym\u0131\u015f!\u201d diyerek par\u00e7al\u0131 ki\u015fili\u011fime yeni bir par\u00e7a daha ekleyebilirler. Vard\u0131klar\u0131 sonu\u00e7 buysa, ne s\u00f6yleyebilirim? Olsa<span class=\"excerpt-hellip\"> [\u2026]<\/span><\/p>\n","protected":false},"featured_media":0,"template":"","meta":{"_monsterinsights_skip_tracking":false,"_monsterinsights_sitenote_active":false,"_monsterinsights_sitenote_note":"","_monsterinsights_sitenote_category":0},"product_brand":[],"product_cat":[12777,12291],"product_tag":[],"class_list":{"0":"post-735313","1":"product","2":"type-product","3":"status-publish","5":"product_cat-deneme","6":"product_cat-edebiyat","7":"pa_cilt-ciltsiz","8":"pa_tur-kitap","9":"pa_yayinevi-can-yayinlari","10":"pa_yazar-tahsin-yucel","12":"first","13":"instock","14":"sale","15":"shipping-taxable","16":"purchasable","17":"product-type-simple"},"_links":{"self":[{"href":"https:\/\/roveyayinevi.com.tr\/index.php\/wp-json\/wp\/v2\/product\/735313","targetHints":{"allow":["GET"]}}],"collection":[{"href":"https:\/\/roveyayinevi.com.tr\/index.php\/wp-json\/wp\/v2\/product"}],"about":[{"href":"https:\/\/roveyayinevi.com.tr\/index.php\/wp-json\/wp\/v2\/types\/product"}],"wp:attachment":[{"href":"https:\/\/roveyayinevi.com.tr\/index.php\/wp-json\/wp\/v2\/media?parent=735313"}],"wp:term":[{"taxonomy":"product_brand","embeddable":true,"href":"https:\/\/roveyayinevi.com.tr\/index.php\/wp-json\/wp\/v2\/product_brand?post=735313"},{"taxonomy":"product_cat","embeddable":true,"href":"https:\/\/roveyayinevi.com.tr\/index.php\/wp-json\/wp\/v2\/product_cat?post=735313"},{"taxonomy":"product_tag","embeddable":true,"href":"https:\/\/roveyayinevi.com.tr\/index.php\/wp-json\/wp\/v2\/product_tag?post=735313"}],"curies":[{"name":"wp","href":"https:\/\/api.w.org\/{rel}","templated":true}]}}