{"id":735312,"date":"2025-08-27T22:45:37","date_gmt":"2025-08-27T19:45:37","guid":{"rendered":"https:\/\/roveyayinevi.com.tr\/index.php\/urun\/korkunc-general\/"},"modified":"2026-04-16T02:43:40","modified_gmt":"2026-04-15T23:43:40","slug":"korkunc-general","status":"publish","type":"product","link":"https:\/\/roveyayinevi.com.tr\/index.php\/urun\/korkunc-general\/","title":{"rendered":"Korkun\u00e7 General"},"content":{"rendered":"<p>Rosa ile Fico s\u0131radan \u00e7ocuklar de\u011fil, Costa Banana\u2019n\u0131n ba\u015fkan\u0131 Fernando\u2019nun \u00e7ocuklar\u0131d\u0131r. Ba\u015fkan Fernando, kendisi \u00f6ld\u00fc\u011f\u00fcnde yerine ge\u00e7ecek o\u011flu Fico\u2019ya bir hayli d\u00fc\u015fk\u00fcnd\u00fcr fakat k\u0131z\u0131 Rosa\u2019y\u0131 hafife almaktad\u0131r. Bir g\u00fcn Rosa, General Sjasliek\u2019in iktidar\u0131 ele ge\u00e7irip bir sava\u015f ba\u015flataca\u011f\u0131n\u0131 \u00f6\u011frenir, fakat kimseyi buna inand\u0131ramaz. Rosa karde\u015fini nihayet ikna etti\u011finde ikisi vakit kaybetmeden harekete ge\u00e7erler. Fakat Korkun\u00e7 General\u2019i ve sava\u015f\u0131 durdurmak m\u00fcmk\u00fcn olacak m\u0131d\u0131r?<\/p>\n","protected":false},"excerpt":{"rendered":"<p>Rosa ile Fico s\u0131radan \u00e7ocuklar de\u011fil, Costa Banana\u2019n\u0131n ba\u015fkan\u0131 Fernando\u2019nun \u00e7ocuklar\u0131d\u0131r. Ba\u015fkan Fernando, kendisi \u00f6ld\u00fc\u011f\u00fcnde yerine ge\u00e7ecek o\u011flu Fico\u2019ya bir hayli d\u00fc\u015fk\u00fcnd\u00fcr fakat k\u0131z\u0131 Rosa\u2019y\u0131 hafife<span class=\"excerpt-hellip\"> [\u2026]<\/span><\/p>\n","protected":false},"featured_media":0,"template":"","meta":{"_monsterinsights_skip_tracking":false,"_monsterinsights_sitenote_active":false,"_monsterinsights_sitenote_note":"","_monsterinsights_sitenote_category":0},"product_brand":[],"product_cat":[12275,12274],"product_tag":[],"class_list":{"0":"post-735312","1":"product","2":"type-product","3":"status-publish","5":"product_cat-6-12-yas-kitaplari","6":"product_cat-cocuk-ve-genclik-kitaplari","7":"pa_cilt-ciltsiz","8":"pa_tur-kitap","9":"pa_yayinevi-can-cocuk-yayinlari","10":"pa_yazar-jozua-douglas","12":"first","13":"instock","14":"sale","15":"shipping-taxable","16":"purchasable","17":"product-type-simple"},"_links":{"self":[{"href":"https:\/\/roveyayinevi.com.tr\/index.php\/wp-json\/wp\/v2\/product\/735312","targetHints":{"allow":["GET"]}}],"collection":[{"href":"https:\/\/roveyayinevi.com.tr\/index.php\/wp-json\/wp\/v2\/product"}],"about":[{"href":"https:\/\/roveyayinevi.com.tr\/index.php\/wp-json\/wp\/v2\/types\/product"}],"wp:attachment":[{"href":"https:\/\/roveyayinevi.com.tr\/index.php\/wp-json\/wp\/v2\/media?parent=735312"}],"wp:term":[{"taxonomy":"product_brand","embeddable":true,"href":"https:\/\/roveyayinevi.com.tr\/index.php\/wp-json\/wp\/v2\/product_brand?post=735312"},{"taxonomy":"product_cat","embeddable":true,"href":"https:\/\/roveyayinevi.com.tr\/index.php\/wp-json\/wp\/v2\/product_cat?post=735312"},{"taxonomy":"product_tag","embeddable":true,"href":"https:\/\/roveyayinevi.com.tr\/index.php\/wp-json\/wp\/v2\/product_tag?post=735312"}],"curies":[{"name":"wp","href":"https:\/\/api.w.org\/{rel}","templated":true}]}}