{"id":735308,"date":"2025-08-27T22:45:32","date_gmt":"2025-08-27T19:45:32","guid":{"rendered":"https:\/\/roveyayinevi.com.tr\/index.php\/urun\/dokunus\/"},"modified":"2026-04-16T02:43:40","modified_gmt":"2026-04-15T23:43:40","slug":"dokunus","status":"publish","type":"product","link":"https:\/\/roveyayinevi.com.tr\/index.php\/urun\/dokunus\/","title":{"rendered":"Dokunu\u015f"},"content":{"rendered":"<p>Karanl\u0131k b\u0131r yola \u00e7\u0131kt\u0131\u011fimizda t\u00f6kezlememek. d\u00fc\u015fmemek ve do\u011fru y\u00f6ne gitmek i\u00e7in \u0131\u015f\u0131\u011fa ihtiya\u00e7 duyar\u0131z. Hayat ser\u00fcveninin karanl\u0131k yolar\u0131nda \u0131\u015f\u0131\u011fa ihtiya\u00e7 duydu\u011fumuz anda \u00f6\u011felmenler \u00e7\u0131kar kar\u015f\u0131m\u0131za. Baz\u0131 \u00f6\u011fretmenler vard\u0131r ki anlam tuttu\u011fu \u0131\u015f\u0131k yaln\u0131zca o an\u0131n de\u011fil, t\u00fcm \u00f6mr\u00fcn yol g\u00f6stericisi oluverir. \u0130\u015fte o \u00f6\u011felmenlere rastlayanlar hayat\u0131 boyunca gidecekleri istikameti iyi bilirler. \u00f6\u011fretmen asl\u0131nda kendisinden \u00e7ok ba\u015fkalar\u0131 i\u00e7in ya\u015fayan ve onlara y\u00f6n verenlerdir. K\u00fc\u00e7\u00fcc\u00fck \u00e7ocuklar\u0131n g\u00f6n\u00fcllerine b\u0131rakt\u011f\u0131 s\u0131cakl\u0131k ile hi\u00e7 unutulmayan. ve ba\u015fkalan i\u00e7in ya\u015famay\u0131 kendisine \u015fair edinmi\u015f bi \u00d6\u011fretmen hayal edin&#8230;<\/p>\n","protected":false},"excerpt":{"rendered":"<p>Karanl\u0131k b\u0131r yola \u00e7\u0131kt\u0131\u011fimizda t\u00f6kezlememek. d\u00fc\u015fmemek ve do\u011fru y\u00f6ne gitmek i\u00e7in \u0131\u015f\u0131\u011fa ihtiya\u00e7 duyar\u0131z. Hayat ser\u00fcveninin karanl\u0131k yolar\u0131nda \u0131\u015f\u0131\u011fa ihtiya\u00e7 duydu\u011fumuz anda \u00f6\u011felmenler \u00e7\u0131kar kar\u015f\u0131m\u0131za. Baz\u0131<span class=\"excerpt-hellip\"> [\u2026]<\/span><\/p>\n","protected":false},"featured_media":0,"template":"","meta":{"_monsterinsights_skip_tracking":false,"_monsterinsights_sitenote_active":false,"_monsterinsights_sitenote_note":"","_monsterinsights_sitenote_category":0},"product_brand":[],"product_cat":[13701,12291],"product_tag":[],"class_list":{"0":"post-735308","1":"product","2":"type-product","3":"status-publish","5":"product_cat-ani-mektup-gunluk","6":"product_cat-edebiyat","7":"pa_cilt-ciltsiz","8":"pa_tur-kitap","9":"pa_yayinevi-baris-kitap","10":"pa_yazar-fazil-cakiroglu","12":"first","13":"instock","14":"sale","15":"shipping-taxable","16":"purchasable","17":"product-type-simple"},"_links":{"self":[{"href":"https:\/\/roveyayinevi.com.tr\/index.php\/wp-json\/wp\/v2\/product\/735308","targetHints":{"allow":["GET"]}}],"collection":[{"href":"https:\/\/roveyayinevi.com.tr\/index.php\/wp-json\/wp\/v2\/product"}],"about":[{"href":"https:\/\/roveyayinevi.com.tr\/index.php\/wp-json\/wp\/v2\/types\/product"}],"wp:attachment":[{"href":"https:\/\/roveyayinevi.com.tr\/index.php\/wp-json\/wp\/v2\/media?parent=735308"}],"wp:term":[{"taxonomy":"product_brand","embeddable":true,"href":"https:\/\/roveyayinevi.com.tr\/index.php\/wp-json\/wp\/v2\/product_brand?post=735308"},{"taxonomy":"product_cat","embeddable":true,"href":"https:\/\/roveyayinevi.com.tr\/index.php\/wp-json\/wp\/v2\/product_cat?post=735308"},{"taxonomy":"product_tag","embeddable":true,"href":"https:\/\/roveyayinevi.com.tr\/index.php\/wp-json\/wp\/v2\/product_tag?post=735308"}],"curies":[{"name":"wp","href":"https:\/\/api.w.org\/{rel}","templated":true}]}}