{"id":735307,"date":"2025-08-27T22:45:31","date_gmt":"2025-08-27T19:45:31","guid":{"rendered":"https:\/\/roveyayinevi.com.tr\/index.php\/urun\/dun-ve-bugun-alevilik-aleviligin-sosyolojisi\/"},"modified":"2026-01-20T03:13:53","modified_gmt":"2026-01-20T00:13:53","slug":"dun-ve-bugun-alevilik-aleviligin-sosyolojisi","status":"publish","type":"product","link":"https:\/\/roveyayinevi.com.tr\/index.php\/urun\/dun-ve-bugun-alevilik-aleviligin-sosyolojisi\/","title":{"rendered":"D\u00fcn ve Bug\u00fcn Alevilik &#8211; Alevili\u011fin Sosyolojisi"},"content":{"rendered":"<p>D\u00fcn ve Bug\u00fcn Alevilik &#8211; Alevili\u011fin Sosyolojisi<\/p>\n","protected":false},"excerpt":{"rendered":"<p>D\u00fcn ve Bug\u00fcn Alevilik &#8211; Alevili\u011fin Sosyolojisi<\/p>\n","protected":false},"featured_media":0,"template":"","meta":{"_monsterinsights_skip_tracking":false,"_monsterinsights_sitenote_active":false,"_monsterinsights_sitenote_note":"","_monsterinsights_sitenote_category":0},"product_brand":[],"product_cat":[13575,12718,12719],"product_tag":[],"class_list":{"0":"post-735307","1":"product","2":"type-product","3":"status-publish","5":"product_cat-alevilik-bektasilik","6":"product_cat-din","7":"product_cat-islam","8":"pa_cilt-ciltsiz","9":"pa_tur-kitap","10":"pa_yayinevi-baris-kitap","11":"pa_yazar-dursun-akkaya","13":"first","14":"instock","15":"sale","16":"shipping-taxable","17":"purchasable","18":"product-type-simple"},"_links":{"self":[{"href":"https:\/\/roveyayinevi.com.tr\/index.php\/wp-json\/wp\/v2\/product\/735307","targetHints":{"allow":["GET"]}}],"collection":[{"href":"https:\/\/roveyayinevi.com.tr\/index.php\/wp-json\/wp\/v2\/product"}],"about":[{"href":"https:\/\/roveyayinevi.com.tr\/index.php\/wp-json\/wp\/v2\/types\/product"}],"wp:attachment":[{"href":"https:\/\/roveyayinevi.com.tr\/index.php\/wp-json\/wp\/v2\/media?parent=735307"}],"wp:term":[{"taxonomy":"product_brand","embeddable":true,"href":"https:\/\/roveyayinevi.com.tr\/index.php\/wp-json\/wp\/v2\/product_brand?post=735307"},{"taxonomy":"product_cat","embeddable":true,"href":"https:\/\/roveyayinevi.com.tr\/index.php\/wp-json\/wp\/v2\/product_cat?post=735307"},{"taxonomy":"product_tag","embeddable":true,"href":"https:\/\/roveyayinevi.com.tr\/index.php\/wp-json\/wp\/v2\/product_tag?post=735307"}],"curies":[{"name":"wp","href":"https:\/\/api.w.org\/{rel}","templated":true}]}}