{"id":735306,"date":"2025-08-27T22:45:30","date_gmt":"2025-08-27T19:45:30","guid":{"rendered":"https:\/\/roveyayinevi.com.tr\/index.php\/urun\/patrik-bartholomeos\/"},"modified":"2026-04-16T02:43:40","modified_gmt":"2026-04-15T23:43:40","slug":"patrik-bartholomeos","status":"publish","type":"product","link":"https:\/\/roveyayinevi.com.tr\/index.php\/urun\/patrik-bartholomeos\/","title":{"rendered":"Patrik Bartholomeos"},"content":{"rendered":"<p>Patrikli\u011finin 30. y\u0131l\u0131nda Patrik Bartholomeos\u2019la \u00f6zel bir nehir s\u00f6yle\u015fi&#8230;   Prof. Dr. El\u00e7in Macar, bu y\u0131l ruhanili\u011finin altm\u0131\u015f\u0131nc\u0131, patrikli\u011finin ise otuzuncu y\u0131l\u0131n\u0131 kutlayan Patrik Bartholomeos\u2019a ya\u015fam\u0131na, e\u011fitimine, din adaml\u0131\u011f\u0131na ve Ortodoks d\u00fcnyaya ait sorular sordu. Patri\u011fin \u0130mroz\u2019da ba\u015flay\u0131p Heybeliada Ruhban Okulu\u2019nda devam eden e\u011fitimi, \u0130talya\u2019daki kilise hukuku doktoras\u0131, Patrikhane\u2019deki g\u00f6revleri ve 1991\u2019de Ek\u00fcmenik Patrik se\u00e7ilmesi s\u00f6yle\u015finin ana eksenini olu\u015fturuyor. Patrikhane\u2019nin Ortodoks d\u00fcnyadaki anlam\u0131n\u0131 ve yerini Patrik Bartholomeos kendi s\u00f6zc\u00fckleriyle anlat\u0131yor.    Dinler aras\u0131 diyalo\u011fa, Vatikan\u2019la ili\u015fkilere verdi\u011fi \u00f6nem, Patrikhane\u2019yi ula\u015ft\u0131rd\u0131\u011f\u0131 konum, bug\u00fcn Ye\u015fil Patrik diye an\u0131lmas\u0131n\u0131 sa\u011flayan \u00e7evreci kimli\u011fi gibi \u00f6ne \u00e7\u0131kan bir\u00e7ok konunun yan\u0131 s\u0131ra, enerjik ve esprili ki\u015fili\u011fiyle Patrik Bartholomeos\u2019u tan\u0131maya y\u00f6nelik k\u0131ymetli bir katk\u0131&#8230;    <\/p>\n","protected":false},"excerpt":{"rendered":"<p>Patrikli\u011finin 30. y\u0131l\u0131nda Patrik Bartholomeos\u2019la \u00f6zel bir nehir s\u00f6yle\u015fi&#8230; Prof. Dr. El\u00e7in Macar, bu y\u0131l ruhanili\u011finin altm\u0131\u015f\u0131nc\u0131, patrikli\u011finin ise otuzuncu y\u0131l\u0131n\u0131 kutlayan Patrik Bartholomeos\u2019a ya\u015fam\u0131na, e\u011fitimine,<span class=\"excerpt-hellip\"> [\u2026]<\/span><\/p>\n","protected":false},"featured_media":0,"template":"","meta":{"_monsterinsights_skip_tracking":false,"_monsterinsights_sitenote_active":false,"_monsterinsights_sitenote_note":"","_monsterinsights_sitenote_category":0},"product_brand":[],"product_cat":[12291,30969],"product_tag":[],"class_list":{"0":"post-735306","1":"product","2":"type-product","3":"status-publish","5":"product_cat-edebiyat","6":"product_cat-soylesi-edebiyat","7":"pa_cilt-ciltsiz","8":"pa_tur-kitap","9":"pa_yayinevi-dogan-kitap","10":"pa_yazar-elcin-macar","12":"first","13":"instock","14":"sale","15":"shipping-taxable","16":"purchasable","17":"product-type-simple"},"_links":{"self":[{"href":"https:\/\/roveyayinevi.com.tr\/index.php\/wp-json\/wp\/v2\/product\/735306","targetHints":{"allow":["GET"]}}],"collection":[{"href":"https:\/\/roveyayinevi.com.tr\/index.php\/wp-json\/wp\/v2\/product"}],"about":[{"href":"https:\/\/roveyayinevi.com.tr\/index.php\/wp-json\/wp\/v2\/types\/product"}],"wp:attachment":[{"href":"https:\/\/roveyayinevi.com.tr\/index.php\/wp-json\/wp\/v2\/media?parent=735306"}],"wp:term":[{"taxonomy":"product_brand","embeddable":true,"href":"https:\/\/roveyayinevi.com.tr\/index.php\/wp-json\/wp\/v2\/product_brand?post=735306"},{"taxonomy":"product_cat","embeddable":true,"href":"https:\/\/roveyayinevi.com.tr\/index.php\/wp-json\/wp\/v2\/product_cat?post=735306"},{"taxonomy":"product_tag","embeddable":true,"href":"https:\/\/roveyayinevi.com.tr\/index.php\/wp-json\/wp\/v2\/product_tag?post=735306"}],"curies":[{"name":"wp","href":"https:\/\/api.w.org\/{rel}","templated":true}]}}