{"id":735305,"date":"2025-08-27T22:45:29","date_gmt":"2025-08-27T19:45:29","guid":{"rendered":"https:\/\/roveyayinevi.com.tr\/index.php\/urun\/en-hakiki-mursit\/"},"modified":"2026-04-16T02:43:40","modified_gmt":"2026-04-15T23:43:40","slug":"en-hakiki-mursit","status":"publish","type":"product","link":"https:\/\/roveyayinevi.com.tr\/index.php\/urun\/en-hakiki-mursit\/","title":{"rendered":"En Hakiki M\u00fcr\u015fit"},"content":{"rendered":"<p>\u201cI\u015f\u0131ktan h\u0131zl\u0131 gidebilece\u011fimizi, zamanda geriye yolculuk edebilece\u011fimizi pek sanm\u0131yorum. Ama geriye gitmeyi kim ister ki zaten! \u0130lerleyebiliriz. Yoksullu\u011fu yenebilir, herkesi doyurabilir, giydirebilir, e\u011fitebilir, biyolojimizin elverdi\u011fi \u00f6l\u00e7\u00fcde iyi ya\u015fatabiliriz. Bunu gezegenin atmosferini berbat etmeden, ba\u015fka canl\u0131 t\u00fcrlerini ortadan kald\u0131rmadan yapabiliriz. \u00c7ocuklar\u0131m\u0131za hayat\u0131n kutsand\u0131\u011f\u0131, yalan\u0131n ay\u0131pland\u0131\u011f\u0131, insanlar\u0131 birbirlerine dilleri, cinsiyetleri, renkleri y\u00fcz\u00fcnden d\u00fc\u015fman eden ideolojilerin \u00e7\u00f6pe at\u0131ld\u0131\u011f\u0131, kimsenin daha iyi ya\u015famak i\u00e7in bir ba\u015fkas\u0131n\u0131 s\u00f6m\u00fcrmesine gerek olmayan bir gelecek kurabiliriz.\u201d   Ya\u015fad\u0131\u011f\u0131m\u0131z evren nas\u0131l bir yer, bizim d\u0131\u015f\u0131m\u0131zda zek\u00e2lar var m\u0131, \u015fu koca uzayda biricik miyiz sorular\u0131n\u0131 sormak, her soruda ya\u015fam\u0131 biraz daha ayd\u0131nlatmak, insan\u0131 biraz daha anlamak; b\u00f6yle gelmi\u015f b\u00f6yle gider yalan\u0131n\u0131 yenebilmek, \u201canlamak gideni ve gelmekte olan\u0131\u201d, EN HAK\u0130K\u0130 M\u00dcR\u015e\u0130T\u2019le m\u00fcmk\u00fcn.   Bilim nedir? Nas\u0131l yap\u0131l\u0131r? Ne i\u015fe yarar? Neye inanmam\u0131z\u0131 s\u00f6yler? Neden \u00f6zg\u00fcr olmal\u0131d\u0131r? Onu ink\u00e2r edenlerin ba\u015f\u0131na neler gelir?   Cem Say\u2019dan ger\u00e7e\u011fe ula\u015fmak i\u00e7in ke\u015ffedilmi\u015f en iyi y\u00f6ntemi anlatan, \u201cs\u00f6zelciler\u201d dahil herkesi evreni anlama \u00e7abam\u0131z\u0131n co\u015fkusuyla bulu\u015fturan bir kitap: En Hakiki M\u00fcr\u015fit  <\/p>\n","protected":false},"excerpt":{"rendered":"<p>\u201cI\u015f\u0131ktan h\u0131zl\u0131 gidebilece\u011fimizi, zamanda geriye yolculuk edebilece\u011fimizi pek sanm\u0131yorum. Ama geriye gitmeyi kim ister ki zaten! \u0130lerleyebiliriz. Yoksullu\u011fu yenebilir, herkesi doyurabilir, giydirebilir, e\u011fitebilir, biyolojimizin elverdi\u011fi \u00f6l\u00e7\u00fcde<span class=\"excerpt-hellip\"> [\u2026]<\/span><\/p>\n","protected":false},"featured_media":0,"template":"","meta":{"_monsterinsights_skip_tracking":false,"_monsterinsights_sitenote_active":false,"_monsterinsights_sitenote_note":"","_monsterinsights_sitenote_category":0},"product_brand":[],"product_cat":[13036,12718,12719],"product_tag":[],"class_list":{"0":"post-735305","1":"product","2":"type-product","3":"status-publish","5":"product_cat-arastirma-inceleme-islam","6":"product_cat-din","7":"product_cat-islam","8":"pa_cilt-ciltsiz","9":"pa_tur-kitap","10":"pa_yayinevi-dogan-kitap","11":"pa_yazar-cem-say","13":"first","14":"instock","15":"sale","16":"shipping-taxable","17":"purchasable","18":"product-type-simple"},"_links":{"self":[{"href":"https:\/\/roveyayinevi.com.tr\/index.php\/wp-json\/wp\/v2\/product\/735305","targetHints":{"allow":["GET"]}}],"collection":[{"href":"https:\/\/roveyayinevi.com.tr\/index.php\/wp-json\/wp\/v2\/product"}],"about":[{"href":"https:\/\/roveyayinevi.com.tr\/index.php\/wp-json\/wp\/v2\/types\/product"}],"wp:attachment":[{"href":"https:\/\/roveyayinevi.com.tr\/index.php\/wp-json\/wp\/v2\/media?parent=735305"}],"wp:term":[{"taxonomy":"product_brand","embeddable":true,"href":"https:\/\/roveyayinevi.com.tr\/index.php\/wp-json\/wp\/v2\/product_brand?post=735305"},{"taxonomy":"product_cat","embeddable":true,"href":"https:\/\/roveyayinevi.com.tr\/index.php\/wp-json\/wp\/v2\/product_cat?post=735305"},{"taxonomy":"product_tag","embeddable":true,"href":"https:\/\/roveyayinevi.com.tr\/index.php\/wp-json\/wp\/v2\/product_tag?post=735305"}],"curies":[{"name":"wp","href":"https:\/\/api.w.org\/{rel}","templated":true}]}}