{"id":735304,"date":"2025-08-27T22:45:28","date_gmt":"2025-08-27T19:45:28","guid":{"rendered":"https:\/\/roveyayinevi.com.tr\/index.php\/urun\/disney-prenses-cesaret-ve-iyilik-masallari-2\/"},"modified":"2026-04-16T02:43:40","modified_gmt":"2026-04-15T23:43:40","slug":"disney-prenses-cesaret-ve-iyilik-masallari-2","status":"publish","type":"product","link":"https:\/\/roveyayinevi.com.tr\/index.php\/urun\/disney-prenses-cesaret-ve-iyilik-masallari-2\/","title":{"rendered":"Disney Prenses Cesaret ve \u0130yilik Masallar\u0131 2"},"content":{"rendered":"<p>Disney\u2019in d\u00fcnya \u00e7ap\u0131nda ba\u015flatt\u0131\u011f\u0131 B\u00fcy\u00fck Prenses Kutlamas\u0131\u2019na 3 kitaptan olu\u015fan \u00f6zel ve yepyeni bir masal dizisiyle kat\u0131lmaya haz\u0131r m\u0131s\u0131n\u0131z? Elsa, Anna, Mulan, Sindirella, Moana, Pocahontas, Pamuk Prenses, Ariel, Merida, Aurora, Tiana, Bella, Yasemin ve Rapunzel&#8230; Disney\u2019in \u00e7ok sevilen on d\u00f6rt prensesi, bu yepyeni maceralar\u0131nda zor durumlar\u0131n \u00fcstesinden cesaret ve iyilikle gelmeyi \u00f6\u011freniyor. Disney \u00e7izerlerinin ill\u00fcstrasyonlar\u0131yla s\u00fcslenen Cesaret ve \u0130yilik Masallar\u0131 dizisi, iyilik ve cesaretle \u015fekillenen \u201cdaha iyi bir d\u00fcnya i\u00e7in\u201d ilham\u0131n\u0131z olacak. <\/p>\n","protected":false},"excerpt":{"rendered":"<p>Disney\u2019in d\u00fcnya \u00e7ap\u0131nda ba\u015flatt\u0131\u011f\u0131 B\u00fcy\u00fck Prenses Kutlamas\u0131\u2019na 3 kitaptan olu\u015fan \u00f6zel ve yepyeni bir masal dizisiyle kat\u0131lmaya haz\u0131r m\u0131s\u0131n\u0131z? Elsa, Anna, Mulan, Sindirella, Moana, Pocahontas, Pamuk<span class=\"excerpt-hellip\"> [\u2026]<\/span><\/p>\n","protected":false},"featured_media":0,"template":"","meta":{"_monsterinsights_skip_tracking":false,"_monsterinsights_sitenote_active":false,"_monsterinsights_sitenote_note":"","_monsterinsights_sitenote_category":0},"product_brand":[],"product_cat":[12275,12274],"product_tag":[],"class_list":{"0":"post-735304","1":"product","2":"type-product","3":"status-publish","5":"product_cat-6-12-yas-kitaplari","6":"product_cat-cocuk-ve-genclik-kitaplari","7":"pa_cilt-ciltsiz","8":"pa_tur-kitap","9":"pa_yayinevi-dogan-egmont-yayincilik","10":"pa_yazar-dogan-egmont-kolektif","12":"first","13":"instock","14":"sale","15":"shipping-taxable","16":"purchasable","17":"product-type-simple"},"_links":{"self":[{"href":"https:\/\/roveyayinevi.com.tr\/index.php\/wp-json\/wp\/v2\/product\/735304","targetHints":{"allow":["GET"]}}],"collection":[{"href":"https:\/\/roveyayinevi.com.tr\/index.php\/wp-json\/wp\/v2\/product"}],"about":[{"href":"https:\/\/roveyayinevi.com.tr\/index.php\/wp-json\/wp\/v2\/types\/product"}],"wp:attachment":[{"href":"https:\/\/roveyayinevi.com.tr\/index.php\/wp-json\/wp\/v2\/media?parent=735304"}],"wp:term":[{"taxonomy":"product_brand","embeddable":true,"href":"https:\/\/roveyayinevi.com.tr\/index.php\/wp-json\/wp\/v2\/product_brand?post=735304"},{"taxonomy":"product_cat","embeddable":true,"href":"https:\/\/roveyayinevi.com.tr\/index.php\/wp-json\/wp\/v2\/product_cat?post=735304"},{"taxonomy":"product_tag","embeddable":true,"href":"https:\/\/roveyayinevi.com.tr\/index.php\/wp-json\/wp\/v2\/product_tag?post=735304"}],"curies":[{"name":"wp","href":"https:\/\/api.w.org\/{rel}","templated":true}]}}