{"id":735303,"date":"2025-08-27T22:45:28","date_gmt":"2025-08-27T19:45:28","guid":{"rendered":"https:\/\/roveyayinevi.com.tr\/index.php\/urun\/kanttan-hegele-alman-idealizmi\/"},"modified":"2026-04-16T02:43:40","modified_gmt":"2026-04-15T23:43:40","slug":"kanttan-hegele-alman-idealizmi","status":"publish","type":"product","link":"https:\/\/roveyayinevi.com.tr\/index.php\/urun\/kanttan-hegele-alman-idealizmi\/","title":{"rendered":"Kant\u2019tan Hegel\u2019e Alman \u0130dealizmi"},"content":{"rendered":"<p>Schelling bir mektubunda Hegel\u2019e \u2018b\u00fcy\u00fck Kant\u2019 hakk\u0131nda \u015f\u00f6yle diyordu: \u201cKant bize sonu\u00e7lar\u0131 verdi, ancak \u00f6nc\u00fcller h\u00e2l\u00e2 eksik.\u201d Bu kitap, bu \u00f6nc\u00fclleri aray\u0131\u015f \u00e7abas\u0131n\u0131n felsefe tarihinin g\u00f6rd\u00fc\u011f\u00fc en b\u00fcy\u00fck d\u00fc\u015f\u00fcnce sistemlerinden birinin ortaya \u00e7\u0131kmas\u0131na nas\u0131l yol a\u00e7t\u0131\u011f\u0131n\u0131 g\u00f6stermeyi ama\u00e7l\u0131yor. Bu kitap, Alman \u0130dealizmine filozoflar, kavramlar ve temel tart\u0131\u015fmalar \u00fczerinden giri\u015f yapmaktad\u0131r. Alman \u0130dealizminin k\u00f6keni olarak Kant felsefesi; Kant sonras\u0131 felsefenin en \u00f6nemli isimleri Jacobi, Reinhold, Schulze, Maimon felsefelerinin anlam\u0131; Fichte\u2019nin diyalektik ve m\u00fclkiyet anlay\u0131\u015f\u0131, Schelling\u2019in \u00f6zde\u015flik ve do\u011fa felsefesi, Hegel\u2019in bilin\u00e7, devlet ve din felsefesi kitapta ele al\u0131nan temel konulardand\u0131r.<\/p>\n","protected":false},"excerpt":{"rendered":"<p>Schelling bir mektubunda Hegel\u2019e \u2018b\u00fcy\u00fck Kant\u2019 hakk\u0131nda \u015f\u00f6yle diyordu: \u201cKant bize sonu\u00e7lar\u0131 verdi, ancak \u00f6nc\u00fcller h\u00e2l\u00e2 eksik.\u201d Bu kitap, bu \u00f6nc\u00fclleri aray\u0131\u015f \u00e7abas\u0131n\u0131n felsefe tarihinin g\u00f6rd\u00fc\u011f\u00fc<span class=\"excerpt-hellip\"> [\u2026]<\/span><\/p>\n","protected":false},"featured_media":0,"template":"","meta":{"_monsterinsights_skip_tracking":false,"_monsterinsights_sitenote_active":false,"_monsterinsights_sitenote_note":"","_monsterinsights_sitenote_category":0},"product_brand":[],"product_cat":[20351,12388],"product_tag":[],"class_list":{"0":"post-735303","1":"product","2":"type-product","3":"status-publish","5":"product_cat-dusunce","6":"product_cat-felsefe","7":"pa_cilt-ciltsiz","8":"pa_tur-kitap","9":"pa_yayinevi-fol-kitap","10":"pa_yazar-arslan-topakkaya","12":"first","13":"instock","14":"sale","15":"shipping-taxable","16":"purchasable","17":"product-type-simple"},"_links":{"self":[{"href":"https:\/\/roveyayinevi.com.tr\/index.php\/wp-json\/wp\/v2\/product\/735303","targetHints":{"allow":["GET"]}}],"collection":[{"href":"https:\/\/roveyayinevi.com.tr\/index.php\/wp-json\/wp\/v2\/product"}],"about":[{"href":"https:\/\/roveyayinevi.com.tr\/index.php\/wp-json\/wp\/v2\/types\/product"}],"wp:attachment":[{"href":"https:\/\/roveyayinevi.com.tr\/index.php\/wp-json\/wp\/v2\/media?parent=735303"}],"wp:term":[{"taxonomy":"product_brand","embeddable":true,"href":"https:\/\/roveyayinevi.com.tr\/index.php\/wp-json\/wp\/v2\/product_brand?post=735303"},{"taxonomy":"product_cat","embeddable":true,"href":"https:\/\/roveyayinevi.com.tr\/index.php\/wp-json\/wp\/v2\/product_cat?post=735303"},{"taxonomy":"product_tag","embeddable":true,"href":"https:\/\/roveyayinevi.com.tr\/index.php\/wp-json\/wp\/v2\/product_tag?post=735303"}],"curies":[{"name":"wp","href":"https:\/\/api.w.org\/{rel}","templated":true}]}}