{"id":735301,"date":"2025-08-27T22:45:26","date_gmt":"2025-08-27T19:45:26","guid":{"rendered":"https:\/\/roveyayinevi.com.tr\/index.php\/urun\/azizler-ve-dahiler\/"},"modified":"2026-04-16T02:43:40","modified_gmt":"2026-04-15T23:43:40","slug":"azizler-ve-dahiler","status":"publish","type":"product","link":"https:\/\/roveyayinevi.com.tr\/index.php\/urun\/azizler-ve-dahiler\/","title":{"rendered":"Azizler ve Dahiler"},"content":{"rendered":"<p>Bu kitap, Orta\u00e7a\u011fda bilim ve felsefenin sek\u00fclerizm ve iktidarla ili\u015fkisini ele al\u0131yor. Orta\u00e7a\u011f\u0131 a\u00e7an ve kapatan iki bilim insan\u0131, Hypatia ve Galileo \u00fczerinden akl\u0131n, din ve iktidarla sava\u015f\u0131n\u0131 anlat\u0131yor. \u2022  Cad\u0131l\u0131kla su\u00e7lanarak \u00f6ld\u00fcr\u00fclen bilim kad\u0131n\u0131 ve filozof  \u0130skenderiyeli Hypatia yaln\u0131zca bir efsaneden mi ibaretti? \u2022  Hypatia\u2019n\u0131n katli ve Galileo\u2019nun yarg\u0131lanmas\u0131 din ile bilimin \u00e7at\u0131\u015fmas\u0131n\u0131n m\u0131 \u00fcr\u00fcn\u00fcyd\u00fc? \u2022  Bilim ve felsefenin, teolojinin hizmet\u00e7isi oldu\u011fu \u00f6\u011fretisi iktidar i\u00e7in ara\u00e7 olarak m\u0131 kullan\u0131ld\u0131 m\u0131? \u2022  Antik bilim ve felsefenin \u00e7\u00f6k\u00fc\u015f\u00fcne neden olan Kilise\u2019nin y\u00fckseli\u015fi miydi? K\u0131sacas\u0131 bu kitap, Azizlerin ve D\u00e2hilerin bitmek bilmez m\u00fccadelesinin \u00f6yk\u00fcs\u00fcn\u00fc anlat\u0131yor. <\/p>\n","protected":false},"excerpt":{"rendered":"<p>Bu kitap, Orta\u00e7a\u011fda bilim ve felsefenin sek\u00fclerizm ve iktidarla ili\u015fkisini ele al\u0131yor. Orta\u00e7a\u011f\u0131 a\u00e7an ve kapatan iki bilim insan\u0131, Hypatia ve Galileo \u00fczerinden akl\u0131n, din ve<span class=\"excerpt-hellip\"> [\u2026]<\/span><\/p>\n","protected":false},"featured_media":0,"template":"","meta":{"_monsterinsights_skip_tracking":false,"_monsterinsights_sitenote_active":false,"_monsterinsights_sitenote_note":"","_monsterinsights_sitenote_category":0},"product_brand":[],"product_cat":[13005,15998],"product_tag":[],"class_list":{"0":"post-735301","1":"product","2":"type-product","3":"status-publish","5":"product_cat-bilim-muhendislik","6":"product_cat-bilim-tarihi","7":"pa_cilt-ciltsiz","8":"pa_tur-kitap","9":"pa_yayinevi-fol-kitap","10":"pa_yazar-unsal-cimen","12":"first","13":"instock","14":"sale","15":"shipping-taxable","16":"purchasable","17":"product-type-simple"},"_links":{"self":[{"href":"https:\/\/roveyayinevi.com.tr\/index.php\/wp-json\/wp\/v2\/product\/735301","targetHints":{"allow":["GET"]}}],"collection":[{"href":"https:\/\/roveyayinevi.com.tr\/index.php\/wp-json\/wp\/v2\/product"}],"about":[{"href":"https:\/\/roveyayinevi.com.tr\/index.php\/wp-json\/wp\/v2\/types\/product"}],"wp:attachment":[{"href":"https:\/\/roveyayinevi.com.tr\/index.php\/wp-json\/wp\/v2\/media?parent=735301"}],"wp:term":[{"taxonomy":"product_brand","embeddable":true,"href":"https:\/\/roveyayinevi.com.tr\/index.php\/wp-json\/wp\/v2\/product_brand?post=735301"},{"taxonomy":"product_cat","embeddable":true,"href":"https:\/\/roveyayinevi.com.tr\/index.php\/wp-json\/wp\/v2\/product_cat?post=735301"},{"taxonomy":"product_tag","embeddable":true,"href":"https:\/\/roveyayinevi.com.tr\/index.php\/wp-json\/wp\/v2\/product_tag?post=735301"}],"curies":[{"name":"wp","href":"https:\/\/api.w.org\/{rel}","templated":true}]}}