{"id":735300,"date":"2025-08-27T22:45:25","date_gmt":"2025-08-27T19:45:25","guid":{"rendered":"https:\/\/roveyayinevi.com.tr\/index.php\/urun\/nebevi-liderlik-ve-hz-muhammed\/"},"modified":"2026-04-16T02:43:39","modified_gmt":"2026-04-15T23:43:39","slug":"nebevi-liderlik-ve-hz-muhammed","status":"publish","type":"product","link":"https:\/\/roveyayinevi.com.tr\/index.php\/urun\/nebevi-liderlik-ve-hz-muhammed\/","title":{"rendered":"Nebevi Liderlik ve Hz. Muhammed"},"content":{"rendered":"<p>Bir siyaset bilimcinin g\u00f6z\u00fcyle \u015fekillenen elinizdeki kitap, Peygamberimiz (sas.) d\u00f6nemindeki y\u00f6netim tarz\u0131n\u0131, ili\u015fki bi\u00e7imlerini ve stratejileri bug\u00fcn\u00fcn kavram setiyle anlamland\u0131rmaya \u00e7al\u0131\u015fmaktad\u0131r. \u2022 Hz. Peygamber\u2019in kurdu\u011fu siyasi yap\u0131ya devlet demek m\u00fcmk\u00fcn m\u00fcd\u00fcr? \u2022 Hz. Peygamber\u2019in y\u00f6neticilik vasf\u0131yla  Peygamberli\u011fi ayr\u0131labilir mi? \u2022 Hz. Peygamber\u2019in liderlik \u00f6zelliklerinden hangileri \u00f6rneklik te\u015fkil eder? \u2022Res\u00fblullah\u2019\u0131n ortaya koydu\u011fu siyaset tarz\u0131 bize ne t\u00fcr mesajlar vermektedir? \u2022 Asr-\u0131 Saadet d\u00f6nemi uygulamalar\u0131n\u0131n hangileri zaman \u00f6tesi ve ba\u011flay\u0131c\u0131 olarak g\u00f6r\u00fclebilir?<\/p>\n","protected":false},"excerpt":{"rendered":"<p>Bir siyaset bilimcinin g\u00f6z\u00fcyle \u015fekillenen elinizdeki kitap, Peygamberimiz (sas.) d\u00f6nemindeki y\u00f6netim tarz\u0131n\u0131, ili\u015fki bi\u00e7imlerini ve stratejileri bug\u00fcn\u00fcn kavram setiyle anlamland\u0131rmaya \u00e7al\u0131\u015fmaktad\u0131r. \u2022 Hz. Peygamber\u2019in kurdu\u011fu siyasi<span class=\"excerpt-hellip\"> [\u2026]<\/span><\/p>\n","protected":false},"featured_media":0,"template":"","meta":{"_monsterinsights_skip_tracking":false,"_monsterinsights_sitenote_active":false,"_monsterinsights_sitenote_note":"","_monsterinsights_sitenote_category":0},"product_brand":[],"product_cat":[12718,12719],"product_tag":[],"class_list":{"0":"post-735300","1":"product","2":"type-product","3":"status-publish","5":"product_cat-din","6":"product_cat-islam","7":"pa_cilt-ciltsiz","8":"pa_tur-kitap","9":"pa_yayinevi-otto-yayinlari","10":"pa_yazar-yalcin-akdogan","12":"first","13":"instock","14":"sale","15":"shipping-taxable","16":"purchasable","17":"product-type-simple"},"_links":{"self":[{"href":"https:\/\/roveyayinevi.com.tr\/index.php\/wp-json\/wp\/v2\/product\/735300","targetHints":{"allow":["GET"]}}],"collection":[{"href":"https:\/\/roveyayinevi.com.tr\/index.php\/wp-json\/wp\/v2\/product"}],"about":[{"href":"https:\/\/roveyayinevi.com.tr\/index.php\/wp-json\/wp\/v2\/types\/product"}],"wp:attachment":[{"href":"https:\/\/roveyayinevi.com.tr\/index.php\/wp-json\/wp\/v2\/media?parent=735300"}],"wp:term":[{"taxonomy":"product_brand","embeddable":true,"href":"https:\/\/roveyayinevi.com.tr\/index.php\/wp-json\/wp\/v2\/product_brand?post=735300"},{"taxonomy":"product_cat","embeddable":true,"href":"https:\/\/roveyayinevi.com.tr\/index.php\/wp-json\/wp\/v2\/product_cat?post=735300"},{"taxonomy":"product_tag","embeddable":true,"href":"https:\/\/roveyayinevi.com.tr\/index.php\/wp-json\/wp\/v2\/product_tag?post=735300"}],"curies":[{"name":"wp","href":"https:\/\/api.w.org\/{rel}","templated":true}]}}