{"id":735299,"date":"2025-08-27T22:45:24","date_gmt":"2025-08-27T19:45:24","guid":{"rendered":"https:\/\/roveyayinevi.com.tr\/index.php\/urun\/kitap-yapma-sanati\/"},"modified":"2026-04-16T02:43:39","modified_gmt":"2026-04-15T23:43:39","slug":"kitap-yapma-sanati","status":"publish","type":"product","link":"https:\/\/roveyayinevi.com.tr\/index.php\/urun\/kitap-yapma-sanati\/","title":{"rendered":"Kitap Yapma Sanat\u0131"},"content":{"rendered":"<p>Kitap yapma sanat\u0131n\u0131n inceliklerini ke\u015ffetmeye haz\u0131r m\u0131s\u0131n\u0131z?Yazar\u0131n akl\u0131na gelen harika bir fikir, nas\u0131l ad\u0131m ad\u0131m kitaba d\u00f6n\u00fc\u015f\u00fcyor?Bir kitab\u0131n yay\u0131n yolculu\u011funda, kim hangi g\u00f6revleri \u00fcstleniyor? Bask\u0131 a\u015famas\u0131na gelen bir kitap, ne t\u00fcr teknik uygulamalardan ge\u00e7iyor?  Sat\u0131\u015fa sunulan bir kitab\u0131n yay\u0131n haklar\u0131, deniza\u015f\u0131r\u0131 \u00fclkelere nas\u0131l ula\u015ft\u0131r\u0131l\u0131yor? Biri yazd\u0131, biri editledi, biri resimledi, biri tasarlad\u0131, biri bast\u0131, biri tan\u0131tt\u0131, biri de satt\u0131&#8230;Peki her \u015fey bu kadar basit mi? Tabii ki de\u011fil! O h\u00e2lde gelin, bir kitap bask\u0131ya nas\u0131l haz\u0131rlan\u0131r, hep birlikte g\u00f6relim!Kitap Yapma Sanat\u0131, bir kitab\u0131n okura ula\u015fma ser\u00fcveninde ba\u015f\u0131ndan ge\u00e7enleri a\u00e7\u0131klay\u0131c\u0131 k\u0131sa bilgiler ve e\u011flenceli g\u00f6rseller e\u015fli\u011finde payla\u015fan, yay\u0131nc\u0131l\u0131k d\u00fcnyas\u0131n\u0131 t\u00fcm \u00e7arklar\u0131yla okura tan\u0131tmaya \u00e7al\u0131\u015fan bir kaynak.  Ufac\u0131k bir fikrin, i\u015finin ehli ellerde nas\u0131l filizlenip olgunla\u015ft\u0131\u011f\u0131n\u0131 \u00f6rneklerle g\u00f6steren Becky Davies-Patricia Hu ikilisi; yay\u0131nc\u0131l\u0131\u011f\u0131 sekt\u00f6rel boyutta ele al\u0131yor, bir kitaba emek veren t\u00fcm payda\u015flar\u0131n i\u015fkollar\u0131n\u0131 anla\u015f\u0131l\u0131r bir dille tan\u0131ml\u0131yor.Kitap yapmay\u0131 bir sanata benzeterek (evet, hem de ince i\u015f\u00e7iliklisinden bir sanata benzeterek!) her ya\u015ftan okurun merak duygusunu kabartan bu renkli \u00e7al\u0131\u015fmay\u0131, ba\u015fta yay\u0131nc\u0131l\u0131k d\u00fcnyas\u0131na emek verenler olmak \u00fczere, kitaplara ilgi duyan herkes severek, be\u011feniyle okuyacak.  <\/p>\n","protected":false},"excerpt":{"rendered":"<p>Kitap yapma sanat\u0131n\u0131n inceliklerini ke\u015ffetmeye haz\u0131r m\u0131s\u0131n\u0131z?Yazar\u0131n akl\u0131na gelen harika bir fikir, nas\u0131l ad\u0131m ad\u0131m kitaba d\u00f6n\u00fc\u015f\u00fcyor?Bir kitab\u0131n yay\u0131n yolculu\u011funda, kim hangi g\u00f6revleri \u00fcstleniyor? Bask\u0131 a\u015famas\u0131na<span class=\"excerpt-hellip\"> [\u2026]<\/span><\/p>\n","protected":false},"featured_media":0,"template":"","meta":{"_monsterinsights_skip_tracking":false,"_monsterinsights_sitenote_active":false,"_monsterinsights_sitenote_note":"","_monsterinsights_sitenote_category":0},"product_brand":[],"product_cat":[12275,12274],"product_tag":[],"class_list":{"0":"post-735299","1":"product","2":"type-product","3":"status-publish","5":"product_cat-6-12-yas-kitaplari","6":"product_cat-cocuk-ve-genclik-kitaplari","7":"pa_cilt-ciltsiz","8":"pa_tur-kitap","9":"pa_yayinevi-ucanbalik-egitim-yayinlari","10":"pa_yazar-becky-davies","12":"first","13":"instock","14":"sale","15":"shipping-taxable","16":"purchasable","17":"product-type-simple"},"_links":{"self":[{"href":"https:\/\/roveyayinevi.com.tr\/index.php\/wp-json\/wp\/v2\/product\/735299","targetHints":{"allow":["GET"]}}],"collection":[{"href":"https:\/\/roveyayinevi.com.tr\/index.php\/wp-json\/wp\/v2\/product"}],"about":[{"href":"https:\/\/roveyayinevi.com.tr\/index.php\/wp-json\/wp\/v2\/types\/product"}],"wp:attachment":[{"href":"https:\/\/roveyayinevi.com.tr\/index.php\/wp-json\/wp\/v2\/media?parent=735299"}],"wp:term":[{"taxonomy":"product_brand","embeddable":true,"href":"https:\/\/roveyayinevi.com.tr\/index.php\/wp-json\/wp\/v2\/product_brand?post=735299"},{"taxonomy":"product_cat","embeddable":true,"href":"https:\/\/roveyayinevi.com.tr\/index.php\/wp-json\/wp\/v2\/product_cat?post=735299"},{"taxonomy":"product_tag","embeddable":true,"href":"https:\/\/roveyayinevi.com.tr\/index.php\/wp-json\/wp\/v2\/product_tag?post=735299"}],"curies":[{"name":"wp","href":"https:\/\/api.w.org\/{rel}","templated":true}]}}