{"id":735297,"date":"2025-08-27T22:45:22","date_gmt":"2025-08-27T19:45:22","guid":{"rendered":"https:\/\/roveyayinevi.com.tr\/index.php\/urun\/2022-nesin-vakfi-duvar-takvimi\/"},"modified":"2026-04-16T02:43:39","modified_gmt":"2026-04-15T23:43:39","slug":"2022-nesin-vakfi-duvar-takvimi","status":"publish","type":"product","link":"https:\/\/roveyayinevi.com.tr\/index.php\/urun\/2022-nesin-vakfi-duvar-takvimi\/","title":{"rendered":"2022 Nesin Vakf\u0131 Duvar Takvimi"},"content":{"rendered":"<p>On y\u0131ld\u0131r yay\u0131mlad\u0131\u011f\u0131m\u0131z Nesin Vakf\u0131 Duvar Takvimi`ne g\u00f6sterdi\u011finiz ilgiden \u00f6t\u00fcr\u00fc te\u015fekk\u00fcr ederiz. Takvimimiz size ilk bak\u0131\u015fta g\u00fcn\u00fc, haftay\u0131, ay\u0131 hat\u0131rlat\u0131p, ayr\u0131ca y\u0131l\u0131n ka\u00e7\u0131nc\u0131 g\u00fcn\u00fc, haftas\u0131 ve ay\u0131nda oldu\u011funuzu g\u00f6sterecek. Her yapraktan g\u00fcn do\u011fumu, g\u00fcn bat\u0131m\u0131 gibi di\u011fer destekleyici zaman bilgilerini de \u00f6\u011frenebilecek, ay\u0131n hangi evrede oldu\u011funu kolayca g\u00f6rebileceksiniz. Takvimde di\u011fer takvim sistemlerine de yer verdik. Ay d\u00f6ng\u00fcs\u00fcn\u00fc temel alan Hicri takvim \u00f6ncelikle dini g\u00fcnleri g\u00f6stermesi bak\u0131m\u0131ndan \u00f6nemini s\u00fcrd\u00fcr\u00fcyor. G\u00fcne\u015f d\u00f6ng\u00fcs\u00fcn\u00fc temel alan Rumi takvim 13 g\u00fcnl\u00fck farkla \u015fu an kulland\u0131\u011f\u0131m\u0131z takvimle \u00e7ak\u0131\u015f\u0131yor. Rumi takvimin zaten birka\u00e7\u0131 hari\u00e7 g\u00fcncel takvimle ayn\u0131 olan ay adlar\u0131 yerine, Anadolu`da kullan\u0131lagelmi\u015f ama unutulmaya y\u00fcz tutan 12 ayl\u0131k halk takvimi ay adlar\u0131n\u0131 kulland\u0131k. \u00d6te yandan y\u0131l\u0131 yaz (H\u0131z\u0131r) ve k\u0131\u015f (Kas\u0131m) olarak ikiye ay\u0131ran, yine g\u00fcne\u015f d\u00f6ng\u00fcs\u00fcn\u00fc izleyen halk takvimi sistemini de takvim yapraklar\u0131na ekledik. Bu takvimlerin g\u00fcnleri meteorolojik olaylar ve tar\u0131msal etkinliklerle yak\u0131ndan ilintili.  G\u00fcn\u00fc geldik\u00e7e resm\u00ee ve dini tatilleri, \u00f6zel g\u00fcn ve haftalar\u0131 da takvim yapraklar\u0131nda bulacaks\u0131n\u0131z. Tabii Aziz Nesin`in se\u00e7ilmi\u015f s\u00f6zleri, \u015fiirleri ve hayat\u0131ndan kesitleri de. \u00dcstelik &#8220;arkas\u0131 yar\u0131n&#8221; halinde en g\u00fczel Aziz Nesin \u00f6yk\u00fclerini de okuma f\u0131rsat\u0131n\u0131z da olacak. Sizlere bu y\u0131l da yeniliklerle dolu geleneksel bir takvim sunuyoruz. Umar\u0131z be\u011fenir, d\u00fc\u015f\u00fcncelerinizi bize iletirsiniz.<\/p>\n","protected":false},"excerpt":{"rendered":"<p>On y\u0131ld\u0131r yay\u0131mlad\u0131\u011f\u0131m\u0131z Nesin Vakf\u0131 Duvar Takvimi`ne g\u00f6sterdi\u011finiz ilgiden \u00f6t\u00fcr\u00fc te\u015fekk\u00fcr ederiz. Takvimimiz size ilk bak\u0131\u015fta g\u00fcn\u00fc, haftay\u0131, ay\u0131 hat\u0131rlat\u0131p, ayr\u0131ca y\u0131l\u0131n ka\u00e7\u0131nc\u0131 g\u00fcn\u00fc, haftas\u0131 ve<span class=\"excerpt-hellip\"> [\u2026]<\/span><\/p>\n","protected":false},"featured_media":0,"template":"","meta":{"_monsterinsights_skip_tracking":false,"_monsterinsights_sitenote_active":false,"_monsterinsights_sitenote_note":"","_monsterinsights_sitenote_category":0},"product_brand":[],"product_cat":[28265,15563],"product_tag":[],"class_list":{"0":"post-735297","1":"product","2":"type-product","3":"status-publish","5":"product_cat-diger-hobi","6":"product_cat-hobi","7":"pa_cilt-ciltsiz","8":"pa_tur-kitap20","9":"pa_yayinevi-nesin-yayinlari","10":"pa_yazar-nesin-yayinlari","12":"first","13":"instock","14":"sale","15":"shipping-taxable","16":"purchasable","17":"product-type-simple"},"_links":{"self":[{"href":"https:\/\/roveyayinevi.com.tr\/index.php\/wp-json\/wp\/v2\/product\/735297","targetHints":{"allow":["GET"]}}],"collection":[{"href":"https:\/\/roveyayinevi.com.tr\/index.php\/wp-json\/wp\/v2\/product"}],"about":[{"href":"https:\/\/roveyayinevi.com.tr\/index.php\/wp-json\/wp\/v2\/types\/product"}],"wp:attachment":[{"href":"https:\/\/roveyayinevi.com.tr\/index.php\/wp-json\/wp\/v2\/media?parent=735297"}],"wp:term":[{"taxonomy":"product_brand","embeddable":true,"href":"https:\/\/roveyayinevi.com.tr\/index.php\/wp-json\/wp\/v2\/product_brand?post=735297"},{"taxonomy":"product_cat","embeddable":true,"href":"https:\/\/roveyayinevi.com.tr\/index.php\/wp-json\/wp\/v2\/product_cat?post=735297"},{"taxonomy":"product_tag","embeddable":true,"href":"https:\/\/roveyayinevi.com.tr\/index.php\/wp-json\/wp\/v2\/product_tag?post=735297"}],"curies":[{"name":"wp","href":"https:\/\/api.w.org\/{rel}","templated":true}]}}