{"id":735296,"date":"2025-08-27T22:45:22","date_gmt":"2025-08-27T19:45:22","guid":{"rendered":"https:\/\/roveyayinevi.com.tr\/index.php\/urun\/profesyonel-kadin-voleybolcularda-sezon-oncesi-zihinsel-hazir-olus-duzeylerinin-incelenmesi\/"},"modified":"2026-04-16T02:43:39","modified_gmt":"2026-04-15T23:43:39","slug":"profesyonel-kadin-voleybolcularda-sezon-oncesi-zihinsel-hazir-olus-duzeylerinin-incelenmesi","status":"publish","type":"product","link":"https:\/\/roveyayinevi.com.tr\/index.php\/urun\/profesyonel-kadin-voleybolcularda-sezon-oncesi-zihinsel-hazir-olus-duzeylerinin-incelenmesi\/","title":{"rendered":"Profesyonel Kad\u0131n Voleybolcularda Sezon \u00d6ncesi Zihinsel Haz\u0131r Olu\u015f D\u00fczeylerinin \u0130ncelenmesi"},"content":{"rendered":"<p>1.      G\u0130R\u0130\u015e ve AMA\u00c7 2.      GENEL B\u0130LG\u0130LER 3.      GERE\u00c7 ve Y\u00d6NTEM 4.      BULGULAR 5.      TARTI\u015eMA ve SONU\u00c7 6.      \u00d6NER\u0130LER <\/p>\n","protected":false},"excerpt":{"rendered":"<p>1. G\u0130R\u0130\u015e ve AMA\u00c7 2. GENEL B\u0130LG\u0130LER 3. GERE\u00c7 ve Y\u00d6NTEM 4. BULGULAR 5. TARTI\u015eMA ve SONU\u00c7 6. \u00d6NER\u0130LER<\/p>\n","protected":false},"featured_media":0,"template":"","meta":{"_monsterinsights_skip_tracking":false,"_monsterinsights_sitenote_active":false,"_monsterinsights_sitenote_note":"","_monsterinsights_sitenote_category":0},"product_brand":[],"product_cat":[15563,15564],"product_tag":[],"class_list":{"0":"post-735296","1":"product","2":"type-product","3":"status-publish","5":"product_cat-hobi","6":"product_cat-spor","7":"pa_cilt-ciltsiz","8":"pa_tur-kitap","9":"pa_yayinevi-gazi-kitabevi","10":"pa_yazar-seval-turhan","12":"first","13":"instock","14":"sale","15":"shipping-taxable","16":"purchasable","17":"product-type-simple"},"_links":{"self":[{"href":"https:\/\/roveyayinevi.com.tr\/index.php\/wp-json\/wp\/v2\/product\/735296","targetHints":{"allow":["GET"]}}],"collection":[{"href":"https:\/\/roveyayinevi.com.tr\/index.php\/wp-json\/wp\/v2\/product"}],"about":[{"href":"https:\/\/roveyayinevi.com.tr\/index.php\/wp-json\/wp\/v2\/types\/product"}],"wp:attachment":[{"href":"https:\/\/roveyayinevi.com.tr\/index.php\/wp-json\/wp\/v2\/media?parent=735296"}],"wp:term":[{"taxonomy":"product_brand","embeddable":true,"href":"https:\/\/roveyayinevi.com.tr\/index.php\/wp-json\/wp\/v2\/product_brand?post=735296"},{"taxonomy":"product_cat","embeddable":true,"href":"https:\/\/roveyayinevi.com.tr\/index.php\/wp-json\/wp\/v2\/product_cat?post=735296"},{"taxonomy":"product_tag","embeddable":true,"href":"https:\/\/roveyayinevi.com.tr\/index.php\/wp-json\/wp\/v2\/product_tag?post=735296"}],"curies":[{"name":"wp","href":"https:\/\/api.w.org\/{rel}","templated":true}]}}