{"id":735295,"date":"2025-08-27T22:45:21","date_gmt":"2025-08-27T19:45:21","guid":{"rendered":"https:\/\/roveyayinevi.com.tr\/index.php\/urun\/saglik-hizmetlerinde-endustri-4-0-ve-yenilikci-yaklasimlar\/"},"modified":"2026-04-16T02:43:39","modified_gmt":"2026-04-15T23:43:39","slug":"saglik-hizmetlerinde-endustri-4-0-ve-yenilikci-yaklasimlar","status":"publish","type":"product","link":"https:\/\/roveyayinevi.com.tr\/index.php\/urun\/saglik-hizmetlerinde-endustri-4-0-ve-yenilikci-yaklasimlar\/","title":{"rendered":"Sa\u011fl\u0131k Hizmetlerinde End\u00fcstri 4.0 ve Yenilik\u00e7i Yakla\u015f\u0131mlar"},"content":{"rendered":"<p>1.      B\u00d6L\u00dcM 1. END\u00dcSTR\u0130 4.0 NED\u0130R? 2.      B\u00d6L\u00dcM 2. NESNELER\u0130N \u0130NTERNET\u0130 VE SA\u011eLIK 3.      B\u00d6L\u00dcM 3. SA\u011eLIK 4.0 \u0130L\u0130\u015eK\u0130L\u0130 SA\u011eLIK TEKNOLOJ\u0130LER\u0130 4.      B\u00d6L\u00dcM 4. SA\u011eLIK 4.0\u2019DA PROJE \u00d6RNEKLER\u0130 5.      B\u00d6L\u00dcM 5. T\u00dcRK\u0130YE\u2019DE E-SA\u011eLIK UYGULAMALARI VE FAYDALARI 6.      SA\u011eLIK Y\u00d6NET\u0130M\u0130 A\u00c7ISINDAN DE\u011eERLEND\u0130RME <\/p>\n","protected":false},"excerpt":{"rendered":"<p>1. B\u00d6L\u00dcM 1. END\u00dcSTR\u0130 4.0 NED\u0130R? 2. B\u00d6L\u00dcM 2. NESNELER\u0130N \u0130NTERNET\u0130 VE SA\u011eLIK 3. B\u00d6L\u00dcM 3. SA\u011eLIK 4.0 \u0130L\u0130\u015eK\u0130L\u0130 SA\u011eLIK TEKNOLOJ\u0130LER\u0130 4. B\u00d6L\u00dcM 4. SA\u011eLIK 4.0\u2019DA<span class=\"excerpt-hellip\"> [\u2026]<\/span><\/p>\n","protected":false},"featured_media":0,"template":"","meta":{"_monsterinsights_skip_tracking":false,"_monsterinsights_sitenote_active":false,"_monsterinsights_sitenote_note":"","_monsterinsights_sitenote_category":0},"product_brand":[],"product_cat":[13043,19008],"product_tag":[],"class_list":{"0":"post-735295","1":"product","2":"type-product","3":"status-publish","5":"product_cat-ekonomi","6":"product_cat-yonetim","7":"pa_cilt-ciltsiz","8":"pa_tur-kitap","9":"pa_yayinevi-gazi-kitabevi","10":"pa_yazar-umut-beylik","12":"first","13":"instock","14":"sale","15":"shipping-taxable","16":"purchasable","17":"product-type-simple"},"_links":{"self":[{"href":"https:\/\/roveyayinevi.com.tr\/index.php\/wp-json\/wp\/v2\/product\/735295","targetHints":{"allow":["GET"]}}],"collection":[{"href":"https:\/\/roveyayinevi.com.tr\/index.php\/wp-json\/wp\/v2\/product"}],"about":[{"href":"https:\/\/roveyayinevi.com.tr\/index.php\/wp-json\/wp\/v2\/types\/product"}],"wp:attachment":[{"href":"https:\/\/roveyayinevi.com.tr\/index.php\/wp-json\/wp\/v2\/media?parent=735295"}],"wp:term":[{"taxonomy":"product_brand","embeddable":true,"href":"https:\/\/roveyayinevi.com.tr\/index.php\/wp-json\/wp\/v2\/product_brand?post=735295"},{"taxonomy":"product_cat","embeddable":true,"href":"https:\/\/roveyayinevi.com.tr\/index.php\/wp-json\/wp\/v2\/product_cat?post=735295"},{"taxonomy":"product_tag","embeddable":true,"href":"https:\/\/roveyayinevi.com.tr\/index.php\/wp-json\/wp\/v2\/product_tag?post=735295"}],"curies":[{"name":"wp","href":"https:\/\/api.w.org\/{rel}","templated":true}]}}