{"id":735294,"date":"2025-08-27T22:45:20","date_gmt":"2025-08-27T19:45:20","guid":{"rendered":"https:\/\/roveyayinevi.com.tr\/index.php\/urun\/antrenor-davranislarinin-sporcularin-deger-gelisimine-etkisi\/"},"modified":"2026-04-16T02:43:39","modified_gmt":"2026-04-15T23:43:39","slug":"antrenor-davranislarinin-sporcularin-deger-gelisimine-etkisi","status":"publish","type":"product","link":"https:\/\/roveyayinevi.com.tr\/index.php\/urun\/antrenor-davranislarinin-sporcularin-deger-gelisimine-etkisi\/","title":{"rendered":"Antren\u00f6r Davran\u0131\u015flar\u0131n\u0131n Sporcular\u0131n De\u011fer Geli\u015fimine Etkisi"},"content":{"rendered":"<p>1.      G\u0130R\u0130\u015e 2.      GENEL B\u0130LG\u0130LER 2.1.   De\u011ferler 2.2.   Sportif De\u011ferler 2.3.   De\u011ferler ve Davran\u0131\u015f 2.4.   Antren\u00f6r Davran\u0131\u015flar\u0131 <\/p>\n","protected":false},"excerpt":{"rendered":"<p>1. G\u0130R\u0130\u015e 2. GENEL B\u0130LG\u0130LER 2.1. De\u011ferler 2.2. Sportif De\u011ferler 2.3. De\u011ferler ve Davran\u0131\u015f 2.4. Antren\u00f6r Davran\u0131\u015flar\u0131<\/p>\n","protected":false},"featured_media":0,"template":"","meta":{"_monsterinsights_skip_tracking":false,"_monsterinsights_sitenote_active":false,"_monsterinsights_sitenote_note":"","_monsterinsights_sitenote_category":0},"product_brand":[],"product_cat":[15563,15564],"product_tag":[],"class_list":{"0":"post-735294","1":"product","2":"type-product","3":"status-publish","5":"product_cat-hobi","6":"product_cat-spor","7":"pa_cilt-ciltsiz","8":"pa_tur-kitap","9":"pa_yayinevi-gazi-kitabevi","10":"pa_yazar-gazi-kitabevi-kolektif","12":"first","13":"instock","14":"sale","15":"shipping-taxable","16":"purchasable","17":"product-type-simple"},"_links":{"self":[{"href":"https:\/\/roveyayinevi.com.tr\/index.php\/wp-json\/wp\/v2\/product\/735294","targetHints":{"allow":["GET"]}}],"collection":[{"href":"https:\/\/roveyayinevi.com.tr\/index.php\/wp-json\/wp\/v2\/product"}],"about":[{"href":"https:\/\/roveyayinevi.com.tr\/index.php\/wp-json\/wp\/v2\/types\/product"}],"wp:attachment":[{"href":"https:\/\/roveyayinevi.com.tr\/index.php\/wp-json\/wp\/v2\/media?parent=735294"}],"wp:term":[{"taxonomy":"product_brand","embeddable":true,"href":"https:\/\/roveyayinevi.com.tr\/index.php\/wp-json\/wp\/v2\/product_brand?post=735294"},{"taxonomy":"product_cat","embeddable":true,"href":"https:\/\/roveyayinevi.com.tr\/index.php\/wp-json\/wp\/v2\/product_cat?post=735294"},{"taxonomy":"product_tag","embeddable":true,"href":"https:\/\/roveyayinevi.com.tr\/index.php\/wp-json\/wp\/v2\/product_tag?post=735294"}],"curies":[{"name":"wp","href":"https:\/\/api.w.org\/{rel}","templated":true}]}}