{"id":735293,"date":"2025-08-27T22:45:20","date_gmt":"2025-08-27T19:45:20","guid":{"rendered":"https:\/\/roveyayinevi.com.tr\/index.php\/urun\/sponsorluk-yonetimi\/"},"modified":"2026-04-16T02:43:39","modified_gmt":"2026-04-15T23:43:39","slug":"sponsorluk-yonetimi","status":"publish","type":"product","link":"https:\/\/roveyayinevi.com.tr\/index.php\/urun\/sponsorluk-yonetimi\/","title":{"rendered":"Sponsorluk Y\u00f6netimi"},"content":{"rendered":"<p>1.      SPONSORLUK GENEL YAKLA\u015eIMI 1.1.   Sponsorluk Kavram\u0131 1.2.   Sponsorlu\u011fun Geli\u015fimi 1.3.   Sponsorlu\u011fun Ama\u00e7lar\u0131 1.4.   Sponsorluk T\u00fcrleri 1.5.   Sponsorluk Faaliyetinin Yararlar\u0131 2.      SPONSORLUK S\u00dcREC\u0130 2.1.   Sponsorluk Planlama S\u00fcreci 2.2.   Sponsorluk Organizasyon S\u00fcreci 2.3.   Sponsorluk Faaliyetinin Uygulama S\u00fcreci 2.4.   Sponsorluk De\u011ferlendirme S\u00fcreci 3.      SPONSORLUK DOSYASI VE ANLA\u015eMASI 3.1.   Sponsorluk Dosyas\u0131 3.2.   Sponsorluk G\u00f6r\u00fc\u015fme S\u00fcreci 3.3.   Sponsorluk Anla\u015fmas\u0131n\u0131n Haz\u0131rlanmas\u0131 4.      MARKA 4.1.   Marka ve Marka ile ilgili Temel Kavramlar <\/p>\n","protected":false},"excerpt":{"rendered":"<p>1. SPONSORLUK GENEL YAKLA\u015eIMI 1.1. Sponsorluk Kavram\u0131 1.2. Sponsorlu\u011fun Geli\u015fimi 1.3. Sponsorlu\u011fun Ama\u00e7lar\u0131 1.4. Sponsorluk T\u00fcrleri 1.5. Sponsorluk Faaliyetinin Yararlar\u0131 2. SPONSORLUK S\u00dcREC\u0130 2.1. Sponsorluk Planlama<span class=\"excerpt-hellip\"> [\u2026]<\/span><\/p>\n","protected":false},"featured_media":0,"template":"","meta":{"_monsterinsights_skip_tracking":false,"_monsterinsights_sitenote_active":false,"_monsterinsights_sitenote_note":"","_monsterinsights_sitenote_category":0},"product_brand":[],"product_cat":[13043,19008],"product_tag":[],"class_list":{"0":"post-735293","1":"product","2":"type-product","3":"status-publish","5":"product_cat-ekonomi","6":"product_cat-yonetim","7":"pa_cilt-ciltsiz","8":"pa_tur-kitap","9":"pa_yayinevi-gazi-kitabevi","10":"pa_yazar-yesim-avunduk","12":"first","13":"instock","14":"sale","15":"shipping-taxable","16":"purchasable","17":"product-type-simple"},"_links":{"self":[{"href":"https:\/\/roveyayinevi.com.tr\/index.php\/wp-json\/wp\/v2\/product\/735293","targetHints":{"allow":["GET"]}}],"collection":[{"href":"https:\/\/roveyayinevi.com.tr\/index.php\/wp-json\/wp\/v2\/product"}],"about":[{"href":"https:\/\/roveyayinevi.com.tr\/index.php\/wp-json\/wp\/v2\/types\/product"}],"wp:attachment":[{"href":"https:\/\/roveyayinevi.com.tr\/index.php\/wp-json\/wp\/v2\/media?parent=735293"}],"wp:term":[{"taxonomy":"product_brand","embeddable":true,"href":"https:\/\/roveyayinevi.com.tr\/index.php\/wp-json\/wp\/v2\/product_brand?post=735293"},{"taxonomy":"product_cat","embeddable":true,"href":"https:\/\/roveyayinevi.com.tr\/index.php\/wp-json\/wp\/v2\/product_cat?post=735293"},{"taxonomy":"product_tag","embeddable":true,"href":"https:\/\/roveyayinevi.com.tr\/index.php\/wp-json\/wp\/v2\/product_tag?post=735293"}],"curies":[{"name":"wp","href":"https:\/\/api.w.org\/{rel}","templated":true}]}}