{"id":735291,"date":"2025-08-27T22:45:18","date_gmt":"2025-08-27T19:45:18","guid":{"rendered":"https:\/\/roveyayinevi.com.tr\/index.php\/urun\/islamin-ilk-maresali-hz-muhammet\/"},"modified":"2026-04-16T02:43:39","modified_gmt":"2026-04-15T23:43:39","slug":"islamin-ilk-maresali-hz-muhammet","status":"publish","type":"product","link":"https:\/\/roveyayinevi.com.tr\/index.php\/urun\/islamin-ilk-maresali-hz-muhammet\/","title":{"rendered":"\u0130slam\u0131n \u0130lk Mare\u015fali Hz. Muhammet"},"content":{"rendered":"<p>Hi\u00e7bir b\u00fcy\u00fck adam bo\u015funa ya\u015famaz. D\u00fcnya tarihi b\u00fcy\u00fck adamlar\u0131n tarihinden ba\u015fka bir \u015fey de\u011fildir. Carlyle, On Heroes   Hz. Muhammed\u2019in muharebelerindeki sava\u015flar\u0131n say\u0131s\u0131 asla birka\u00e7 bini ge\u00e7mez, ancak \u00f6nem bak\u0131m\u0131ndan d\u00fcnyan\u0131n en belirleyici sava\u015flar\u0131 i\u00e7inde yer al\u0131r. Alfred Guiilaume, Islam   Bu kitapta Richard A. Gabriel Hz. Peygamber\u2019in iyi bir komutan olarak ba\u015far\u0131l\u0131 bir \u015fekilde tatbik etti\u011fi, kararl\u0131l\u0131k, isti\u015fareye \u00f6nem verme, taktik, istihbarat, strateji, yanl\u0131\u015ftan d\u00f6nme, do\u011fru ve deneyimli komutan g\u00f6revlendirme gibi asker\u00ee alandaki uygulamalar\u0131n\u0131 yeni bir bak\u0131\u015f a\u00e7\u0131s\u0131yla ortaya koymu\u015ftur. Di\u011fer bir deyi\u015fle Allah\u2019\u0131n el\u00e7isinin bu sahada ger\u00e7ekle\u015ftirdiklerini g\u00fcn\u00fcm\u00fcz\u00fcn siyas\u00ee ve asker\u00ee diline aktarm\u0131\u015ft\u0131r. Bunlar\u0131 yaparken siyer ve meg\u0101z\u00ee kaynaklar\u0131nda genellikle de bunlara dayal\u0131 yap\u0131lan \u00e7al\u0131\u015fmalarda da\u011f\u0131n\u0131k bir \u015fekilde var olan a\u00e7\u0131klamalar\u0131 asker\u00ee terminolojiyle birle\u015ftirerek taktik ve stratejilerin arkas\u0131ndaki nedenlere \u0131\u015f\u0131k tutarak g\u00fcn\u00fcm\u00fczle ili\u015fkilendirmi\u015ftir.  Mustafa Sabri K\u00fc\u00e7\u00fcka\u015fc\u0131 <\/p>\n","protected":false},"excerpt":{"rendered":"<p>Hi\u00e7bir b\u00fcy\u00fck adam bo\u015funa ya\u015famaz. D\u00fcnya tarihi b\u00fcy\u00fck adamlar\u0131n tarihinden ba\u015fka bir \u015fey de\u011fildir. Carlyle, On Heroes Hz. Muhammed\u2019in muharebelerindeki sava\u015flar\u0131n say\u0131s\u0131 asla birka\u00e7 bini ge\u00e7mez,<span class=\"excerpt-hellip\"> [\u2026]<\/span><\/p>\n","protected":false},"featured_media":0,"template":"","meta":{"_monsterinsights_skip_tracking":false,"_monsterinsights_sitenote_active":false,"_monsterinsights_sitenote_note":"","_monsterinsights_sitenote_category":0},"product_brand":[],"product_cat":[12370,12304],"product_tag":[],"class_list":{"0":"post-735291","1":"product","2":"type-product","3":"status-publish","5":"product_cat-arastirma-inceleme","6":"product_cat-tarih","7":"pa_cilt-ciltsiz","8":"pa_tur-kitap","9":"pa_yayinevi-yeditepe-yayinevi","10":"pa_yazar-richard-a-gabriel","12":"first","13":"instock","14":"sale","15":"shipping-taxable","16":"purchasable","17":"product-type-simple"},"_links":{"self":[{"href":"https:\/\/roveyayinevi.com.tr\/index.php\/wp-json\/wp\/v2\/product\/735291","targetHints":{"allow":["GET"]}}],"collection":[{"href":"https:\/\/roveyayinevi.com.tr\/index.php\/wp-json\/wp\/v2\/product"}],"about":[{"href":"https:\/\/roveyayinevi.com.tr\/index.php\/wp-json\/wp\/v2\/types\/product"}],"wp:attachment":[{"href":"https:\/\/roveyayinevi.com.tr\/index.php\/wp-json\/wp\/v2\/media?parent=735291"}],"wp:term":[{"taxonomy":"product_brand","embeddable":true,"href":"https:\/\/roveyayinevi.com.tr\/index.php\/wp-json\/wp\/v2\/product_brand?post=735291"},{"taxonomy":"product_cat","embeddable":true,"href":"https:\/\/roveyayinevi.com.tr\/index.php\/wp-json\/wp\/v2\/product_cat?post=735291"},{"taxonomy":"product_tag","embeddable":true,"href":"https:\/\/roveyayinevi.com.tr\/index.php\/wp-json\/wp\/v2\/product_tag?post=735291"}],"curies":[{"name":"wp","href":"https:\/\/api.w.org\/{rel}","templated":true}]}}