{"id":735290,"date":"2025-08-27T22:45:17","date_gmt":"2025-08-27T19:45:17","guid":{"rendered":"https:\/\/roveyayinevi.com.tr\/index.php\/urun\/bir-haclinin-ruyasi\/"},"modified":"2026-04-16T02:43:39","modified_gmt":"2026-04-15T23:43:39","slug":"bir-haclinin-ruyasi","status":"publish","type":"product","link":"https:\/\/roveyayinevi.com.tr\/index.php\/urun\/bir-haclinin-ruyasi\/","title":{"rendered":"Bir Ha\u00e7l\u0131n\u0131n R\u00fcyas\u0131"},"content":{"rendered":"<p>Ha\u00e7l\u0131 seferleri neydi ve nelere yol a\u00e7m\u0131\u015ft\u0131? gibi sorular her zaman kafam\u0131z\u0131 me\u015fgul eder. \u00c7\u00fcnk\u00fc bazen anlaml\u0131 bazen de anlams\u0131z olan pek \u00e7ok olguyu i\u00e7inde bar\u0131nd\u0131r. Genel olarak Ha\u00e7l\u0131 seferlerinin en b\u00fcy\u00fck motivasyon kayna\u011f\u0131, Do\u011fu topraklar\u0131nda ba\u015far\u0131 elde edebilmekti. Tam da bu noktada Akka\u2019n\u0131n fethi, baz\u0131 Hristiyanlar i\u00e7in bir son de\u011fil, asl\u0131nda yeni bir ba\u015flang\u0131\u00e7 olarak g\u00f6r\u00fcl\u00fcyordu. Bu ama\u00e7la \u00e7e\u015fitli Ha\u00e7l\u0131 seferi projeleri tasarlanmaya ba\u015flanm\u0131\u015ft\u0131. Kutsal Topraklar\u0131 kurtarma fikrinden yola \u00e7\u0131kan ve \u00e7abalayan son hevesli temsilcilerden biri de Philippe de M\u00e9zi\u00e8res olup bu ideali i\u00e7in son bir giri\u015fimde bulunmaya karar vermi\u015fti. Ama b\u00fct\u00fcn \u00e7abalar\u0131 bo\u015funayd\u0131. \u00c7\u00fcnk\u00fc Ha\u00e7l\u0131 ruhu, art\u0131k bireysel bir hale b\u00fcr\u00fcnm\u00fc\u015ft\u00fc ve \u00e7o\u011fu Hristiyan i\u00e7in ki\u015fisel \u00e7\u0131karlar\u0131n\u0131n \u00f6n\u00fcnde olmay\u0131p \u00f6nemini yitirmeye ba\u015flam\u0131\u015ft\u0131. Bu, onun ya ge\u00e7 anlad\u0131\u011f\u0131 ya da hi\u00e7 kavrayamad\u0131\u011f\u0131 bir ger\u00e7ekti. \u00c7\u00fcnk\u00fc bir r\u00fcyan\u0131n pe\u015fine d\u00fc\u015fm\u00fc\u015ft\u00fc. Burada kesin olan ise b\u00fcy\u00fck r\u00fcyas\u0131n\u0131n ger\u00e7ekle\u015fmeyecek olmas\u0131yd\u0131. \u0130\u015fte hem farkl\u0131 hem de ger\u00e7ek\u00e7i bir bak\u0131\u015f a\u00e7\u0131s\u0131yla Murat \u00c7ayl\u0131\u2019n\u0131n kaleminden Philippe de M\u00e9zi\u00e8res\u2019in r\u00fcyas\u0131 ve Orta \u00c7a\u011f d\u00fcnyas\u0131ndaki etkisi\u2026 Prof. Dr. P\u0131nar \u00dcLGEN <\/p>\n","protected":false},"excerpt":{"rendered":"<p>Ha\u00e7l\u0131 seferleri neydi ve nelere yol a\u00e7m\u0131\u015ft\u0131? gibi sorular her zaman kafam\u0131z\u0131 me\u015fgul eder. \u00c7\u00fcnk\u00fc bazen anlaml\u0131 bazen de anlams\u0131z olan pek \u00e7ok olguyu i\u00e7inde bar\u0131nd\u0131r.<span class=\"excerpt-hellip\"> [\u2026]<\/span><\/p>\n","protected":false},"featured_media":0,"template":"","meta":{"_monsterinsights_skip_tracking":false,"_monsterinsights_sitenote_active":false,"_monsterinsights_sitenote_note":"","_monsterinsights_sitenote_category":0},"product_brand":[],"product_cat":[12370,12304],"product_tag":[],"class_list":{"0":"post-735290","1":"product","2":"type-product","3":"status-publish","5":"product_cat-arastirma-inceleme","6":"product_cat-tarih","7":"pa_cilt-ciltsiz","8":"pa_tur-kitap","9":"pa_yayinevi-yeditepe-yayinevi-ders-kitaplari","10":"pa_yazar-murat-cayli","12":"first","13":"instock","14":"sale","15":"shipping-taxable","16":"purchasable","17":"product-type-simple"},"_links":{"self":[{"href":"https:\/\/roveyayinevi.com.tr\/index.php\/wp-json\/wp\/v2\/product\/735290","targetHints":{"allow":["GET"]}}],"collection":[{"href":"https:\/\/roveyayinevi.com.tr\/index.php\/wp-json\/wp\/v2\/product"}],"about":[{"href":"https:\/\/roveyayinevi.com.tr\/index.php\/wp-json\/wp\/v2\/types\/product"}],"wp:attachment":[{"href":"https:\/\/roveyayinevi.com.tr\/index.php\/wp-json\/wp\/v2\/media?parent=735290"}],"wp:term":[{"taxonomy":"product_brand","embeddable":true,"href":"https:\/\/roveyayinevi.com.tr\/index.php\/wp-json\/wp\/v2\/product_brand?post=735290"},{"taxonomy":"product_cat","embeddable":true,"href":"https:\/\/roveyayinevi.com.tr\/index.php\/wp-json\/wp\/v2\/product_cat?post=735290"},{"taxonomy":"product_tag","embeddable":true,"href":"https:\/\/roveyayinevi.com.tr\/index.php\/wp-json\/wp\/v2\/product_tag?post=735290"}],"curies":[{"name":"wp","href":"https:\/\/api.w.org\/{rel}","templated":true}]}}