{"id":735289,"date":"2025-08-27T22:45:16","date_gmt":"2025-08-27T19:45:16","guid":{"rendered":"https:\/\/roveyayinevi.com.tr\/index.php\/urun\/iste-ve-zirvede-ol\/"},"modified":"2026-04-11T02:52:35","modified_gmt":"2026-04-10T23:52:35","slug":"iste-ve-zirvede-ol","status":"publish","type":"product","link":"https:\/\/roveyayinevi.com.tr\/index.php\/urun\/iste-ve-zirvede-ol\/","title":{"rendered":"\u0130ste ve Zirvede Ol"},"content":{"rendered":"<p>UYARI: BU K\u0130TAP, Z\u0130RVEYE OYNAMAK \u0130STEYENLER \u0130\u00c7\u0130ND\u0130R, SIRADAN B\u0130R YA\u015eAMI AMA\u00c7LAYANLARA G\u00d6RE DE\u011e\u0130LD\u0130R!Zirveye \u00e7\u0131kmak i\u00e7in S\u0131ran\u0131z\u0131 beklemeyin!Zirveye oynayanlar; herkes gibi d\u00fc\u015f\u00fcnmeyen, farkl\u0131 d\u00fc\u015f\u00fcnceleri olan, kimsenin kimsenin g\u00f6remedi\u011fi \u015feyleri g\u00f6ren kimselerdir.Onlar e\u011fer s\u0131radan olmay\u0131 tercih etselerdi, b\u00fcy\u00fck d\u00fc\u015f\u00fcnceler i\u00e7inde olmalar\u0131 da m\u00fcmk\u00fcn olmazd\u0131.Bayram Ta\u015f\u00e7\u0131\u2019n\u0131n yazd\u0131\u011f\u0131, i\u00e7erisinde samimi tecr\u00fcbeler ve e\u015fsiz tespitler bulunan bu kitapta \u0131srar\u0131n ba\u015far\u0131y\u0131 getirdi\u011fini, k\u00fc\u00e7\u00fck bir \u00e7aban\u0131n uzun vadede getirece\u011fi birikimsel etkisini g\u00f6recek ve \u201cZirvedeki yerini alman\u0131n alt\u0131n kural\u0131, kendini s\u00fcrekli geli\u015ftirmektir.\u201d d\u00fcsturuyla eyleme ge\u00e7erek ki\u015fisel geli\u015fiminize devasa katk\u0131da bulunacaks\u0131n\u0131z.\u0130nsan ya\u015fam\u0131 \u00fczerinde bu kadar yarar\u0131 olan bir alan\u0131 ihmal etmek hi\u00e7 de ak\u0131ll\u0131ca olmaz de\u011fil mi?Unutmay\u0131n ki&#8230;\u201cEylem yoksa b\u00fcy\u00fcmek de yok, zirve de yok!\u201d <\/p>\n","protected":false},"excerpt":{"rendered":"<p>UYARI: BU K\u0130TAP, Z\u0130RVEYE OYNAMAK \u0130STEYENLER \u0130\u00c7\u0130ND\u0130R, SIRADAN B\u0130R YA\u015eAMI AMA\u00c7LAYANLARA G\u00d6RE DE\u011e\u0130LD\u0130R!Zirveye \u00e7\u0131kmak i\u00e7in S\u0131ran\u0131z\u0131 beklemeyin!Zirveye oynayanlar; herkes gibi d\u00fc\u015f\u00fcnmeyen, farkl\u0131 d\u00fc\u015f\u00fcnceleri olan, kimsenin kimsenin<span class=\"excerpt-hellip\"> [\u2026]<\/span><\/p>\n","protected":false},"featured_media":0,"template":"","meta":{"_monsterinsights_skip_tracking":false,"_monsterinsights_sitenote_active":false,"_monsterinsights_sitenote_note":"","_monsterinsights_sitenote_category":0},"product_brand":[],"product_cat":[12364,12376],"product_tag":[],"class_list":{"0":"post-735289","1":"product","2":"type-product","3":"status-publish","5":"product_cat-genel-konular","6":"product_cat-kisisel-gelisim","7":"pa_cilt-ciltsiz","8":"pa_tur-kitap","9":"pa_yayinevi-perseus","10":"pa_yazar-bayram-tasci","12":"first","13":"instock","14":"sale","15":"shipping-taxable","16":"purchasable","17":"product-type-simple"},"_links":{"self":[{"href":"https:\/\/roveyayinevi.com.tr\/index.php\/wp-json\/wp\/v2\/product\/735289","targetHints":{"allow":["GET"]}}],"collection":[{"href":"https:\/\/roveyayinevi.com.tr\/index.php\/wp-json\/wp\/v2\/product"}],"about":[{"href":"https:\/\/roveyayinevi.com.tr\/index.php\/wp-json\/wp\/v2\/types\/product"}],"wp:attachment":[{"href":"https:\/\/roveyayinevi.com.tr\/index.php\/wp-json\/wp\/v2\/media?parent=735289"}],"wp:term":[{"taxonomy":"product_brand","embeddable":true,"href":"https:\/\/roveyayinevi.com.tr\/index.php\/wp-json\/wp\/v2\/product_brand?post=735289"},{"taxonomy":"product_cat","embeddable":true,"href":"https:\/\/roveyayinevi.com.tr\/index.php\/wp-json\/wp\/v2\/product_cat?post=735289"},{"taxonomy":"product_tag","embeddable":true,"href":"https:\/\/roveyayinevi.com.tr\/index.php\/wp-json\/wp\/v2\/product_tag?post=735289"}],"curies":[{"name":"wp","href":"https:\/\/api.w.org\/{rel}","templated":true}]}}