{"id":735288,"date":"2025-08-27T22:45:15","date_gmt":"2025-08-27T19:45:15","guid":{"rendered":"https:\/\/roveyayinevi.com.tr\/index.php\/urun\/ferah-cerbe-fetihnamesi\/"},"modified":"2026-04-16T02:43:39","modified_gmt":"2026-04-15T23:43:39","slug":"ferah-cerbe-fetihnamesi","status":"publish","type":"product","link":"https:\/\/roveyayinevi.com.tr\/index.php\/urun\/ferah-cerbe-fetihnamesi\/","title":{"rendered":"Ferah Cerbe Fetihnamesi"},"content":{"rendered":"<p>Orhan \u015eaik G\u00f6kyay taraf\u0131ndan haz\u0131rlanan bu kitap, T\u00fcrk denizcilik tarihi i\u00e7in \u00e7ok \u00f6nemli olan ve hem karada hem de denizde yap\u0131lm\u0131\u015f \u00fcnl\u00fc bir sava\u015f\u0131n hik\u00e2yesidir. Zekeriyyaz\u00e2de isimli bir tersane k\u00e2tibinin kaleminden \u00e7\u0131km\u0131\u015f ve yazar\u0131n\u0131n Ferah ad\u0131n\u0131 verdi\u011fi eserde yazar bizzat sava\u015fa kat\u0131lm\u0131\u015f bir \u015fahsiyettir. Leventlerin maa\u015flar\u0131 ba\u015fta olmak \u00fczere \u00e7e\u015fitli hesap kitap i\u015fleri i\u00e7in Piyale Pa\u015fa komutas\u0131ndaki donanmayla birlikte Akdeniz\u2019e a\u00e7\u0131lan yazar, seferin ba\u015f\u0131ndan \u0130stanbul\u2019a d\u00f6n\u00fcnceye kadar ba\u015f\u0131ndan ge\u00e7en maceralar\u0131, sava\u015f\u0131n t\u00fcrl\u00fc zorluklar\u0131n\u0131 bu kitapta anlatm\u0131\u015ft\u0131r. Dolay\u0131s\u0131yla eser bug\u00fcn Cerbe fethi ile ilgili \u00f6nemli bir kaynak h\u00fcviyetine de sahiptir.<\/p>\n","protected":false},"excerpt":{"rendered":"<p>Orhan \u015eaik G\u00f6kyay taraf\u0131ndan haz\u0131rlanan bu kitap, T\u00fcrk denizcilik tarihi i\u00e7in \u00e7ok \u00f6nemli olan ve hem karada hem de denizde yap\u0131lm\u0131\u015f \u00fcnl\u00fc bir sava\u015f\u0131n hik\u00e2yesidir. Zekeriyyaz\u00e2de<span class=\"excerpt-hellip\"> [\u2026]<\/span><\/p>\n","protected":false},"featured_media":0,"template":"","meta":{"_monsterinsights_skip_tracking":false,"_monsterinsights_sitenote_active":false,"_monsterinsights_sitenote_note":"","_monsterinsights_sitenote_category":0},"product_brand":[],"product_cat":[13072,12291],"product_tag":[],"class_list":{"0":"post-735288","1":"product","2":"type-product","3":"status-publish","5":"product_cat-arastirma-inceleme-referans","6":"product_cat-edebiyat","7":"pa_cilt-ciltsiz","8":"pa_tur-kitap","9":"pa_yayinevi-yeditepe-yayinevi","10":"pa_yazar-orhan-saik-gokyay","12":"first","13":"instock","14":"sale","15":"shipping-taxable","16":"purchasable","17":"product-type-simple"},"_links":{"self":[{"href":"https:\/\/roveyayinevi.com.tr\/index.php\/wp-json\/wp\/v2\/product\/735288","targetHints":{"allow":["GET"]}}],"collection":[{"href":"https:\/\/roveyayinevi.com.tr\/index.php\/wp-json\/wp\/v2\/product"}],"about":[{"href":"https:\/\/roveyayinevi.com.tr\/index.php\/wp-json\/wp\/v2\/types\/product"}],"wp:attachment":[{"href":"https:\/\/roveyayinevi.com.tr\/index.php\/wp-json\/wp\/v2\/media?parent=735288"}],"wp:term":[{"taxonomy":"product_brand","embeddable":true,"href":"https:\/\/roveyayinevi.com.tr\/index.php\/wp-json\/wp\/v2\/product_brand?post=735288"},{"taxonomy":"product_cat","embeddable":true,"href":"https:\/\/roveyayinevi.com.tr\/index.php\/wp-json\/wp\/v2\/product_cat?post=735288"},{"taxonomy":"product_tag","embeddable":true,"href":"https:\/\/roveyayinevi.com.tr\/index.php\/wp-json\/wp\/v2\/product_tag?post=735288"}],"curies":[{"name":"wp","href":"https:\/\/api.w.org\/{rel}","templated":true}]}}