{"id":735285,"date":"2025-08-27T22:45:12","date_gmt":"2025-08-27T19:45:12","guid":{"rendered":"https:\/\/roveyayinevi.com.tr\/index.php\/urun\/kucuk-gozlemciler-plajda-ciltli\/"},"modified":"2026-04-16T02:43:39","modified_gmt":"2026-04-15T23:43:39","slug":"kucuk-gozlemciler-plajda-ciltli","status":"publish","type":"product","link":"https:\/\/roveyayinevi.com.tr\/index.php\/urun\/kucuk-gozlemciler-plajda-ciltli\/","title":{"rendered":"K\u00fc\u00e7\u00fck G\u00f6zlemciler &#8211; Plajda (Ciltli)"},"content":{"rendered":"<p>Plaj g\u00f6rmeye de\u011fer ilgin\u00e7 ve g\u00fczel \u015feylerle doludur. K\u00fc\u00e7\u00fck G\u00f6zlemciler, \u0131\u015f\u0131lt\u0131l\u0131 deniz kabuklar\u0131ndan kovalara ve k\u00fcreklere, sahilde k\u0131r\u0131lan dalgalarda kayna\u015fan canl\u0131lara var\u0131ncaya kadar, \u00e7evrelerindeki d\u00fcnyan\u0131n \u015fa\u015f\u0131rt\u0131c\u0131 g\u00fczelli\u011fini ke\u015ffetmeye bay\u0131lacaklar! <\/p>\n","protected":false},"excerpt":{"rendered":"<p>Plaj g\u00f6rmeye de\u011fer ilgin\u00e7 ve g\u00fczel \u015feylerle doludur. K\u00fc\u00e7\u00fck G\u00f6zlemciler, \u0131\u015f\u0131lt\u0131l\u0131 deniz kabuklar\u0131ndan kovalara ve k\u00fcreklere, sahilde k\u0131r\u0131lan dalgalarda kayna\u015fan canl\u0131lara var\u0131ncaya kadar, \u00e7evrelerindeki d\u00fcnyan\u0131n \u015fa\u015f\u0131rt\u0131c\u0131<span class=\"excerpt-hellip\"> [\u2026]<\/span><\/p>\n","protected":false},"featured_media":0,"template":"","meta":{"_monsterinsights_skip_tracking":false,"_monsterinsights_sitenote_active":false,"_monsterinsights_sitenote_note":"","_monsterinsights_sitenote_category":0},"product_brand":[],"product_cat":[12274,12518],"product_tag":[],"class_list":{"0":"post-735285","1":"product","2":"type-product","3":"status-publish","5":"product_cat-cocuk-ve-genclik-kitaplari","6":"product_cat-okul-oncesi-kitaplar","7":"pa_cilt-ciltli","8":"pa_tur-kitap","9":"pa_yayinevi-is-bankasi-kultur-yayinlari","10":"pa_yazar-clare-beaton","12":"first","13":"instock","14":"sale","15":"shipping-taxable","16":"purchasable","17":"product-type-simple"},"_links":{"self":[{"href":"https:\/\/roveyayinevi.com.tr\/index.php\/wp-json\/wp\/v2\/product\/735285","targetHints":{"allow":["GET"]}}],"collection":[{"href":"https:\/\/roveyayinevi.com.tr\/index.php\/wp-json\/wp\/v2\/product"}],"about":[{"href":"https:\/\/roveyayinevi.com.tr\/index.php\/wp-json\/wp\/v2\/types\/product"}],"wp:attachment":[{"href":"https:\/\/roveyayinevi.com.tr\/index.php\/wp-json\/wp\/v2\/media?parent=735285"}],"wp:term":[{"taxonomy":"product_brand","embeddable":true,"href":"https:\/\/roveyayinevi.com.tr\/index.php\/wp-json\/wp\/v2\/product_brand?post=735285"},{"taxonomy":"product_cat","embeddable":true,"href":"https:\/\/roveyayinevi.com.tr\/index.php\/wp-json\/wp\/v2\/product_cat?post=735285"},{"taxonomy":"product_tag","embeddable":true,"href":"https:\/\/roveyayinevi.com.tr\/index.php\/wp-json\/wp\/v2\/product_tag?post=735285"}],"curies":[{"name":"wp","href":"https:\/\/api.w.org\/{rel}","templated":true}]}}