{"id":735283,"date":"2025-08-27T22:45:10","date_gmt":"2025-08-27T19:45:10","guid":{"rendered":"https:\/\/roveyayinevi.com.tr\/index.php\/urun\/mesela-kelimeler-vardir\/"},"modified":"2026-04-16T02:43:39","modified_gmt":"2026-04-15T23:43:39","slug":"mesela-kelimeler-vardir","status":"publish","type":"product","link":"https:\/\/roveyayinevi.com.tr\/index.php\/urun\/mesela-kelimeler-vardir\/","title":{"rendered":"Mesela Kelimeler Vard\u0131r"},"content":{"rendered":"<p>Hepimizin kalbinde birikmi\u015f korkular var; neresinden bakar, neresinden tutarsan\u0131z. Ve \u00fczerimize yak\u0131\u015fs\u0131n ya da yak\u0131\u015fmas\u0131n bi\u00e7ilmi\u015f roller&#8230; \u00c7o\u011funlukla bu rolleri kendimizin se\u00e7ti\u011fini ve kendimizin oynad\u0131\u011f\u0131n\u0131 zannederiz. Oysa kurulmu\u015f bir duvar saati gibiyizdir. \u00c7ok az insan bunu fark eder ve isyan eder. \u015eiir de bizim i\u00e7in bir isyan edi\u015f bi\u00e7imi, varl\u0131\u011f\u0131n\u0131 ortaya koyma \u015feklidir. &#8220;\u015eiir bazen belirli kal\u0131plar ve kafiye \u00f6rg\u00fcs\u00fc i\u00e7erisinde de olsa da, asl\u0131nda kendimizi \u00f6zg\u00fcr hissetti\u011fimiz b\u00fcy\u00fcl\u00fc bir atmosfer, kelimelerin sihirli bir \u015fekilde hizaya ge\u00e7ti\u011fi derin bir yolculuk gibidir&#8221; diyor U\u011fur Sar\u0131, \u015fiire ta ortaokul y\u0131llar\u0131nda ba\u015flayan saf a\u015fk\u0131n\u0131 anlat\u0131rken. Bir isyan nidas\u0131 gibi dokudu\u011fu \u015fiirleriyle k\u00e2h Divan \u015fairleri gibi sal\u0131n\u0131yor, k\u00e2h modern bir \u015fair \u00fcslubuyla ters k\u00f6\u015fe yap\u0131yor. \u015eiirini birden fazla teknikle kaleme alan \u015fair a\u015fk\u0131 da anlat\u0131yor, ac\u0131y\u0131 da, h\u00fczn\u00fc de, kederi de. Fakat bildi\u011fimiz a\u015fk, ac\u0131, h\u00fcz\u00fcn, keder de\u011fil bunlar. \u015eairin a\u015fk\u0131, onun kederi, ac\u0131s\u0131, h\u00fczn\u00fc. Okudu\u011funuz her yeni m\u0131srada dama\u011f\u0131n\u0131zda kalan tad\u0131n kekremsile\u015fti\u011fini, yer yer tatl\u0131, yer yer ac\u0131 bir tat ald\u0131\u011f\u0131n\u0131z\u0131 hissedeceksiniz. Bu tat c\u00fcmb\u00fc\u015f\u00fcn\u00fcn etkisi ise tahmin etti\u011finizden \u00e7ok daha uzun s\u00fcrecek&#8230; <\/p>\n","protected":false},"excerpt":{"rendered":"<p>Hepimizin kalbinde birikmi\u015f korkular var; neresinden bakar, neresinden tutarsan\u0131z. Ve \u00fczerimize yak\u0131\u015fs\u0131n ya da yak\u0131\u015fmas\u0131n bi\u00e7ilmi\u015f roller&#8230; \u00c7o\u011funlukla bu rolleri kendimizin se\u00e7ti\u011fini ve kendimizin oynad\u0131\u011f\u0131n\u0131 zannederiz.<span class=\"excerpt-hellip\"> [\u2026]<\/span><\/p>\n","protected":false},"featured_media":0,"template":"","meta":{"_monsterinsights_skip_tracking":false,"_monsterinsights_sitenote_active":false,"_monsterinsights_sitenote_note":"","_monsterinsights_sitenote_category":0},"product_brand":[],"product_cat":[12291,12509],"product_tag":[],"class_list":{"0":"post-735283","1":"product","2":"type-product","3":"status-publish","5":"product_cat-edebiyat","6":"product_cat-siir","7":"pa_cilt-ciltsiz","8":"pa_tur-kitap","9":"pa_yayinevi-karina-yayinevi","10":"pa_yazar-ugur-sari","12":"first","13":"instock","14":"sale","15":"shipping-taxable","16":"purchasable","17":"product-type-simple"},"_links":{"self":[{"href":"https:\/\/roveyayinevi.com.tr\/index.php\/wp-json\/wp\/v2\/product\/735283","targetHints":{"allow":["GET"]}}],"collection":[{"href":"https:\/\/roveyayinevi.com.tr\/index.php\/wp-json\/wp\/v2\/product"}],"about":[{"href":"https:\/\/roveyayinevi.com.tr\/index.php\/wp-json\/wp\/v2\/types\/product"}],"wp:attachment":[{"href":"https:\/\/roveyayinevi.com.tr\/index.php\/wp-json\/wp\/v2\/media?parent=735283"}],"wp:term":[{"taxonomy":"product_brand","embeddable":true,"href":"https:\/\/roveyayinevi.com.tr\/index.php\/wp-json\/wp\/v2\/product_brand?post=735283"},{"taxonomy":"product_cat","embeddable":true,"href":"https:\/\/roveyayinevi.com.tr\/index.php\/wp-json\/wp\/v2\/product_cat?post=735283"},{"taxonomy":"product_tag","embeddable":true,"href":"https:\/\/roveyayinevi.com.tr\/index.php\/wp-json\/wp\/v2\/product_tag?post=735283"}],"curies":[{"name":"wp","href":"https:\/\/api.w.org\/{rel}","templated":true}]}}