{"id":735281,"date":"2025-08-27T22:45:08","date_gmt":"2025-08-27T19:45:08","guid":{"rendered":"https:\/\/roveyayinevi.com.tr\/index.php\/urun\/hayaletler-ile-randevularim\/"},"modified":"2026-04-16T02:43:39","modified_gmt":"2026-04-15T23:43:39","slug":"hayaletler-ile-randevularim","status":"publish","type":"product","link":"https:\/\/roveyayinevi.com.tr\/index.php\/urun\/hayaletler-ile-randevularim\/","title":{"rendered":"Hayaletler ile Randevular\u0131m"},"content":{"rendered":"<p>&#8220;Tabii hakl\u0131 olarak, &#8216;Neler sa\u00e7mal\u0131yor?&#8217;, diyorsundur. Oysa sen beni, r\u00fcyalar\u0131ndan tan\u0131yorsun. Bense, ezelden beri tan\u0131yorum seni. Senin sezgilerin \u00e7ok g\u00fc\u00e7l\u00fc ki; benim mektubumla kar\u015f\u0131la\u015ft\u0131n. Senin gibi hisleri g\u00fc\u00e7l\u00fc olan insanlar, ba\u015fkalar\u0131yla derin bir \u015fekilde ba\u011flant\u0131 kurarlar. Ayr\u0131ca d\u00fc\u015f\u00fcnce g\u00fcc\u00fcm\u00fcz ve hislerimizle, hayat\u0131m\u0131zda olmas\u0131n\u0131 arzulad\u0131\u011f\u0131m\u0131z t\u00fcm de\u011fi\u015fiklikleri yapabilme imk\u00e2n\u0131na sahibiz. Sen beni duymay\u0131 istedin, bense her daim sana f\u0131s\u0131lday\u0131p durmaktayd\u0131m zaten. D\u00fc\u015f\u00fcnce g\u00fc\u00e7lerimize sa\u011fl\u0131k! \u0130stersen \u015fimdi hemen buradan ka\u00e7abilirsin ama korktu\u011fun i\u00e7in gideceksen sana engel olaca\u011f\u0131m. Gayet \u015fuurlu bir \u015fekilde buray\u0131 terk etmek istersen de seni \u00f6zg\u00fcr b\u0131rakaca\u011f\u0131m. \u015eimdi sakinle\u015fmeye \u00e7al\u0131\u015f ve okuduklar\u0131n\u0131 iyi d\u00fc\u015f\u00fcn! &#8230; &#8220;\u015eimdi sakinleyebildin mi? Ayaklar\u0131n\u0131n, seni buraya kadar neden s\u00fcr\u00fckledi\u011fini anlayabildin mi? Sen, karanl\u0131k g\u00fc\u00e7lerin etkileri alt\u0131na alamad\u0131klar\u0131 ve \u00f6zg\u00fcrle\u015ftirilecek ruhlardans\u0131n. Sen iyilerdensin. Ve biliyorum, beni hissettin. Sen, bu mektubu okumaya ihtiya\u00e7 duymaktayd\u0131n. Belki beni yak\u0131ndan tan\u0131mak istemi\u015ftin. Mektubum burada bitiyor. Bundan sonra bu mektupla ne yapaca\u011f\u0131n, tamamen sana kalm\u0131\u015f. Buyur, \u015fu antika koltuklardan birine otur istersen! Yaslan arkana ve bilinmezlerin heyecan\u0131na teslim ol. Korkunla y\u00fczle\u015f. Bana odaklan\u0131p, beni hayat\u0131na \u00e7ek. Sana, bir bulut i\u00e7inde gelece\u011fim elbet. Tekrar g\u00f6r\u00fc\u015fmek dile\u011fiyle!&#8221; &#8220;Bug\u00fcn de \u00f6lmezsem yar\u0131n g\u00f6r\u00fc\u015f\u00fcr\u00fcz sevimli hayalet!&#8221; Hayal ile ger\u00e7ek, uyku ile uyan\u0131kl\u0131k r\u00fcya ile ya\u015fam&#8230; Gece-g\u00fcnd\u00fcz gibi z\u0131t kavramlar birbiriyle i\u00e7 i\u00e7e ge\u00e7erken, Zaf\u00f3n okuyor gibi bir \u00fcrperti hissedecek, kahraman\u0131n nefesini ensenizde hissedeceksiniz. K\u00e2h \u00f6l\u00fcm\u00fc k\u00e2h \u00f6l\u00fcme bak\u0131\u015f\u0131n\u0131z\u0131 sorgulayacak ve hatta sorgulamakla kalmay\u0131p biraz olsun \u0131s\u0131nacaks\u0131n\u0131z. &#8220;Sen bu kitab\u0131n sesini duymay\u0131 istedin, o ise her daim sana f\u0131s\u0131lday\u0131p durmaktayd\u0131 zaten&#8230;&#8221; <\/p>\n","protected":false},"excerpt":{"rendered":"<p>&#8220;Tabii hakl\u0131 olarak, &#8216;Neler sa\u00e7mal\u0131yor?&#8217;, diyorsundur. Oysa sen beni, r\u00fcyalar\u0131ndan tan\u0131yorsun. Bense, ezelden beri tan\u0131yorum seni. Senin sezgilerin \u00e7ok g\u00fc\u00e7l\u00fc ki; benim mektubumla kar\u015f\u0131la\u015ft\u0131n. Senin gibi<span class=\"excerpt-hellip\"> [\u2026]<\/span><\/p>\n","protected":false},"featured_media":0,"template":"","meta":{"_monsterinsights_skip_tracking":false,"_monsterinsights_sitenote_active":false,"_monsterinsights_sitenote_note":"","_monsterinsights_sitenote_category":0},"product_brand":[],"product_cat":[12291,12711],"product_tag":[],"class_list":{"0":"post-735281","1":"product","2":"type-product","3":"status-publish","5":"product_cat-edebiyat","6":"product_cat-roman-oyku","7":"pa_cilt-ciltsiz","8":"pa_tur-kitap","9":"pa_yayinevi-karina-yayinevi","10":"pa_yazar-banu-saygili-balaman","12":"first","13":"instock","14":"sale","15":"shipping-taxable","16":"purchasable","17":"product-type-simple"},"_links":{"self":[{"href":"https:\/\/roveyayinevi.com.tr\/index.php\/wp-json\/wp\/v2\/product\/735281","targetHints":{"allow":["GET"]}}],"collection":[{"href":"https:\/\/roveyayinevi.com.tr\/index.php\/wp-json\/wp\/v2\/product"}],"about":[{"href":"https:\/\/roveyayinevi.com.tr\/index.php\/wp-json\/wp\/v2\/types\/product"}],"wp:attachment":[{"href":"https:\/\/roveyayinevi.com.tr\/index.php\/wp-json\/wp\/v2\/media?parent=735281"}],"wp:term":[{"taxonomy":"product_brand","embeddable":true,"href":"https:\/\/roveyayinevi.com.tr\/index.php\/wp-json\/wp\/v2\/product_brand?post=735281"},{"taxonomy":"product_cat","embeddable":true,"href":"https:\/\/roveyayinevi.com.tr\/index.php\/wp-json\/wp\/v2\/product_cat?post=735281"},{"taxonomy":"product_tag","embeddable":true,"href":"https:\/\/roveyayinevi.com.tr\/index.php\/wp-json\/wp\/v2\/product_tag?post=735281"}],"curies":[{"name":"wp","href":"https:\/\/api.w.org\/{rel}","templated":true}]}}