{"id":735279,"date":"2025-08-27T22:45:05","date_gmt":"2025-08-27T19:45:05","guid":{"rendered":"https:\/\/roveyayinevi.com.tr\/index.php\/urun\/tavsan-ile-kirpi\/"},"modified":"2026-04-16T02:43:39","modified_gmt":"2026-04-15T23:43:39","slug":"tavsan-ile-kirpi","status":"publish","type":"product","link":"https:\/\/roveyayinevi.com.tr\/index.php\/urun\/tavsan-ile-kirpi\/","title":{"rendered":"Tav\u015fan \u0130le Kirpi"},"content":{"rendered":"<p>Tav\u015fan o kadar h\u0131zl\u0131 ko\u015fuyordu ki, kulaklar\u0131 sa\u011fa sola u\u00e7u\u015fuyordu. Ba\u015flama noktas\u0131na vard\u0131\u011f\u0131nda kirpiyi orada buldu. Kirpi, \u201cBen \u00e7oktan geldim bile!\u201d dedi. D\u00fcnyaca \u00fcnl\u00fc masal Tav\u015fan ile Kirpi, Axel Scheffler\u2019in \u00e7izimleriyle bulu\u015ftu. <\/p>\n","protected":false},"excerpt":{"rendered":"<p>Tav\u015fan o kadar h\u0131zl\u0131 ko\u015fuyordu ki, kulaklar\u0131 sa\u011fa sola u\u00e7u\u015fuyordu. Ba\u015flama noktas\u0131na vard\u0131\u011f\u0131nda kirpiyi orada buldu. Kirpi, \u201cBen \u00e7oktan geldim bile!\u201d dedi. D\u00fcnyaca \u00fcnl\u00fc masal Tav\u015fan<span class=\"excerpt-hellip\"> [\u2026]<\/span><\/p>\n","protected":false},"featured_media":0,"template":"","meta":{"_monsterinsights_skip_tracking":false,"_monsterinsights_sitenote_active":false,"_monsterinsights_sitenote_note":"","_monsterinsights_sitenote_category":0},"product_brand":[],"product_cat":[12274,12518],"product_tag":[],"class_list":{"0":"post-735279","1":"product","2":"type-product","3":"status-publish","5":"product_cat-cocuk-ve-genclik-kitaplari","6":"product_cat-okul-oncesi-kitaplar","7":"pa_cilt-ciltsiz","8":"pa_tur-kitap","9":"pa_yayinevi-is-bankasi-kultur-yayinlari","10":"pa_yazar-axel-scheffler","12":"first","13":"instock","14":"sale","15":"shipping-taxable","16":"purchasable","17":"product-type-simple"},"_links":{"self":[{"href":"https:\/\/roveyayinevi.com.tr\/index.php\/wp-json\/wp\/v2\/product\/735279","targetHints":{"allow":["GET"]}}],"collection":[{"href":"https:\/\/roveyayinevi.com.tr\/index.php\/wp-json\/wp\/v2\/product"}],"about":[{"href":"https:\/\/roveyayinevi.com.tr\/index.php\/wp-json\/wp\/v2\/types\/product"}],"wp:attachment":[{"href":"https:\/\/roveyayinevi.com.tr\/index.php\/wp-json\/wp\/v2\/media?parent=735279"}],"wp:term":[{"taxonomy":"product_brand","embeddable":true,"href":"https:\/\/roveyayinevi.com.tr\/index.php\/wp-json\/wp\/v2\/product_brand?post=735279"},{"taxonomy":"product_cat","embeddable":true,"href":"https:\/\/roveyayinevi.com.tr\/index.php\/wp-json\/wp\/v2\/product_cat?post=735279"},{"taxonomy":"product_tag","embeddable":true,"href":"https:\/\/roveyayinevi.com.tr\/index.php\/wp-json\/wp\/v2\/product_tag?post=735279"}],"curies":[{"name":"wp","href":"https:\/\/api.w.org\/{rel}","templated":true}]}}