{"id":735278,"date":"2025-08-27T22:45:04","date_gmt":"2025-08-27T19:45:04","guid":{"rendered":"https:\/\/roveyayinevi.com.tr\/index.php\/urun\/uc-dilek\/"},"modified":"2026-04-16T02:43:39","modified_gmt":"2026-04-15T23:43:39","slug":"uc-dilek","status":"publish","type":"product","link":"https:\/\/roveyayinevi.com.tr\/index.php\/urun\/uc-dilek\/","title":{"rendered":"\u00dc\u00e7 Dilek"},"content":{"rendered":"<p>G\u00fczel bir g\u00fcn\u00fcn sabah\u0131nda ormana a\u011fa\u00e7 kesmeye giden oduncu, tam baltas\u0131n\u0131 kald\u0131rm\u0131\u015f ki a\u011fa\u00e7tan bir ses geldi\u011fini duymu\u015f. Bu ses a\u011fa\u00e7ta ya\u015fayan periye aitmi\u015f. Peri, a\u011fac\u0131 kesmezse oduncunun \u00fc\u00e7 dile\u011finin ger\u00e7ekle\u015fece\u011fini s\u00f6ylemi\u015f. Oduncu a\u011fac\u0131 kesmekten vazge\u00e7mi\u015f ve ba\u015flam\u0131\u015f ne isteyece\u011fini d\u00fc\u015f\u00fcnmeye. D\u00fcnyaca \u00fcnl\u00fc \u0130ngiliz masal\u0131, Axel Scheffler\u2019in \u00e7izimleriyle bulu\u015ftu. <\/p>\n","protected":false},"excerpt":{"rendered":"<p>G\u00fczel bir g\u00fcn\u00fcn sabah\u0131nda ormana a\u011fa\u00e7 kesmeye giden oduncu, tam baltas\u0131n\u0131 kald\u0131rm\u0131\u015f ki a\u011fa\u00e7tan bir ses geldi\u011fini duymu\u015f. Bu ses a\u011fa\u00e7ta ya\u015fayan periye aitmi\u015f. Peri, a\u011fac\u0131<span class=\"excerpt-hellip\"> [\u2026]<\/span><\/p>\n","protected":false},"featured_media":0,"template":"","meta":{"_monsterinsights_skip_tracking":false,"_monsterinsights_sitenote_active":false,"_monsterinsights_sitenote_note":"","_monsterinsights_sitenote_category":0},"product_brand":[],"product_cat":[12274,12518],"product_tag":[],"class_list":{"0":"post-735278","1":"product","2":"type-product","3":"status-publish","5":"product_cat-cocuk-ve-genclik-kitaplari","6":"product_cat-okul-oncesi-kitaplar","7":"pa_cilt-ciltsiz","8":"pa_tur-kitap","9":"pa_yayinevi-is-bankasi-kultur-yayinlari","10":"pa_yazar-axel-scheffler","12":"first","13":"instock","14":"sale","15":"shipping-taxable","16":"purchasable","17":"product-type-simple"},"_links":{"self":[{"href":"https:\/\/roveyayinevi.com.tr\/index.php\/wp-json\/wp\/v2\/product\/735278","targetHints":{"allow":["GET"]}}],"collection":[{"href":"https:\/\/roveyayinevi.com.tr\/index.php\/wp-json\/wp\/v2\/product"}],"about":[{"href":"https:\/\/roveyayinevi.com.tr\/index.php\/wp-json\/wp\/v2\/types\/product"}],"wp:attachment":[{"href":"https:\/\/roveyayinevi.com.tr\/index.php\/wp-json\/wp\/v2\/media?parent=735278"}],"wp:term":[{"taxonomy":"product_brand","embeddable":true,"href":"https:\/\/roveyayinevi.com.tr\/index.php\/wp-json\/wp\/v2\/product_brand?post=735278"},{"taxonomy":"product_cat","embeddable":true,"href":"https:\/\/roveyayinevi.com.tr\/index.php\/wp-json\/wp\/v2\/product_cat?post=735278"},{"taxonomy":"product_tag","embeddable":true,"href":"https:\/\/roveyayinevi.com.tr\/index.php\/wp-json\/wp\/v2\/product_tag?post=735278"}],"curies":[{"name":"wp","href":"https:\/\/api.w.org\/{rel}","templated":true}]}}