{"id":735275,"date":"2025-08-27T22:45:01","date_gmt":"2025-08-27T19:45:01","guid":{"rendered":"https:\/\/roveyayinevi.com.tr\/index.php\/urun\/kendin-kesfet-cevre-kirliligi-ve-atiklar\/"},"modified":"2026-04-16T02:43:39","modified_gmt":"2026-04-15T23:43:39","slug":"kendin-kesfet-cevre-kirliligi-ve-atiklar","status":"publish","type":"product","link":"https:\/\/roveyayinevi.com.tr\/index.php\/urun\/kendin-kesfet-cevre-kirliligi-ve-atiklar\/","title":{"rendered":"Kendin Ke\u015ffet &#8211; \u00c7evre Kirlili\u011fi ve At\u0131klar"},"content":{"rendered":"<p>E\u011flendirerek \u00f6\u011freten bu heyecan verici seride, kendi ellerinle yapaca\u011f\u0131n deneyler sayesinde bilime pratik bir yakla\u015f\u0131m geli\u015ftirmeni sa\u011flayacak \u00e7ok say\u0131da etkinlik yer al\u0131yor. \u00c7evre Kirlili\u011fi ve At\u0131klar\u2019da ke\u015ffedeceklerin aras\u0131nda: \u2022 Hava kirlili\u011fi testleri \u2022 K\u00fcresel \u0131s\u0131nmay\u0131 kendi g\u00f6zlerinle g\u00f6rme \u2022 Bir petrol s\u0131z\u0131nt\u0131s\u0131n\u0131 temizleme \u2022 Ve daha neler neler var! <\/p>\n","protected":false},"excerpt":{"rendered":"<p>E\u011flendirerek \u00f6\u011freten bu heyecan verici seride, kendi ellerinle yapaca\u011f\u0131n deneyler sayesinde bilime pratik bir yakla\u015f\u0131m geli\u015ftirmeni sa\u011flayacak \u00e7ok say\u0131da etkinlik yer al\u0131yor. \u00c7evre Kirlili\u011fi ve At\u0131klar\u2019da<span class=\"excerpt-hellip\"> [\u2026]<\/span><\/p>\n","protected":false},"featured_media":0,"template":"","meta":{"_monsterinsights_skip_tracking":false,"_monsterinsights_sitenote_active":false,"_monsterinsights_sitenote_note":"","_monsterinsights_sitenote_category":0},"product_brand":[],"product_cat":[12275,12274],"product_tag":[],"class_list":{"0":"post-735275","1":"product","2":"type-product","3":"status-publish","5":"product_cat-6-12-yas-kitaplari","6":"product_cat-cocuk-ve-genclik-kitaplari","7":"pa_cilt-ciltsiz","8":"pa_tur-kitap","9":"pa_yayinevi-is-bankasi-kultur-yayinlari","10":"pa_yazar-sally-morgan","12":"first","13":"instock","14":"sale","15":"shipping-taxable","16":"purchasable","17":"product-type-simple"},"_links":{"self":[{"href":"https:\/\/roveyayinevi.com.tr\/index.php\/wp-json\/wp\/v2\/product\/735275","targetHints":{"allow":["GET"]}}],"collection":[{"href":"https:\/\/roveyayinevi.com.tr\/index.php\/wp-json\/wp\/v2\/product"}],"about":[{"href":"https:\/\/roveyayinevi.com.tr\/index.php\/wp-json\/wp\/v2\/types\/product"}],"wp:attachment":[{"href":"https:\/\/roveyayinevi.com.tr\/index.php\/wp-json\/wp\/v2\/media?parent=735275"}],"wp:term":[{"taxonomy":"product_brand","embeddable":true,"href":"https:\/\/roveyayinevi.com.tr\/index.php\/wp-json\/wp\/v2\/product_brand?post=735275"},{"taxonomy":"product_cat","embeddable":true,"href":"https:\/\/roveyayinevi.com.tr\/index.php\/wp-json\/wp\/v2\/product_cat?post=735275"},{"taxonomy":"product_tag","embeddable":true,"href":"https:\/\/roveyayinevi.com.tr\/index.php\/wp-json\/wp\/v2\/product_tag?post=735275"}],"curies":[{"name":"wp","href":"https:\/\/api.w.org\/{rel}","templated":true}]}}