{"id":735274,"date":"2025-08-27T22:45:00","date_gmt":"2025-08-27T19:45:00","guid":{"rendered":"https:\/\/roveyayinevi.com.tr\/index.php\/urun\/civiyazili-mektuplar-samuel-noah-kramerden-muazzez-ilmiye-ciga\/"},"modified":"2026-04-16T02:43:38","modified_gmt":"2026-04-15T23:43:38","slug":"civiyazili-mektuplar-samuel-noah-kramerden-muazzez-ilmiye-ciga","status":"publish","type":"product","link":"https:\/\/roveyayinevi.com.tr\/index.php\/urun\/civiyazili-mektuplar-samuel-noah-kramerden-muazzez-ilmiye-ciga\/","title":{"rendered":"\u00c7iviyaz\u0131l\u0131 Mektuplar &#8211; Samuel Noah Kramer&#8217;den Muazzez \u0130lmiye \u00c7\u0131\u011f&#8217;a"},"content":{"rendered":"<p>\u201cProf. Samuel Noah Kramer ya\u015fam\u0131mda \u00f6nemli bir yer tuttu. 1950\u2019den itibaren Sumer edebi metinleriyle ilgili \u00e7al\u0131\u015fmalar\u0131na kat\u0131ld\u0131m. Bu kitapta yer alan Prof. Kramer\u2019le yaz\u0131\u015fmalar\u0131m da bu ortamda do\u011fdu, bilimsel \u00fcretimimiz dayan\u0131\u015fmaya ve dostlu\u011fa d\u00f6n\u00fc\u015ft\u00fc. Kitapta yer alan bu mektuplar da s\u00f6z konusu bilimsel \u00fcretimin birer kan\u0131t\u0131d\u0131r. Sonu\u00e7 olarak bu kitap, bilim insanlar\u0131n\u0131n dayan\u0131\u015fmalar\u0131n\u0131n hangi tarihsel k\u00f6klerden beslendi\u011fini ortaya koyarak, ar\u015fivde \u00f6l\u00fc gibi duran mektuplara ve belgelere can suyu vermektedir.\u201d Muazzez \u0130lmiye \u00c7\u0131\u011f T\u00fcrkiye\u2019de Sumeroloji \u00e7al\u0131\u015fmalar\u0131 denince akla ilk gelen isimlerdendir Muazzez \u0130lmiye \u00c7\u0131\u011f. \u0130stanbul Arkeoloji M\u00fczeleri\u2019nde Hatice K\u0131z\u0131lyay\u2019la birlikte bilimsel \u00f6l\u00e7\u00fctlere g\u00f6re d\u00fczenledikleri \u00c7iviyaz\u0131l\u0131 Tabletler Ar\u015fivi, \u00e7al\u0131\u015fmalar\u0131n\u0131 s\u00fcrd\u00fcrd\u00fckleri 33 y\u0131l boyunca d\u00fcnyan\u0131n say\u0131l\u0131 Sumer ve Hitit uzman\u0131 taraf\u0131ndan ilgi g\u00f6r\u00fcr ve akademik bir ortama d\u00f6n\u00fc\u015f\u00fcr. \u00c7\u0131\u011f ve K\u0131z\u0131lyay i\u00e7in, 1930\u2019lardan itibaren ar\u015fivde \u00e7al\u0131\u015fmak \u00fczere 11 kez \u0130stanbul\u2019a gelen Kramer\u2019in ayr\u0131 bir yeri vard\u0131r. \u00d6zellikle \u00c7\u0131\u011f, 1951\u2019den Prof. Kramer\u2019in ya\u015fam\u0131n\u0131n sonuna dek bilimsel \u00fcretimini onunla d\u00fc\u015f\u00fcnce al\u0131\u015fveri\u015fi i\u00e7inde s\u00fcrd\u00fcr\u00fcr. Prof. Dr. Firdevs G\u00fcm\u00fc\u015fo\u011flu\u2019nun, \u00c7\u0131\u011f\u2019\u0131n ar\u015fivinde yer alan Kramer\u2019in mektuplar\u0131na ve \u00c7\u0131\u011f\u2019la yapt\u0131\u011f\u0131 g\u00f6r\u00fc\u015fmelere dayanarak haz\u0131rlad\u0131\u011f\u0131 \u00c7iviyaz\u0131l\u0131 Mektuplar, uygarl\u0131k tarihinin \u201cilk\u201dlerine katk\u0131 yapan iki bilim insan\u0131n\u0131n dostluk hik\u00e2yesidir. <\/p>\n","protected":false},"excerpt":{"rendered":"<p>\u201cProf. Samuel Noah Kramer ya\u015fam\u0131mda \u00f6nemli bir yer tuttu. 1950\u2019den itibaren Sumer edebi metinleriyle ilgili \u00e7al\u0131\u015fmalar\u0131na kat\u0131ld\u0131m. Bu kitapta yer alan Prof. Kramer\u2019le yaz\u0131\u015fmalar\u0131m da bu<span class=\"excerpt-hellip\"> [\u2026]<\/span><\/p>\n","protected":false},"featured_media":0,"template":"","meta":{"_monsterinsights_skip_tracking":false,"_monsterinsights_sitenote_active":false,"_monsterinsights_sitenote_note":"","_monsterinsights_sitenote_category":0},"product_brand":[],"product_cat":[13072,12291],"product_tag":[],"class_list":{"0":"post-735274","1":"product","2":"type-product","3":"status-publish","5":"product_cat-arastirma-inceleme-referans","6":"product_cat-edebiyat","7":"pa_cilt-ciltsiz","8":"pa_tur-kitap","9":"pa_yayinevi-is-bankasi-kultur-yayinlari","10":"pa_yazar-firdevs-gumusoglu","12":"first","13":"instock","14":"sale","15":"shipping-taxable","16":"purchasable","17":"product-type-simple"},"_links":{"self":[{"href":"https:\/\/roveyayinevi.com.tr\/index.php\/wp-json\/wp\/v2\/product\/735274","targetHints":{"allow":["GET"]}}],"collection":[{"href":"https:\/\/roveyayinevi.com.tr\/index.php\/wp-json\/wp\/v2\/product"}],"about":[{"href":"https:\/\/roveyayinevi.com.tr\/index.php\/wp-json\/wp\/v2\/types\/product"}],"wp:attachment":[{"href":"https:\/\/roveyayinevi.com.tr\/index.php\/wp-json\/wp\/v2\/media?parent=735274"}],"wp:term":[{"taxonomy":"product_brand","embeddable":true,"href":"https:\/\/roveyayinevi.com.tr\/index.php\/wp-json\/wp\/v2\/product_brand?post=735274"},{"taxonomy":"product_cat","embeddable":true,"href":"https:\/\/roveyayinevi.com.tr\/index.php\/wp-json\/wp\/v2\/product_cat?post=735274"},{"taxonomy":"product_tag","embeddable":true,"href":"https:\/\/roveyayinevi.com.tr\/index.php\/wp-json\/wp\/v2\/product_tag?post=735274"}],"curies":[{"name":"wp","href":"https:\/\/api.w.org\/{rel}","templated":true}]}}