{"id":735270,"date":"2025-08-27T22:44:55","date_gmt":"2025-08-27T19:44:55","guid":{"rendered":"https:\/\/roveyayinevi.com.tr\/index.php\/urun\/daha-da-kucukler-icin-su-acayip-gezegenler\/"},"modified":"2026-04-16T02:43:38","modified_gmt":"2026-04-15T23:43:38","slug":"daha-da-kucukler-icin-su-acayip-gezegenler","status":"publish","type":"product","link":"https:\/\/roveyayinevi.com.tr\/index.php\/urun\/daha-da-kucukler-icin-su-acayip-gezegenler\/","title":{"rendered":"Daha da K\u00fc\u00e7\u00fckler \u0130\u00e7in &#8211; \u015eu Acayip Gezegenler"},"content":{"rendered":"<p>Burada G\u00fcne\u015f, bu ihti\u015faml\u0131 yuvan\u0131n lambas\u0131 ve sobas\u0131; burada Ay, bu muhte\u015fem saray\u0131n bir gece kandilidir&#8230; Burada y\u0131ld\u0131zlar, her gece \u00fczerimizi \u00f6rten koyu lacivert kadifeden battaniyenin inciden s\u00fcsleridir&#8230; Burada her \u015fey insan i\u00e7in ve insana g\u00f6re yarat\u0131lm\u0131\u015ft\u0131r&#8230; Piknik mi yapmak istiyordunuz? Haydi \u00e7\u0131kar\u0131n yayg\u0131lar\u0131n\u0131z\u0131, kilimlerinizi ve serin \u015fu g\u00f6rkemli ceviz a\u011fa\u00e7lar\u0131n\u0131n alt\u0131na&#8230;Buras\u0131 D\u00fcnya\u2019d\u0131r, Rabbimizin rahmet eserleriyle ku\u015fat\u0131lm\u0131\u015f s\u0131ms\u0131cak ve \u015fip\u015firin bir yuvad\u0131r&#8230;<\/p>\n","protected":false},"excerpt":{"rendered":"<p>Burada G\u00fcne\u015f, bu ihti\u015faml\u0131 yuvan\u0131n lambas\u0131 ve sobas\u0131; burada Ay, bu muhte\u015fem saray\u0131n bir gece kandilidir&#8230; Burada y\u0131ld\u0131zlar, her gece \u00fczerimizi \u00f6rten koyu lacivert kadifeden battaniyenin<span class=\"excerpt-hellip\"> [\u2026]<\/span><\/p>\n","protected":false},"featured_media":0,"template":"","meta":{"_monsterinsights_skip_tracking":false,"_monsterinsights_sitenote_active":false,"_monsterinsights_sitenote_note":"","_monsterinsights_sitenote_category":0},"product_brand":[],"product_cat":[13829,12274],"product_tag":[],"class_list":{"0":"post-735270","1":"product","2":"type-product","3":"status-publish","5":"product_cat-bilimsel-kitaplar","6":"product_cat-cocuk-ve-genclik-kitaplari","7":"pa_cilt-ciltsiz","8":"pa_tur-kitap","9":"pa_yayinevi-ugurbocegi-yayinlari","10":"pa_yazar-tarik-uslu","12":"first","13":"instock","14":"sale","15":"shipping-taxable","16":"purchasable","17":"product-type-simple"},"_links":{"self":[{"href":"https:\/\/roveyayinevi.com.tr\/index.php\/wp-json\/wp\/v2\/product\/735270","targetHints":{"allow":["GET"]}}],"collection":[{"href":"https:\/\/roveyayinevi.com.tr\/index.php\/wp-json\/wp\/v2\/product"}],"about":[{"href":"https:\/\/roveyayinevi.com.tr\/index.php\/wp-json\/wp\/v2\/types\/product"}],"wp:attachment":[{"href":"https:\/\/roveyayinevi.com.tr\/index.php\/wp-json\/wp\/v2\/media?parent=735270"}],"wp:term":[{"taxonomy":"product_brand","embeddable":true,"href":"https:\/\/roveyayinevi.com.tr\/index.php\/wp-json\/wp\/v2\/product_brand?post=735270"},{"taxonomy":"product_cat","embeddable":true,"href":"https:\/\/roveyayinevi.com.tr\/index.php\/wp-json\/wp\/v2\/product_cat?post=735270"},{"taxonomy":"product_tag","embeddable":true,"href":"https:\/\/roveyayinevi.com.tr\/index.php\/wp-json\/wp\/v2\/product_tag?post=735270"}],"curies":[{"name":"wp","href":"https:\/\/api.w.org\/{rel}","templated":true}]}}