{"id":735269,"date":"2025-08-27T22:44:54","date_gmt":"2025-08-27T19:44:54","guid":{"rendered":"https:\/\/roveyayinevi.com.tr\/index.php\/urun\/daha-da-kucukler-icin-su-acayip-atmosfer\/"},"modified":"2026-04-16T02:43:38","modified_gmt":"2026-04-15T23:43:38","slug":"daha-da-kucukler-icin-su-acayip-atmosfer","status":"publish","type":"product","link":"https:\/\/roveyayinevi.com.tr\/index.php\/urun\/daha-da-kucukler-icin-su-acayip-atmosfer\/","title":{"rendered":"Daha da K\u00fc\u00e7\u00fckler \u0130\u00e7in &#8211; \u015eu Acayip Atmosfer"},"content":{"rendered":"<p>D\u00fcnya\u2019y\u0131 \u00e7epe\u00e7evre ku\u015fatan bu mavi g\u00f6k kubbe, yani atmosfer tabakas\u0131 sadece onu, G\u00fcne\u015f sistemindeki \u00f6teki gezegenlerden daha g\u00fczel ve al\u0131ml\u0131 yapmakla kalmaz, yery\u00fcz\u00fcnde; kelebeklerden fillere, mantarlardan sekoya a\u011fa\u00e7lar\u0131na kadar; tek h\u00fccreli, \u00e7ok h\u00fccreli, omurgal\u0131, omurgas\u0131z, yumurtadan \u00e7\u0131kan, annesinden do\u011fan, u\u00e7an, y\u00fczen, ko\u015fan ne kadar canl\u0131 varsa, hepsinin rahat\u00e7a ya\u015fayabilece\u011fi g\u00fcvenli bir yuva olmas\u0131n\u0131 sa\u011flar. <\/p>\n","protected":false},"excerpt":{"rendered":"<p>D\u00fcnya\u2019y\u0131 \u00e7epe\u00e7evre ku\u015fatan bu mavi g\u00f6k kubbe, yani atmosfer tabakas\u0131 sadece onu, G\u00fcne\u015f sistemindeki \u00f6teki gezegenlerden daha g\u00fczel ve al\u0131ml\u0131 yapmakla kalmaz, yery\u00fcz\u00fcnde; kelebeklerden fillere, mantarlardan<span class=\"excerpt-hellip\"> [\u2026]<\/span><\/p>\n","protected":false},"featured_media":0,"template":"","meta":{"_monsterinsights_skip_tracking":false,"_monsterinsights_sitenote_active":false,"_monsterinsights_sitenote_note":"","_monsterinsights_sitenote_category":0},"product_brand":[],"product_cat":[13829,12274],"product_tag":[],"class_list":{"0":"post-735269","1":"product","2":"type-product","3":"status-publish","5":"product_cat-bilimsel-kitaplar","6":"product_cat-cocuk-ve-genclik-kitaplari","7":"pa_cilt-ciltsiz","8":"pa_tur-kitap","9":"pa_yayinevi-ugurbocegi-yayinlari","10":"pa_yazar-tarik-uslu","12":"first","13":"instock","14":"sale","15":"shipping-taxable","16":"purchasable","17":"product-type-simple"},"_links":{"self":[{"href":"https:\/\/roveyayinevi.com.tr\/index.php\/wp-json\/wp\/v2\/product\/735269","targetHints":{"allow":["GET"]}}],"collection":[{"href":"https:\/\/roveyayinevi.com.tr\/index.php\/wp-json\/wp\/v2\/product"}],"about":[{"href":"https:\/\/roveyayinevi.com.tr\/index.php\/wp-json\/wp\/v2\/types\/product"}],"wp:attachment":[{"href":"https:\/\/roveyayinevi.com.tr\/index.php\/wp-json\/wp\/v2\/media?parent=735269"}],"wp:term":[{"taxonomy":"product_brand","embeddable":true,"href":"https:\/\/roveyayinevi.com.tr\/index.php\/wp-json\/wp\/v2\/product_brand?post=735269"},{"taxonomy":"product_cat","embeddable":true,"href":"https:\/\/roveyayinevi.com.tr\/index.php\/wp-json\/wp\/v2\/product_cat?post=735269"},{"taxonomy":"product_tag","embeddable":true,"href":"https:\/\/roveyayinevi.com.tr\/index.php\/wp-json\/wp\/v2\/product_tag?post=735269"}],"curies":[{"name":"wp","href":"https:\/\/api.w.org\/{rel}","templated":true}]}}