{"id":735268,"date":"2025-08-27T22:44:53","date_gmt":"2025-08-27T19:44:53","guid":{"rendered":"https:\/\/roveyayinevi.com.tr\/index.php\/urun\/daha-da-kucukler-icin-su-acayip-gunes\/"},"modified":"2026-04-16T02:43:38","modified_gmt":"2026-04-15T23:43:38","slug":"daha-da-kucukler-icin-su-acayip-gunes","status":"publish","type":"product","link":"https:\/\/roveyayinevi.com.tr\/index.php\/urun\/daha-da-kucukler-icin-su-acayip-gunes\/","title":{"rendered":"Daha da K\u00fc\u00e7\u00fckler \u0130\u00e7in &#8211; \u015eu Acayip G\u00fcne\u015f"},"content":{"rendered":"<p>G\u00fcne\u015f, D\u00fcnya gibi da\u011flardan ta\u015flardan, k\u0131talardan olu\u015fmaz. O dev boyutlarda bir gaz k\u00fctlesidir. S\u00fcrekli fokur fokur kaynayan, bir yandan da ak\u0131l almaz \u015fiddette patlamalarla etrafa enerji sa\u00e7an bir gaz topu! Bu gaz topunun merkezinde her saniye 500 milyon ton hidrojen, helyuma d\u00f6n\u00fc\u015f\u00fcr. Bu s\u0131rada % 3 oran\u0131nda bir kay\u0131p olur. Bu kay\u0131p, \u0131s\u0131 ve \u0131\u015f\u0131k olarak a\u00e7\u0131\u011fa \u00e7\u0131kar. \u0130\u015fte bu enerji, G\u00fcne\u015f\u2019ten savrulup dalga dalga uzay\u0131n karanl\u0131klar\u0131na do\u011fru yay\u0131l\u0131r. Hem de saniyede 300 bin kilometre gibi bir h\u0131zla! <\/p>\n","protected":false},"excerpt":{"rendered":"<p>G\u00fcne\u015f, D\u00fcnya gibi da\u011flardan ta\u015flardan, k\u0131talardan olu\u015fmaz. O dev boyutlarda bir gaz k\u00fctlesidir. S\u00fcrekli fokur fokur kaynayan, bir yandan da ak\u0131l almaz \u015fiddette patlamalarla etrafa enerji<span class=\"excerpt-hellip\"> [\u2026]<\/span><\/p>\n","protected":false},"featured_media":0,"template":"","meta":{"_monsterinsights_skip_tracking":false,"_monsterinsights_sitenote_active":false,"_monsterinsights_sitenote_note":"","_monsterinsights_sitenote_category":0},"product_brand":[],"product_cat":[13829,12274],"product_tag":[],"class_list":{"0":"post-735268","1":"product","2":"type-product","3":"status-publish","5":"product_cat-bilimsel-kitaplar","6":"product_cat-cocuk-ve-genclik-kitaplari","7":"pa_cilt-ciltsiz","8":"pa_tur-kitap","9":"pa_yayinevi-ugurbocegi-yayinlari","10":"pa_yazar-tarik-uslu","12":"first","13":"instock","14":"sale","15":"shipping-taxable","16":"purchasable","17":"product-type-simple"},"_links":{"self":[{"href":"https:\/\/roveyayinevi.com.tr\/index.php\/wp-json\/wp\/v2\/product\/735268","targetHints":{"allow":["GET"]}}],"collection":[{"href":"https:\/\/roveyayinevi.com.tr\/index.php\/wp-json\/wp\/v2\/product"}],"about":[{"href":"https:\/\/roveyayinevi.com.tr\/index.php\/wp-json\/wp\/v2\/types\/product"}],"wp:attachment":[{"href":"https:\/\/roveyayinevi.com.tr\/index.php\/wp-json\/wp\/v2\/media?parent=735268"}],"wp:term":[{"taxonomy":"product_brand","embeddable":true,"href":"https:\/\/roveyayinevi.com.tr\/index.php\/wp-json\/wp\/v2\/product_brand?post=735268"},{"taxonomy":"product_cat","embeddable":true,"href":"https:\/\/roveyayinevi.com.tr\/index.php\/wp-json\/wp\/v2\/product_cat?post=735268"},{"taxonomy":"product_tag","embeddable":true,"href":"https:\/\/roveyayinevi.com.tr\/index.php\/wp-json\/wp\/v2\/product_tag?post=735268"}],"curies":[{"name":"wp","href":"https:\/\/api.w.org\/{rel}","templated":true}]}}