{"id":735264,"date":"2025-08-27T22:44:48","date_gmt":"2025-08-27T19:44:48","guid":{"rendered":"https:\/\/roveyayinevi.com.tr\/index.php\/urun\/ibadet-ediyorum-renklerle-guzel-dinim-boyama-kitabi-3\/"},"modified":"2026-04-16T02:43:38","modified_gmt":"2026-04-15T23:43:38","slug":"ibadet-ediyorum-renklerle-guzel-dinim-boyama-kitabi-3","status":"publish","type":"product","link":"https:\/\/roveyayinevi.com.tr\/index.php\/urun\/ibadet-ediyorum-renklerle-guzel-dinim-boyama-kitabi-3\/","title":{"rendered":"\u0130badet Ediyorum &#8211; Renklerle G\u00fczel Dinim Boyama Kitab\u0131 3"},"content":{"rendered":"<p>Renkler g\u00fczeldir. Sar\u0131, mavi, ye\u015fil, mor g\u00fczeldir. Turuncu, eflatun, kahverengi, k\u0131rm\u0131z\u0131 g\u00fczeldir. Boncuk mavi, su ye\u015fili, tatl\u0131 sar\u0131 g\u00fczeldir.Hepsi \u00e7ok g\u00fczeldir. Hele de bu tatl\u0131 renkler, g\u00fczel \u015feyleri anlat\u0131nca \u00e7ok daha cezbedicidir. \u0130man g\u00fczeldir, ahlak g\u00fczeldir, ibadet g\u00fczeldir. Kur\u2019an-\u0131 Kerim\u2019in reng\u00e2renk d\u00fcnyas\u0131 g\u00fczeldir. Peygamberimizin hayat\u0131, elvan renktir ve g\u00fczeldir.\u201cRenklerle G\u00fczel Dinim\u201d boyama kitaplar\u0131nda \u00e7ocuklarla beraber hem g\u00fczel bilgiler edinmeyi hem de renklerin d\u00fcnyas\u0131na dalmay\u0131 istedik. Bir taraftan \u201cTemel Dini Bilgileri\u201d tan\u0131tmak bir taraftan da bunu renklerle bulu\u015fturmay\u0131 ama\u00e7lad\u0131k.Bakal\u0131m bu g\u00fczel d\u00fcnyada \u00e7ocuklarla dola\u015f\u0131rken hangi renkler \u00e7\u0131kacak kar\u015f\u0131n\u0131za?Renkler g\u00fczeldir, bilgi edinmek g\u00fczeldir; hele de \u201cdinimiz\u201d \u00e7ok, \u00e7ok g\u00fczeldir.<\/p>\n","protected":false},"excerpt":{"rendered":"<p>Renkler g\u00fczeldir. Sar\u0131, mavi, ye\u015fil, mor g\u00fczeldir. Turuncu, eflatun, kahverengi, k\u0131rm\u0131z\u0131 g\u00fczeldir. Boncuk mavi, su ye\u015fili, tatl\u0131 sar\u0131 g\u00fczeldir.Hepsi \u00e7ok g\u00fczeldir. Hele de bu tatl\u0131 renkler,<span class=\"excerpt-hellip\"> [\u2026]<\/span><\/p>\n","protected":false},"featured_media":0,"template":"","meta":{"_monsterinsights_skip_tracking":false,"_monsterinsights_sitenote_active":false,"_monsterinsights_sitenote_note":"","_monsterinsights_sitenote_category":0},"product_brand":[],"product_cat":[12644,12274],"product_tag":[],"class_list":{"0":"post-735264","1":"product","2":"type-product","3":"status-publish","5":"product_cat-boyama-kitaplari","6":"product_cat-cocuk-ve-genclik-kitaplari","7":"pa_cilt-ciltsiz","8":"pa_tur-kitap","9":"pa_yayinevi-timas-cocuk","10":"pa_yazar-asuman-kilic","12":"first","13":"instock","14":"sale","15":"shipping-taxable","16":"purchasable","17":"product-type-simple"},"_links":{"self":[{"href":"https:\/\/roveyayinevi.com.tr\/index.php\/wp-json\/wp\/v2\/product\/735264","targetHints":{"allow":["GET"]}}],"collection":[{"href":"https:\/\/roveyayinevi.com.tr\/index.php\/wp-json\/wp\/v2\/product"}],"about":[{"href":"https:\/\/roveyayinevi.com.tr\/index.php\/wp-json\/wp\/v2\/types\/product"}],"wp:attachment":[{"href":"https:\/\/roveyayinevi.com.tr\/index.php\/wp-json\/wp\/v2\/media?parent=735264"}],"wp:term":[{"taxonomy":"product_brand","embeddable":true,"href":"https:\/\/roveyayinevi.com.tr\/index.php\/wp-json\/wp\/v2\/product_brand?post=735264"},{"taxonomy":"product_cat","embeddable":true,"href":"https:\/\/roveyayinevi.com.tr\/index.php\/wp-json\/wp\/v2\/product_cat?post=735264"},{"taxonomy":"product_tag","embeddable":true,"href":"https:\/\/roveyayinevi.com.tr\/index.php\/wp-json\/wp\/v2\/product_tag?post=735264"}],"curies":[{"name":"wp","href":"https:\/\/api.w.org\/{rel}","templated":true}]}}