{"id":735262,"date":"2025-08-27T22:44:46","date_gmt":"2025-08-27T19:44:46","guid":{"rendered":"https:\/\/roveyayinevi.com.tr\/index.php\/urun\/esrarengiz-adaya-yolculuk-levent-iz-pesinde-6\/"},"modified":"2026-04-16T02:43:38","modified_gmt":"2026-04-15T23:43:38","slug":"esrarengiz-adaya-yolculuk-levent-iz-pesinde-6","status":"publish","type":"product","link":"https:\/\/roveyayinevi.com.tr\/index.php\/urun\/esrarengiz-adaya-yolculuk-levent-iz-pesinde-6\/","title":{"rendered":"Esrarengiz Adaya Yolculuk &#8211; Levent \u0130z Pe\u015finde 6"},"content":{"rendered":"<p>Adada \u00e7i\u011f k\u00f6fteci bulamad\u0131\u011f\u0131 i\u00e7in surat asan K\u00e2mil, bal\u0131k tutmaya karar verir. K\u0131sa zamanda buldu\u011fu tekneyle tayfay\u0131 da geziye \u00e7\u0131kar\u0131r. Tayfa, ufak bir aday\u0131 ke\u015ffederken hi\u00e7 beklemedikleri bir \u015feyle kar\u015f\u0131la\u015f\u0131r: \u00d6l\u00fc bal\u0131klar\u2026 Bu \u00e7evre felaketine kimin sebep oldu\u011funu bulmaya \u00e7al\u0131\u015fan tayfa, k\u00f6t\u00fc adamlar\u0131n pe\u015fine d\u00fc\u015ft\u00fc.Acaba Levent ve tayfas\u0131, hem \u00e7evre felaketini \u00f6nleyecek hem de k\u00f6t\u00fc adamlar\u0131 yakalayabilecekler midir?Komik, saf, deli dolu Levent\u2019in, haylaz karde\u015fi ve muz\u0131r s\u0131n\u0131f arkada\u015flar\u0131yla birlikte \u201c\u0130z Pe\u015finde\u201d ko\u015ftu\u011fu, k\u0131l\u0131ktan k\u0131l\u0131\u011fa girip her zamanki gibi ba\u015f\u0131na t\u00fcrl\u00fc i\u015fler a\u00e7t\u0131\u011f\u0131 bu maceraya bay\u0131lacaks\u0131n\u0131z<\/p>\n","protected":false},"excerpt":{"rendered":"<p>Adada \u00e7i\u011f k\u00f6fteci bulamad\u0131\u011f\u0131 i\u00e7in surat asan K\u00e2mil, bal\u0131k tutmaya karar verir. K\u0131sa zamanda buldu\u011fu tekneyle tayfay\u0131 da geziye \u00e7\u0131kar\u0131r. Tayfa, ufak bir aday\u0131 ke\u015ffederken hi\u00e7<span class=\"excerpt-hellip\"> [\u2026]<\/span><\/p>\n","protected":false},"featured_media":0,"template":"","meta":{"_monsterinsights_skip_tracking":false,"_monsterinsights_sitenote_active":false,"_monsterinsights_sitenote_note":"","_monsterinsights_sitenote_category":0},"product_brand":[],"product_cat":[12274,12284],"product_tag":[],"class_list":{"0":"post-735262","1":"product","2":"type-product","3":"status-publish","5":"product_cat-cocuk-ve-genclik-kitaplari","6":"product_cat-hikayeler","7":"pa_cilt-ciltsiz","8":"pa_tur-kitap","9":"pa_yayinevi-timas-cocuk","10":"pa_yazar-mustafa-orakci","12":"first","13":"instock","14":"sale","15":"shipping-taxable","16":"purchasable","17":"product-type-simple"},"_links":{"self":[{"href":"https:\/\/roveyayinevi.com.tr\/index.php\/wp-json\/wp\/v2\/product\/735262","targetHints":{"allow":["GET"]}}],"collection":[{"href":"https:\/\/roveyayinevi.com.tr\/index.php\/wp-json\/wp\/v2\/product"}],"about":[{"href":"https:\/\/roveyayinevi.com.tr\/index.php\/wp-json\/wp\/v2\/types\/product"}],"wp:attachment":[{"href":"https:\/\/roveyayinevi.com.tr\/index.php\/wp-json\/wp\/v2\/media?parent=735262"}],"wp:term":[{"taxonomy":"product_brand","embeddable":true,"href":"https:\/\/roveyayinevi.com.tr\/index.php\/wp-json\/wp\/v2\/product_brand?post=735262"},{"taxonomy":"product_cat","embeddable":true,"href":"https:\/\/roveyayinevi.com.tr\/index.php\/wp-json\/wp\/v2\/product_cat?post=735262"},{"taxonomy":"product_tag","embeddable":true,"href":"https:\/\/roveyayinevi.com.tr\/index.php\/wp-json\/wp\/v2\/product_tag?post=735262"}],"curies":[{"name":"wp","href":"https:\/\/api.w.org\/{rel}","templated":true}]}}