{"id":735261,"date":"2025-08-27T22:44:45","date_gmt":"2025-08-27T19:44:45","guid":{"rendered":"https:\/\/roveyayinevi.com.tr\/index.php\/urun\/yeterince-iyi-ebeveyn-olmak\/"},"modified":"2026-04-16T02:43:38","modified_gmt":"2026-04-15T23:43:38","slug":"yeterince-iyi-ebeveyn-olmak","status":"publish","type":"product","link":"https:\/\/roveyayinevi.com.tr\/index.php\/urun\/yeterince-iyi-ebeveyn-olmak\/","title":{"rendered":"Yeterince \u0130yi Ebeveyn Olmak"},"content":{"rendered":"<p>Her \u00e7ocuk, kendine has potansiyeliyle d\u00fcnyaya gelir ve bu potansiyel ancak yeterince uygun bir ortam buldu\u011funda filizlenip ortaya \u00e7\u0131kabilir. Aksi takdirde bu potansiyel \u00e7\u00fcr\u00fcyerek ortaya \u00e7\u0131kma imk\u00e2n\u0131n\u0131 sonsuza dek kaybeder.\u00c7ocuklar\u0131m\u0131za, kendi kimli\u011fini bulup tesis etmesini ve bireyselli\u011fiyle biricikli\u011fini kaybetmeden toplumun aktif, d\u00fc\u015f\u00fcn\u00fcp \u00fcretebilen, sevip oynayabilen bir \u00fcyesi olmas\u0131na imk\u00e2n tan\u0131yacak bir \u00e7evre verebilmek en b\u00fcy\u00fck toplumsal g\u00f6revimiz.Do\u00e7. Dr. Veysi \u00c7eri, Yeterince \u0130yi Ebeveyn Olmak kitab\u0131nda hem mesleki prati\u011finden hem de yapt\u0131\u011f\u0131 ara\u015ft\u0131rma ve g\u00f6zlemlerden yola \u00e7\u0131karak \u201cyeterince iyi bak\u0131m\u201d tarz\u0131n\u0131 ve \u00e7ocuklar i\u00e7in ideal ortam\u0131 ortaya koyuyor. Ebeveynlere modern d\u00fcnyan\u0131n dayatt\u0131\u011f\u0131 m\u00fckemmellik kayg\u0131s\u0131 ve bask\u0131s\u0131 alt\u0131nda ezilmeden, hem kendilerini hem de \u00e7ocuklar\u0131n\u0131 y\u0131pratmayacak ve yeterince iyi bireyler yeti\u015ftirmelerini sa\u011flayacak yollar\u0131 g\u00f6steriyor.<\/p>\n","protected":false},"excerpt":{"rendered":"<p>Her \u00e7ocuk, kendine has potansiyeliyle d\u00fcnyaya gelir ve bu potansiyel ancak yeterince uygun bir ortam buldu\u011funda filizlenip ortaya \u00e7\u0131kabilir. Aksi takdirde bu potansiyel \u00e7\u00fcr\u00fcyerek ortaya \u00e7\u0131kma<span class=\"excerpt-hellip\"> [\u2026]<\/span><\/p>\n","protected":false},"featured_media":0,"template":"","meta":{"_monsterinsights_skip_tracking":false,"_monsterinsights_sitenote_active":false,"_monsterinsights_sitenote_note":"","_monsterinsights_sitenote_category":0},"product_brand":[],"product_cat":[12831,12324],"product_tag":[],"class_list":{"0":"post-735261","1":"product","2":"type-product","3":"status-publish","5":"product_cat-aile-ve-cocuk","6":"product_cat-sosyoloji","7":"pa_cilt-ciltsiz","8":"pa_tur-kitap","9":"pa_yayinevi-timas-yayinlari","10":"pa_yazar-veysi-ceri","12":"first","13":"instock","14":"sale","15":"shipping-taxable","16":"purchasable","17":"product-type-simple"},"_links":{"self":[{"href":"https:\/\/roveyayinevi.com.tr\/index.php\/wp-json\/wp\/v2\/product\/735261","targetHints":{"allow":["GET"]}}],"collection":[{"href":"https:\/\/roveyayinevi.com.tr\/index.php\/wp-json\/wp\/v2\/product"}],"about":[{"href":"https:\/\/roveyayinevi.com.tr\/index.php\/wp-json\/wp\/v2\/types\/product"}],"wp:attachment":[{"href":"https:\/\/roveyayinevi.com.tr\/index.php\/wp-json\/wp\/v2\/media?parent=735261"}],"wp:term":[{"taxonomy":"product_brand","embeddable":true,"href":"https:\/\/roveyayinevi.com.tr\/index.php\/wp-json\/wp\/v2\/product_brand?post=735261"},{"taxonomy":"product_cat","embeddable":true,"href":"https:\/\/roveyayinevi.com.tr\/index.php\/wp-json\/wp\/v2\/product_cat?post=735261"},{"taxonomy":"product_tag","embeddable":true,"href":"https:\/\/roveyayinevi.com.tr\/index.php\/wp-json\/wp\/v2\/product_tag?post=735261"}],"curies":[{"name":"wp","href":"https:\/\/api.w.org\/{rel}","templated":true}]}}