{"id":735256,"date":"2025-08-27T22:44:40","date_gmt":"2025-08-27T19:44:40","guid":{"rendered":"https:\/\/roveyayinevi.com.tr\/index.php\/urun\/hamam-mi-tamam-mi-ucuk-ailemle-kacik-maceralar\/"},"modified":"2026-04-16T02:43:38","modified_gmt":"2026-04-15T23:43:38","slug":"hamam-mi-tamam-mi-ucuk-ailemle-kacik-maceralar","status":"publish","type":"product","link":"https:\/\/roveyayinevi.com.tr\/index.php\/urun\/hamam-mi-tamam-mi-ucuk-ailemle-kacik-maceralar\/","title":{"rendered":"Hamam m\u0131? Tamam m\u0131? &#8211; U\u00e7uk Ailemle Ka\u00e7\u0131k Maceralar"},"content":{"rendered":"<p>Tam hayat\u0131m\u0131zda her \u015fey normalle\u015fti derken yine bir \u015fey oldu\u2026 K\u0131rk d\u00f6rt y\u0131l \u00f6nce dedeme g\u00f6nderilmi\u015f bir mektup ve i\u00e7inden \u00e7\u0131kan garip bir harita ortal\u0131\u011f\u0131 kar\u0131\u015ft\u0131r\u0131verdi. \u00dcstelik bu kez i\u015fin ucunda \u00e7il \u00e7il alt\u0131nla dolu bir define olabilirdi. Dedem heyecandan belindeki f\u0131t\u0131k a\u011fr\u0131s\u0131n\u0131 bile unuttu. Babam hemen bir k\u00fcp\u00fcn i\u00e7ine ka\u00e7 alt\u0131n s\u0131\u011faca\u011f\u0131n\u0131 hesaplamaya ba\u015flad\u0131. Day\u0131m cep telefonundan yol tarifine bakt\u0131. Annemse her panik durumunda yapt\u0131\u011f\u0131 gibi mutfa\u011fa gidip \u00e7ay koydu. Ertesi g\u00fcn ailecek arabaya dolu\u015fmu\u015f, s\u0131k\u0131\u015f tepi\u015f bir vaziyette dedemin k\u00f6y\u00fcne do\u011fru yola koyulmu\u015ftuk bile. Ellerimizde kazma, k\u00fcreklerle define arad\u0131\u011f\u0131m\u0131z\u0131 d\u00fc\u015f\u00fcnd\u00fck\u00e7e acayip g\u00fclesim geliyordu. Ama k\u00f6ye var\u0131p da define arayaca\u011f\u0131m\u0131z arsan\u0131n \u00fczerine bir hamam kurulmu\u015f oldu\u011funu g\u00f6r\u00fcnce\u2026 \u0130\u015fte, as\u0131l olanlar o zaman oldu.<\/p>\n","protected":false},"excerpt":{"rendered":"<p>Tam hayat\u0131m\u0131zda her \u015fey normalle\u015fti derken yine bir \u015fey oldu\u2026 K\u0131rk d\u00f6rt y\u0131l \u00f6nce dedeme g\u00f6nderilmi\u015f bir mektup ve i\u00e7inden \u00e7\u0131kan garip bir harita ortal\u0131\u011f\u0131 kar\u0131\u015ft\u0131r\u0131verdi.<span class=\"excerpt-hellip\"> [\u2026]<\/span><\/p>\n","protected":false},"featured_media":0,"template":"","meta":{"_monsterinsights_skip_tracking":false,"_monsterinsights_sitenote_active":false,"_monsterinsights_sitenote_note":"","_monsterinsights_sitenote_category":0},"product_brand":[],"product_cat":[12275,12274],"product_tag":[],"class_list":{"0":"post-735256","1":"product","2":"type-product","3":"status-publish","5":"product_cat-6-12-yas-kitaplari","6":"product_cat-cocuk-ve-genclik-kitaplari","7":"pa_cilt-ciltsiz","8":"pa_tur-kitap","9":"pa_yayinevi-carpe-diem-kitaplari","10":"pa_yazar-salih-uyan","12":"first","13":"instock","14":"sale","15":"shipping-taxable","16":"purchasable","17":"product-type-simple"},"_links":{"self":[{"href":"https:\/\/roveyayinevi.com.tr\/index.php\/wp-json\/wp\/v2\/product\/735256","targetHints":{"allow":["GET"]}}],"collection":[{"href":"https:\/\/roveyayinevi.com.tr\/index.php\/wp-json\/wp\/v2\/product"}],"about":[{"href":"https:\/\/roveyayinevi.com.tr\/index.php\/wp-json\/wp\/v2\/types\/product"}],"wp:attachment":[{"href":"https:\/\/roveyayinevi.com.tr\/index.php\/wp-json\/wp\/v2\/media?parent=735256"}],"wp:term":[{"taxonomy":"product_brand","embeddable":true,"href":"https:\/\/roveyayinevi.com.tr\/index.php\/wp-json\/wp\/v2\/product_brand?post=735256"},{"taxonomy":"product_cat","embeddable":true,"href":"https:\/\/roveyayinevi.com.tr\/index.php\/wp-json\/wp\/v2\/product_cat?post=735256"},{"taxonomy":"product_tag","embeddable":true,"href":"https:\/\/roveyayinevi.com.tr\/index.php\/wp-json\/wp\/v2\/product_tag?post=735256"}],"curies":[{"name":"wp","href":"https:\/\/api.w.org\/{rel}","templated":true}]}}